{"id":11283,"date":"2019-05-24T09:27:03","date_gmt":"2019-05-24T07:27:03","guid":{"rendered":"http:\/\/ksiegarnia-akademicka.pl\/?post_type=product&#038;p=11283"},"modified":"2019-05-24T09:27:04","modified_gmt":"2019-05-24T07:27:04","slug":"nadzor-nad-sektorem-bankowym-w-polsce-w-swietle-zmian-na-globalnym-rynku-finansowym","status":"publish","type":"product","link":"https:\/\/ksiegarnia-akademicka.pl\/index.php\/product\/nadzor-nad-sektorem-bankowym-w-polsce-w-swietle-zmian-na-globalnym-rynku-finansowym\/","title":{"rendered":"Nadz\u00f3r nad sektorem bankowym w Polsce w \u015bwietle zmian na globalnym rynku finansowym"},"content":{"rendered":"<p>Autor:<br \/>\nPiotr \u0141asak<br \/>\nWydawca: Wydawnictwo Uniwersytetu Jagiello\u0144skiego<br \/>\nOprawa: Mi\u0119kka<br \/>\nFormat: 16.0&#215;23.5cm<br \/>\nLiczba stron: 346<br \/>\nRok wydania: 2019<br \/>\nJ\u0119zyk wydania: polski<\/p>\n<p>Problem regulacji i nadzoru rynk\u00f3w finansowych nale\u017cy do istotnych zagadnie\u0144 ekonomicznych, kt\u00f3rymi zajmowano si\u0119 na mi\u0119dzynarodowym szczeblu po kryzysie finansowym lat 2007\u20132009. Podj\u0119te dzia\u0142ania, zmierzaj\u0105ce do budowy ponadnarodowej architektury finansowej oraz zapewnienia bezpiecze\u0144stwa rynk\u00f3w finansowych, odcisn\u0119\u0142y mocne pi\u0119tno w wielu dziedzinach i na r\u00f3\u017cnych poziomach. W konsekwencji r\u00f3wnie\u017c w Polsce powr\u00f3ci\u0142a koncepcja reformy nadzoru nad rynkiem finansowym, a w szczeg\u00f3lno\u015bci nad sektorem bankowym. Niniejsze opracowanie wpisuje si\u0119 w t\u0119 problematyk\u0119. Celem monografii jest poszukiwanie takiej struktury i lokalizacji nadzoru nad sektorem bankowym, kt\u00f3re mog\u0105 zapewni\u0107 najwi\u0119ksz\u0105 skuteczno\u015b\u0107 tego nadzoru. Publikacja \u0142\u0105czy rozwa\u017cania teoretyczne z badaniami empirycznymi, a jej najwa\u017cniejszym elementem jest konstrukcja i zastosowanie modelu decyzyjnego, s\u0142u\u017c\u0105cego do wyboru najbardziej skutecznego modelu nadzoru nad sektorem bankowym w Polsce.<\/p>\n<p>\u201eTrafnie wybrano tematyk\u0119 monografii problemowej. Instytucjonalny kszta\u0142t nadzoru nad sektorem bankowym jest przedmiotem szerokiej debaty. Du\u017ce zr\u00f3\u017cnicowanie praktyki i spory teoretyczne powoduj\u0105, \u017ce kwestia wyboru modelu nadzoru finansowego jest aktualna i wa\u017cna. Nasze krajowe rozwi\u0105zania by\u0142y w znacznym stopniu wzorowane na tym, co si\u0119 dzia\u0142o w Banku Anglii. W sytuacji kiedy w Wielkiej Brytanii zmieniono model nadzoru finansowego, pojawi\u0142o si\u0119 pytanie o to, czy my nie powinni\u015bmy zrobi\u0107 tego samego\u201d.<br \/>\nZ recenzji prof. dra hab. Jana K. Solarza, Spo\u0142eczna Akademia Nauk<\/p>\n<p>\u201ePraca ta jest jedn\u0105 z nielicznych w polskiej literaturze przedmiotu, kt\u00f3re ujmuj\u0105 w spos\u00f3b kompleksowy zagadnienia nadzoru nad sektorem bankowym w \u015bwietle zmian na globalnym rynku. Walory naukowe opracowania podnosi w\u0142a\u015bciwa poprawno\u015b\u0107 wnioskowania oraz wszechstronna argumentacja tez. Tre\u015b\u0107 monografii zosta\u0142a mocno osadzona w literaturze przedmiotu bada\u0144, co w po\u0142\u0105czeniu z wykorzystaniem w\u0142asnej wiedzy i do\u015bwiadcze\u0144 Autora oraz uzyskanymi wynikami bada\u0144 sprawia, \u017ce przedstawione rozwi\u0105zania, wnioski i pomys\u0142y s\u0105 przekonuj\u0105ce i nie budz\u0105 w\u0105tpliwo\u015bci\u201d.<br \/>\nZ recenzji dra hab. in\u017c. Wiktora Adamusa, prof. Uniwersytetu Jagiello\u0144skiego<\/p>\n<p>\u201eW kontek\u015bcie rozwoju dyscypliny finans\u00f3w w Polsce oraz sytuacji polskiego sektora bankowego monografia odwo\u0142uje si\u0119 do niezwykle aktualnego problemu. Zagadnienie to nabiera znaczenia zw\u0142aszcza obecnie, kiedy pojawiaj\u0105 si\u0119 pierwsze opinie o niepokoj\u0105cych tendencjach i zagro\u017ceniach stabilno\u015bci polskich bank\u00f3w\u201d.<br \/>\nZ recenzji dra hab. Lecha Kurkli\u0144skiego, prof. Szko\u0142y G\u0142\u00f3wnej Handlowej w Warszawie<\/p>\n<p>Piotr \u0141asak jest doktorem nauk ekonomicznych i zajmuje si\u0119 tematyk\u0105 finans\u00f3w oraz ekonomi\u0105 mi\u0119dzynarodow\u0105. Od roku 2008 jest pracownikiem w Instytucie Ekonomii, Finans\u00f3w i Zarz\u0105dzania Uniwersytetu Jagiello\u0144skiego. Swoje zainteresowania badawcze koncentruje na problematyce finans\u00f3w mi\u0119dzynarodowych, w tym w szczeg\u00f3lno\u015bci na regulacjach i nadzorze rynk\u00f3w finansowych, mechanizmach powstawania kryzys\u00f3w finansowych oraz rozwoju systemu shadow banking.<\/p>\n","protected":false},"excerpt":{"rendered":"<p>Autor: Piotr \u0141asak Wydawca: Wydawnictwo Uniwersytetu Jagiello\u0144skiego Oprawa: Mi\u0119kka Format: [&hellip;]<\/p>\n","protected":false},"featured_media":11284,"template":"","meta":[],"product_brand":[],"product_cat":[20,7503,7504],"product_tag":[411,4606,3272],"class_list":{"0":"post-11283","1":"product","2":"type-product","3":"status-publish","4":"has-post-thumbnail","6":"product_cat-bankowosc","7":"product_cat-bankowosc-i-prawo-bankowe","8":"product_cat-rynek-pieniezny-i-kapitalowy","9":"product_tag-bankowosc","10":"product_tag-nadzor-finansowy","11":"product_tag-rynki-finansowe","13":"first","14":"instock","15":"sale","16":"shipping-taxable","17":"purchasable","18":"product-type-simple"},"_links":{"self":[{"href":"https:\/\/ksiegarnia-akademicka.pl\/index.php\/wp-json\/wp\/v2\/product\/11283","targetHints":{"allow":["GET"]}}],"collection":[{"href":"https:\/\/ksiegarnia-akademicka.pl\/index.php\/wp-json\/wp\/v2\/product"}],"about":[{"href":"https:\/\/ksiegarnia-akademicka.pl\/index.php\/wp-json\/wp\/v2\/types\/product"}],"wp:featuredmedia":[{"embeddable":true,"href":"https:\/\/ksiegarnia-akademicka.pl\/index.php\/wp-json\/wp\/v2\/media\/11284"}],"wp:attachment":[{"href":"https:\/\/ksiegarnia-akademicka.pl\/index.php\/wp-json\/wp\/v2\/media?parent=11283"}],"wp:term":[{"taxonomy":"product_brand","embeddable":true,"href":"https:\/\/ksiegarnia-akademicka.pl\/index.php\/wp-json\/wp\/v2\/product_brand?post=11283"},{"taxonomy":"product_cat","embeddable":true,"href":"https:\/\/ksiegarnia-akademicka.pl\/index.php\/wp-json\/wp\/v2\/product_cat?post=11283"},{"taxonomy":"product_tag","embeddable":true,"href":"https:\/\/ksiegarnia-akademicka.pl\/index.php\/wp-json\/wp\/v2\/product_tag?post=11283"}],"curies":[{"name":"wp","href":"https:\/\/api.w.org\/{rel}","templated":true}]}}