{"id":11279,"date":"2019-05-21T11:02:30","date_gmt":"2019-05-21T09:02:30","guid":{"rendered":"http:\/\/ksiegarnia-akademicka.pl\/?post_type=product&#038;p=11279"},"modified":"2019-05-21T11:02:30","modified_gmt":"2019-05-21T09:02:30","slug":"testy-do-policji-2019-test-psychologiczny","status":"publish","type":"product","link":"https:\/\/ksiegarnia-akademicka.pl\/index.php\/product\/testy-do-policji-2019-test-psychologiczny\/","title":{"rendered":"Testy do Policji 2019 Test psychologiczny"},"content":{"rendered":"<p>Autor:<br \/>\nPatrycja Kowalewska<br \/>\nWydawca: Oficyna24.pl<br \/>\nOprawa: Mi\u0119kka<br \/>\nLiczba stron: 160<br \/>\nRok wydania: 2019<br \/>\nJ\u0119zyk wydania: polski<\/p>\n<p>Testy do Policji 2019 Test psychologiczny to profesjonalnie opracowany podr\u0119cznik dla kandydat\u00f3w do s\u0142u\u017cby w Policji, kt\u00f3rego celem jest przygotowanie kandydata do testu psychologicznego multiselect.<\/p>\n<p>Ca\u0142o\u015b\u0107 materia\u0142u znajduj\u0105cego si\u0119 w poradniku zapewni kompleksowe przygotowanie do tego najtrudniejszego z etap\u00f3w rekrutacji, podczas kt\u00f3rego odpada najwi\u0119ksza liczba zdaj\u0105cych.<\/p>\n<p>W ksi\u0105\u017cce znajdziesz now\u0105 baz\u0119 z pytaniami do multiselectu wraz z sugestiami do przygotowania w\u0142asnych indywidualnych odpowiedzi. Przyk\u0142adowe zadania egzaminacyjne, zadania z sze\u015bcianami i matrycami wraz z rozwi\u0105zaniami. Opr\u00f3cz tego w ksi\u0105\u017cce znajdziesz porady pomocne w radzeniu sobie ze stresem egzaminacyjnym, poznasz metody szybkiego przyswajania i zapami\u0119tywania informacji wraz z zasadami funkcjonowania pami\u0119ci.<\/p>\n<p>Zapami\u0119taj, \u017ce tylko perfekcyjne przygotowanie zagwarantuje pozytywne przej\u015bcie rekrutacji zako\u0144czone przyj\u0119ciem do wymarzonej s\u0142u\u017cby. Kup ksi\u0105\u017ck\u0119 i zdaj testy lepiej od innych!<\/p>\n","protected":false},"excerpt":{"rendered":"<p>Autor: Patrycja Kowalewska Wydawca: Oficyna24.pl Oprawa: Mi\u0119kka Liczba stron: 160 [&hellip;]<\/p>\n","protected":false},"featured_media":11280,"template":"","meta":[],"product_brand":[],"product_cat":[7492,7490,18],"product_tag":[3809,4231,294],"class_list":{"0":"post-11279","1":"product","2":"type-product","3":"status-publish","4":"has-post-thumbnail","6":"product_cat-administracyjne","7":"product_cat-karne","8":"product_cat-prawo","9":"product_tag-bezpieczenstwo-wewnetrzne","10":"product_tag-policja","11":"product_tag-testy","13":"first","14":"instock","15":"sale","16":"shipping-taxable","17":"purchasable","18":"product-type-simple"},"_links":{"self":[{"href":"https:\/\/ksiegarnia-akademicka.pl\/index.php\/wp-json\/wp\/v2\/product\/11279","targetHints":{"allow":["GET"]}}],"collection":[{"href":"https:\/\/ksiegarnia-akademicka.pl\/index.php\/wp-json\/wp\/v2\/product"}],"about":[{"href":"https:\/\/ksiegarnia-akademicka.pl\/index.php\/wp-json\/wp\/v2\/types\/product"}],"wp:featuredmedia":[{"embeddable":true,"href":"https:\/\/ksiegarnia-akademicka.pl\/index.php\/wp-json\/wp\/v2\/media\/11280"}],"wp:attachment":[{"href":"https:\/\/ksiegarnia-akademicka.pl\/index.php\/wp-json\/wp\/v2\/media?parent=11279"}],"wp:term":[{"taxonomy":"product_brand","embeddable":true,"href":"https:\/\/ksiegarnia-akademicka.pl\/index.php\/wp-json\/wp\/v2\/product_brand?post=11279"},{"taxonomy":"product_cat","embeddable":true,"href":"https:\/\/ksiegarnia-akademicka.pl\/index.php\/wp-json\/wp\/v2\/product_cat?post=11279"},{"taxonomy":"product_tag","embeddable":true,"href":"https:\/\/ksiegarnia-akademicka.pl\/index.php\/wp-json\/wp\/v2\/product_tag?post=11279"}],"curies":[{"name":"wp","href":"https:\/\/api.w.org\/{rel}","templated":true}]}}