{"id":11227,"date":"2019-05-18T10:59:58","date_gmt":"2019-05-18T08:59:58","guid":{"rendered":"http:\/\/ksiegarnia-akademicka.pl\/?post_type=product&#038;p=11227"},"modified":"2019-05-18T10:59:58","modified_gmt":"2019-05-18T08:59:58","slug":"opieka-dlugoterminowa-nad-osobami-starszymi","status":"publish","type":"product","link":"https:\/\/ksiegarnia-akademicka.pl\/index.php\/product\/opieka-dlugoterminowa-nad-osobami-starszymi\/","title":{"rendered":"Opieka d\u0142ugoterminowa nad osobami starszymi"},"content":{"rendered":"<p>Autor:<br \/>\nRafa\u0142 Iwa\u0144ski<br \/>\nWydawca: CeDeWu<br \/>\nOprawa: Mi\u0119kka<br \/>\nFormat: 16.5&#215;23.5cm<br \/>\nLiczba stron: 224<br \/>\nWydanie: 1<br \/>\nRok wydania: 2016<br \/>\nJ\u0119zyk wydania: polski<\/p>\n<p>Prognozowane post\u0119puj\u0105ce starzenie si\u0119 populacji stawia przed spo\u0142ecze\u0144stwami nowe wyzwania zwi\u0105zane z konieczno\u015bci\u0105 zabezpieczenia opieki nad niesamodzielnymi osobami starszymi, kt\u00f3re wymagaj\u0105 wsparcia i pomocy w wymiarze d\u0142ugoterminowym. Wa\u017cny jest kontekst spo\u0142eczny procesu starzenia si\u0119 populacji, kt\u00f3ry wyra\u017ca si\u0119 w zmianie dominuj\u0105cego modelu rodziny i funkcjonowania gospodarstw domowych. W ksi\u0105\u017cce przedstawione zosta\u0142y r\u00f3\u017cne formy opieki d\u0142ugoterminowej nad niesamodzielnymi osobami starszymi realizowane przez:<br \/>\n\u2022 sektor pomocy spo\u0142ecznej w formie \u015brodowiskowej i stacjonarnej;<br \/>\n\u2022 sektor ochrony zdrowia w formie \u015brodowiskowej i stacjonarnej;<br \/>\n\u2022 opiek\u0119 nieformaln\u0105 (rodzinn\u0105);<br \/>\n\u2022 prywatne plac\u00f3wki opieku\u0144cze.<\/p>\n<p>W monografii scharakteryzowano obecny system opieki nad osobami starszymi oraz opisano r\u00f3\u017cne uj\u0119cia staro\u015bci i proces\u00f3w starzenia w perspektywie:<br \/>\n\u2022 ekonomicznej,<br \/>\n\u2022 spo\u0142ecznej,<br \/>\n\u2022 psychologicznej,<br \/>\n\u2022 medycznej,<br \/>\n\u2022 prawno-socjalnej.<\/p>\n<p>Ksi\u0105\u017cka przeznaczona jest dla wyk\u0142adowc\u00f3w i student\u00f3w, kt\u00f3rzy stykaj\u0105 si\u0119 z problematyk\u0105 starzenia si\u0119 populacji na kierunkach zwi\u0105zanych z polityk\u0105 spo\u0142eczn\u0105, prac\u0105 socjaln\u0105 oraz nauk o zdrowiu, a tak\u017ce pracownik\u00f3w sektora pomocy spo\u0142ecznej i ochrony zdrowia oraz dla os\u00f3b odpowiedzialnych za kreowanie i wdra\u017canie polityki spo\u0142ecznej wobec niesamodzielnych senior\u00f3w.<\/p>\n","protected":false},"excerpt":{"rendered":"<p>Autor: Rafa\u0142 Iwa\u0144ski Wydawca: CeDeWu Oprawa: Mi\u0119kka Format: 16.5&#215;23.5cm Liczba [&hellip;]<\/p>\n","protected":false},"featured_media":11228,"template":"","meta":[],"product_brand":[],"product_cat":[7493,7625],"product_tag":[1498,7215,225,5853,246],"class_list":{"0":"post-11227","1":"product","2":"type-product","3":"status-publish","4":"has-post-thumbnail","6":"product_cat-medycyna","7":"product_cat-nauki-o-zdrowiu","8":"product_tag-fizjoterapia","9":"product_tag-geriatria","10":"product_tag-polityka-spoleczna","11":"product_tag-rehabilitacja","12":"product_tag-socjologia","14":"first","15":"instock","16":"sale","17":"shipping-taxable","18":"purchasable","19":"product-type-simple"},"_links":{"self":[{"href":"https:\/\/ksiegarnia-akademicka.pl\/index.php\/wp-json\/wp\/v2\/product\/11227","targetHints":{"allow":["GET"]}}],"collection":[{"href":"https:\/\/ksiegarnia-akademicka.pl\/index.php\/wp-json\/wp\/v2\/product"}],"about":[{"href":"https:\/\/ksiegarnia-akademicka.pl\/index.php\/wp-json\/wp\/v2\/types\/product"}],"wp:featuredmedia":[{"embeddable":true,"href":"https:\/\/ksiegarnia-akademicka.pl\/index.php\/wp-json\/wp\/v2\/media\/11228"}],"wp:attachment":[{"href":"https:\/\/ksiegarnia-akademicka.pl\/index.php\/wp-json\/wp\/v2\/media?parent=11227"}],"wp:term":[{"taxonomy":"product_brand","embeddable":true,"href":"https:\/\/ksiegarnia-akademicka.pl\/index.php\/wp-json\/wp\/v2\/product_brand?post=11227"},{"taxonomy":"product_cat","embeddable":true,"href":"https:\/\/ksiegarnia-akademicka.pl\/index.php\/wp-json\/wp\/v2\/product_cat?post=11227"},{"taxonomy":"product_tag","embeddable":true,"href":"https:\/\/ksiegarnia-akademicka.pl\/index.php\/wp-json\/wp\/v2\/product_tag?post=11227"}],"curies":[{"name":"wp","href":"https:\/\/api.w.org\/{rel}","templated":true}]}}