{"id":11215,"date":"2019-05-18T09:20:48","date_gmt":"2019-05-18T07:20:48","guid":{"rendered":"http:\/\/ksiegarnia-akademicka.pl\/?post_type=product&#038;p=11215"},"modified":"2020-01-24T14:16:35","modified_gmt":"2020-01-24T13:16:35","slug":"pielegniarstwo-geriatryczne-tytul-oryginalny-leitfaden-altenpflege","status":"publish","type":"product","link":"https:\/\/ksiegarnia-akademicka.pl\/index.php\/product\/pielegniarstwo-geriatryczne-tytul-oryginalny-leitfaden-altenpflege\/","title":{"rendered":"Piel\u0119gniarstwo geriatryczne Tytu\u0142 oryginalny: Leitfaden Altenpflege"},"content":{"rendered":"<p>Redakcja: Motzing Gisela, Schwartz Susanna<br \/>\nT\u0142umacze: Lewandowska Katarzyna, M\u0142ynarczuk-Bia\u0142y Izabela, Zwierzy\u0144ska El\u017cbieta<br \/>\nWydawca: Edra Urban &amp; Partner<br \/>\nOprawa: Mi\u0119kka<br \/>\nFormat: 12.0&#215;18.0cm<br \/>\nLiczba stron: 802<br \/>\nRok wydania: 2012<br \/>\nJ\u0119zyk wydania: polski<\/p>\n<p>W ksi\u0105\u017cce przedstawiono codzienne wyzwania, przed jakimi staj\u0105 opiekunowie ludzi starszych w r\u00f3\u017cnych miejscach, szczeg\u00f3lnie w opiece ambulatoryjnej, szpitalnej i cz\u0119\u015bciowo szpitalnej. Publikacja nie zast\u0119puje podstawowego podr\u0119cznika, oferuje natomiast czytelnikowi w kr\u00f3tkiej i zwi\u0119z\u0142ej formie informacje na temat wa\u017cnych aspekt\u00f3w piel\u0119gnacji, opieki, towarzyszenia i leczenia starszych podopiecznych. Jako dzie\u0142o towarzysz\u0105ce codziennej praktyce zawodowej, adresowana jest g\u0142\u00f3wnie do m\u0142odych kszta\u0142c\u0105cych si\u0119 w tej dziedzinie os\u00f3b, a tak\u017ce do wszystkich pozosta\u0142ych pracuj\u0105cych z osobami starszymi.<\/p>\n","protected":false},"excerpt":{"rendered":"<p>Redakcja: Motzing Gisela, Schwartz Susanna T\u0142umacze: Lewandowska Katarzyna, M\u0142ynarczuk-Bia\u0142y Izabela, [&hellip;]<\/p>\n","protected":false},"featured_media":11216,"template":"","meta":[],"product_brand":[],"product_cat":[7493,7965],"product_tag":[7215,4645],"class_list":{"0":"post-11215","1":"product","2":"type-product","3":"status-publish","4":"has-post-thumbnail","6":"product_cat-medycyna","7":"product_cat-pielegniarstwo","8":"product_tag-geriatria","9":"product_tag-pielegniarstwo","11":"first","12":"instock","13":"sale","14":"shipping-taxable","15":"purchasable","16":"product-type-simple"},"_links":{"self":[{"href":"https:\/\/ksiegarnia-akademicka.pl\/index.php\/wp-json\/wp\/v2\/product\/11215","targetHints":{"allow":["GET"]}}],"collection":[{"href":"https:\/\/ksiegarnia-akademicka.pl\/index.php\/wp-json\/wp\/v2\/product"}],"about":[{"href":"https:\/\/ksiegarnia-akademicka.pl\/index.php\/wp-json\/wp\/v2\/types\/product"}],"wp:featuredmedia":[{"embeddable":true,"href":"https:\/\/ksiegarnia-akademicka.pl\/index.php\/wp-json\/wp\/v2\/media\/11216"}],"wp:attachment":[{"href":"https:\/\/ksiegarnia-akademicka.pl\/index.php\/wp-json\/wp\/v2\/media?parent=11215"}],"wp:term":[{"taxonomy":"product_brand","embeddable":true,"href":"https:\/\/ksiegarnia-akademicka.pl\/index.php\/wp-json\/wp\/v2\/product_brand?post=11215"},{"taxonomy":"product_cat","embeddable":true,"href":"https:\/\/ksiegarnia-akademicka.pl\/index.php\/wp-json\/wp\/v2\/product_cat?post=11215"},{"taxonomy":"product_tag","embeddable":true,"href":"https:\/\/ksiegarnia-akademicka.pl\/index.php\/wp-json\/wp\/v2\/product_tag?post=11215"}],"curies":[{"name":"wp","href":"https:\/\/api.w.org\/{rel}","templated":true}]}}