{"id":11195,"date":"2019-05-16T16:03:20","date_gmt":"2019-05-16T14:03:20","guid":{"rendered":"http:\/\/ksiegarnia-akademicka.pl\/?post_type=product&#038;p=11195"},"modified":"2024-12-04T16:02:47","modified_gmt":"2024-12-04T15:02:47","slug":"ekonomiczny-wymiar-nieruchomosci","status":"publish","type":"product","link":"https:\/\/ksiegarnia-akademicka.pl\/index.php\/product\/ekonomiczny-wymiar-nieruchomosci\/","title":{"rendered":"Ekonomiczny wymiar nieruchomo\u015bci"},"content":{"rendered":"<p>Autor:<br \/>\nEwa Kucharska-Stasiak<br \/>\nWydawca: Wydawnictwo Naukowe PWN<br \/>\nOprawa: Mi\u0119kka<br \/>\nFormat: 16.5&#215;23.5cm<br \/>\nLiczba stron: 460<br \/>\nWydanie: 1<br \/>\nRok wydania: 2019<br \/>\nJ\u0119zyk wydania: polski<\/p>\n<p>Praca prof. Ewy Kucharskiej-Stasiak to kompendium wiedzy o teoretycznych aspektach funkcjonowania rynku nieruchomo\u015bci. Koncepcja publikacji powsta\u0142a na bazie ksi\u0105\u017cki \u201eNieruchomo\u015b\u0107 w gospodarce rynkowej\u201d. Podejmowana w niniejszej pracy problematyka zosta\u0142a zaktualizowana i znacznie pog\u0142\u0119biona w zakresie rozwa\u017ca\u0144 dotycz\u0105cych m. in. nieruchomo\u015bci jako obiektu ekonomicznego, istoty rynku nieruchomo\u015bci, kategorii warto\u015bci nieruchomo\u015bci. Podejmowana w pracy problematyka zosta\u0142a r\u00f3wnie\u017c istotnie poszerzona o nowe obszary rozwa\u017ca\u0144. Niniejsza pozycja stanowi pr\u00f3b\u0119 wieloaspektowego spojrzenia na nieruchomo\u015bci. Ca\u0142o\u015b\u0107 uj\u0119ta jest w pi\u0119tnastu rozdzia\u0142ach.<br \/>\nAutorka:<br \/>\n\u00b7 wyja\u015bnia specyfik\u0119 nieruchomo\u015bci jako obiektu prawnego i jako towaru,<br \/>\n\u00b7 przedstawia rynek nieruchomo\u015bci jako element rynku kapita\u0142owego i migracj\u0119 kapita\u0142u pomi\u0119dzy segmentami tego rynku,<br \/>\n\u00b7 omawia sposoby okre\u015blania warto\u015bci nieruchomo\u015bci w warunkach rynkowych,<br \/>\n\u00b7 analizuje trendy, kt\u00f3rym podlegaj\u0105 rozwini\u0119te rynki nieruchomo\u015bci,<br \/>\n\u00b7 przedstawia syntetyczn\u0105 koncepcj\u0119 rynku nieruchomo\u015bci z uwzgl\u0119dnieniem roli interwencjonizmu pa\u0144stwowego,<br \/>\n\u00b7 prezentuje problematyk\u0119 zarz\u0105dzania nieruchomo\u015bciami,<br \/>\n\u00b7 porusza w\u0105tki z ekonomii i finans\u00f3w behawioralnych,<br \/>\n\u00b7 opisuje spo\u0142eczn\u0105 odpowiedzialno\u015b\u0107 uczestnik\u00f3w rynku nieruchomo\u015bci jako element koncepcji zr\u00f3wnowa\u017conego rozwoju,<br \/>\n\u00b7 omawia mechanizm powstawania b\u0105bli cenowych na rynkach nieruchomo\u015bci,<br \/>\n\u00b7 ukazuje synchronizacj\u0119 cykli rynk\u00f3w nieruchomo\u015bci w skali mi\u0119dzynarodowej.<br \/>\nNowym wymiarem tej pracy, wydaje si\u0119, \u017ce r\u00f3wnie\u017c nowym na rynku wydawniczym, jest problemowe podej\u015bcie do podejmowanej tematyki, ujawnienie obszar\u00f3w, kt\u00f3re wymagaj\u0105 dalszych docieka\u0144 w warstwie teoretycznej i badawczej. Takie podej\u015bcie wytycza dalsze kierunki bada\u0144<br \/>\nPraca ma charakter interdyscyplinarny. Postawione przez Autork\u0119 tezy s\u0105 ilustrowane danymi statystycznymi. W celu u\u0142atwienia przyswajania tre\u015bci ka\u017cdy rozdzia\u0142 jest zako\u0144czony podsumowaniem<br \/>\nKsi\u0105\u017cka zosta\u0142a napisana z my\u015bl\u0105 o studentach kierunk\u00f3w: ekonomia, finanse i bankowo\u015b\u0107, gospodarka przestrzenna, jako podr\u0119cznik do przedmiot\u00f3w: ekonomika rynku nieruchomo\u015bci, rynek nieruchomo\u015bci, zarz\u0105dzanie inwestycjami i nieruchomo\u015bciami, wycena nieruchomo\u015bci, inwestowanie w nieruchomo\u015bci.<br \/>\nProf. dr hab. Ewa Kucharska-Stasiak jest kierownikiem Katedry Inwestycji i Nieruchomo\u015bci na Wydziale Ekonomiczno-Socjologicznym Uniwersytetu \u0141\u00f3dzkiego.<\/p>\n","protected":false},"excerpt":{"rendered":"<p>Autor: Ewa Kucharska-Stasiak Wydawca: Wydawnictwo Naukowe PWN Oprawa: Mi\u0119kka Format: [&hellip;]<\/p>\n","protected":false},"featured_media":11196,"template":"","meta":[],"product_brand":[],"product_cat":[34],"product_tag":[705,4524],"class_list":{"0":"post-11195","1":"product","2":"type-product","3":"status-publish","4":"has-post-thumbnail","6":"product_cat-nieruchomosci","7":"product_tag-nieruchomosci","8":"product_tag-zarzadzanie-nieruchomosciami","10":"first","11":"instock","12":"sale","13":"shipping-taxable","14":"purchasable","15":"product-type-simple"},"_links":{"self":[{"href":"https:\/\/ksiegarnia-akademicka.pl\/index.php\/wp-json\/wp\/v2\/product\/11195","targetHints":{"allow":["GET"]}}],"collection":[{"href":"https:\/\/ksiegarnia-akademicka.pl\/index.php\/wp-json\/wp\/v2\/product"}],"about":[{"href":"https:\/\/ksiegarnia-akademicka.pl\/index.php\/wp-json\/wp\/v2\/types\/product"}],"wp:featuredmedia":[{"embeddable":true,"href":"https:\/\/ksiegarnia-akademicka.pl\/index.php\/wp-json\/wp\/v2\/media\/11196"}],"wp:attachment":[{"href":"https:\/\/ksiegarnia-akademicka.pl\/index.php\/wp-json\/wp\/v2\/media?parent=11195"}],"wp:term":[{"taxonomy":"product_brand","embeddable":true,"href":"https:\/\/ksiegarnia-akademicka.pl\/index.php\/wp-json\/wp\/v2\/product_brand?post=11195"},{"taxonomy":"product_cat","embeddable":true,"href":"https:\/\/ksiegarnia-akademicka.pl\/index.php\/wp-json\/wp\/v2\/product_cat?post=11195"},{"taxonomy":"product_tag","embeddable":true,"href":"https:\/\/ksiegarnia-akademicka.pl\/index.php\/wp-json\/wp\/v2\/product_tag?post=11195"}],"curies":[{"name":"wp","href":"https:\/\/api.w.org\/{rel}","templated":true}]}}