{"id":11164,"date":"2019-05-16T09:28:58","date_gmt":"2019-05-16T07:28:58","guid":{"rendered":"http:\/\/ksiegarnia-akademicka.pl\/?post_type=product&#038;p=11164"},"modified":"2024-12-04T16:02:56","modified_gmt":"2024-12-04T15:02:56","slug":"gwarancje-prawne-udzialu-mieszkancow-we-wspolzarzadzaniu-gmina","status":"publish","type":"product","link":"https:\/\/ksiegarnia-akademicka.pl\/index.php\/product\/gwarancje-prawne-udzialu-mieszkancow-we-wspolzarzadzaniu-gmina\/","title":{"rendered":"Gwarancje prawne udzia\u0142u mieszka\u0144c\u00f3w we wsp\u00f3\u0142zarz\u0105dzaniu gmin\u0105"},"content":{"rendered":"<p>Pawe\u0142 \u015awital<br \/>\nISBN: 978-83-66017-47-4<br \/>\ne-ISBN: 978-83-66017-48-1<br \/>\nLiczba stron: 336<br \/>\nFormat: B5<br \/>\nOprawa: mi\u0119kka, klejona<br \/>\nRok wydania: 2019<\/p>\n<p>Wykaz skr\u00f3t\u00f3w . . .. . . 7<br \/>\nWprowadzenie . . . . .. . . . . 11<br \/>\nRozdzia\u0142 I: Aksjologiczne, ustrojowe i prawne podstawy udzia\u0142u mieszka\u0144c\u00f3w we wsp\u00f3\u0142zarz\u0105dzaniu gmin\u0105 . . . . . . .. 17<br \/>\nWprowadzenie . . . . . . . . . . . 17<br \/>\n 1. Demokracja jako forma sprawowania w\u0142adzy publicznej . . . . .. . . . 21<br \/>\n1.1. Poj\u0119cie demokracji . . . .. . . . 21<br \/>\n1.2. Rodzaje demokracji . . .. . . . 23<br \/>\n1.2.1. Demokracja bezpo\u015brednia i po\u015brednia (przedstawicielska) . . . . . . . . . 23<br \/>\n1.2.2. Demokracja deliberatywna i partycypacyjna . . . . . . . . . . . . . . 28<br \/>\n2. Zasady kszta\u0142tuj\u0105ce udzia\u0142 obywateli w zarz\u0105dzaniu sprawami publicznymi . . . . . . . 31<br \/>\n2.1. Zasada decentralizacji administracji publicznej . . . .. . . . 31<br \/>\n2.1.1. Poj\u0119cie decentralizacji . . . . . . . . . . . . . . . Gwarancje prawne udzia\u0142u mieszka\u0144c\u00f3w we wsp\u00f3\u0142zarz\u0105dzaniu gmin\u0105 4<br \/>\n Rozdzia\u0142 II: Partycypacja spo\u0142eczna jako istotna konstrukcja prawna wsp\u00f3\u0142zarz\u0105dzania publicznego . . . . .. . . 77<br \/>\nWprowadzenie . . . .. . . . . . 77<br \/>\n1. Od administrowania do zarz\u0105dzania publicznego . . . .. . . . . 80<br \/>\n2. Nowe modele zarz\u0105dzania publicznego a administracja publiczna . . .. . . 83<br \/>\n2.1. Nowe publiczne zarz\u0105dzanie . . . .. . . 86<br \/>\n2.2. Dobre Zarz\u0105dzanie . . . .. . . . 90<br \/>\n2.3. Zarz\u0105dzanie sieciowe . . . . .. . 97<br \/>\n2.4. Zarz\u0105dzanie wielopoziomowe . . 102<br \/>\n2.5. Neoweberyzm . . . . .. . 105<br \/>\n3. Partycypacja spo\u0142eczna . . .. . 108<br \/>\n3.1. Poj\u0119cie partycypacji . . .. . . 108<br \/>\n3.2. Rodzaje partycypacji . . . .. . 113<br \/>\nPodsumowanie . . . .. . . . 119<br \/>\nRozdzia\u0142 III: Odpowiedzialno\u015b\u0107 mieszka\u0144c\u00f3w za dobro wsp\u00f3lnoty samorz\u0105dowej . .121<br \/>\nWprowadzenie . . . . . . . .. . . 121<br \/>\n1. Poj\u0119cie odpowiedzialno\u015bci . . . . . .. . . . . 122<br \/>\n2. Poj\u0119cie dobra wsp\u00f3lnego . . . . .. . 129<br \/>\n2.1. Dobro wsp\u00f3lnoty samorz\u0105dowej jako czynnik determinuj\u0105cy dzia\u0142ania mieszka\u0144c\u00f3w gminy .. 134<br \/>\n2.2. Wsp\u00f3lnota samorz\u0105dowa jako pierwotny podmiot w\u0142adzy w gminie . . . . 139<br \/>\n2.3. Dobro wsp\u00f3lne a dobro wsp\u00f3lnoty samorz\u0105dowej . . . . . . . . . . . . 146<br \/>\n3. Realizacja dobra wsp\u00f3lnoty samorz\u0105dowej przez mieszka\u0144c\u00f3w gminy . . . . . . . . . 150 Podsumowanie . . . . . . . . . . . . . . . . . . . . . . . . . . . . . . . . . . . . . . . . . . . 158<br \/>\nRozdzia\u0142 IV: Prawne formy partycypacji spo\u0142ecznej we wsp\u00f3\u0142zarz\u0105dzaniu publicznym . . . . .161<br \/>\nWprowadzenie . . .. . . 161<br \/>\n1. Instytucjonalne formy partycypacji obywatelskiej . .. .. . 162<br \/>\n1.1. Dialog spo\u0142eczny . . . .. . 162<br \/>\n1.2. Rady i komitety opiniodawczo-doradcze powo\u0142ywane przy organach administracji publicznej  165<br \/>\n2. Proceduralne formy partycypacji spo\u0142ecznej . . .. . . 168<br \/>\n2.1. Referendum lokalne . . . .. . 168<br \/>\n2.2. Konsultacje spo\u0142eczne . . . .. . . 180<br \/>\n2.3. Inicjatywa uchwa\u0142odawcza . . . . .. . . . 193<br \/>\n2.4. Bud\u017cet partycypacyjny (obywatelski) . . .. . 203<br \/>\n2.5. Inicjatywa lokalna . .. . . 211<br \/>\n3. Partycypacja spo\u0142eczna w dzia\u0142aniach samorz\u0105du terytorialnego . . .. . . . . 215<br \/>\n3.1. Uzyskiwanie informacji o dzia\u0142aniach organ\u00f3w gminy i osobach sprawuj\u0105cych funkcje publiczne w gminie . .. . . . . . 218<br \/>\n3.2. Partycypacja spo\u0142eczna w procesie planowania przestrzennego . . . . . . 228<br \/>\nSpis tre\u015bci 5<br \/>\n3.3. Udzia\u0142 obywateli w procesie rewitalizacji . . .. . . . 235<br \/>\n3.4. Partycypacja spo\u0142eczna w ochronie \u015brodowiska . .. . . 242<br \/>\n4. Techniki partycypacji i konsultacji spo\u0142ecznych . . . .. . . . 245<br \/>\n4.1. Techniki partycypacji spo\u0142ecznej . . .. . . . . 246<br \/>\n4.1.1. S\u0105dy obywatelskie . . . .. . . 246<br \/>\n4.1.2. Panel obywatelski . . . . .. . . . . 248<br \/>\n4.1.3. Metoda Charette . . .. . . . . . 249<br \/>\n4.1.4. 21 Century Town Meeting . . . .. . . 250<br \/>\n4.1.5. Kom\u00f3rki planuj\u0105ce . . .. . . . 250<br \/>\n4.1.6. Otwarta przestrze\u0144 (Open Space) . . .. . . 251<br \/>\n4.1.7. Planning for Real (TM) . .. . . 252<br \/>\n4.1.8. Planowanie partycypacyjne . . .. . . . 253<br \/>\n4.1.9. Sonda\u017c deliberatywny . . .. . . 254<br \/>\n4.1.10. Warsztaty przysz\u0142o\u015bciowe . . . .. . . 255<br \/>\n4.2. Techniki konsultacji spo\u0142ecznych . . . .. . . 256<br \/>\n4.2.1. Spacery badawcze . . .. . . 256<br \/>\n4.2.2. Deliberative Mapping . . . .. . . . 257<br \/>\n4.2.3. Democs . . . . .. . . 258<br \/>\n4.2.4. Diagnoza lokalna . . .. . . . 258<br \/>\n4.2.5. Forum lokalne . . . .. . . . . 258<br \/>\n4.2.6. Grupy fokusowe . . .. . . . . 259<br \/>\n4.2.7. Mapa interaktywna . . .. . 259<br \/>\n4.2.8. Punkt konsultacyjny . . .. 260<br \/>\n4.2.9. Warsztaty dialogu spo\u0142ecznego . . .. . 261<br \/>\n4.2.10. Wywiady indywidualne .. . . 262<br \/>\n5. Bariery wdra\u017cania prawnych form partycypacji spo\u0142ecznej . . . 262<br \/>\nZako\u0144czenie . .. . . . .277<br \/>\nWykaz \u017ar\u00f3de\u0142 . . . .. . . .283<br \/>\nAkty prawne . .. . 283<br \/>\nOrzecznictwo . . . .. . 286<br \/>\nOpracowania naukowe . . .. . 290<br \/>\nInne . . .. . . 331<br \/>\nSummary . . . . .. . 333<\/p>\n","protected":false},"excerpt":{"rendered":"<p>Pawe\u0142 \u015awital ISBN: 978-83-66017-47-4 e-ISBN: 978-83-66017-48-1 Liczba stron: 336 Format: [&hellip;]<\/p>\n","protected":false},"featured_media":11165,"template":"","meta":[],"product_brand":[],"product_cat":[7492,18,7494],"product_tag":[4419,7879,485,486,913],"class_list":{"0":"post-11164","1":"product","2":"type-product","3":"status-publish","4":"has-post-thumbnail","6":"product_cat-administracyjne","7":"product_cat-prawo","8":"product_cat-samorzad-terytorialny","9":"product_tag-decentralizacja","10":"product_tag-pojecia-demokracji","11":"product_tag-prawo-administracyjne","12":"product_tag-samorzad-terytorialny","13":"product_tag-spoleczenstwo-obywatelskie","15":"first","16":"instock","17":"shipping-taxable","18":"purchasable","19":"product-type-simple"},"_links":{"self":[{"href":"https:\/\/ksiegarnia-akademicka.pl\/index.php\/wp-json\/wp\/v2\/product\/11164","targetHints":{"allow":["GET"]}}],"collection":[{"href":"https:\/\/ksiegarnia-akademicka.pl\/index.php\/wp-json\/wp\/v2\/product"}],"about":[{"href":"https:\/\/ksiegarnia-akademicka.pl\/index.php\/wp-json\/wp\/v2\/types\/product"}],"wp:featuredmedia":[{"embeddable":true,"href":"https:\/\/ksiegarnia-akademicka.pl\/index.php\/wp-json\/wp\/v2\/media\/11165"}],"wp:attachment":[{"href":"https:\/\/ksiegarnia-akademicka.pl\/index.php\/wp-json\/wp\/v2\/media?parent=11164"}],"wp:term":[{"taxonomy":"product_brand","embeddable":true,"href":"https:\/\/ksiegarnia-akademicka.pl\/index.php\/wp-json\/wp\/v2\/product_brand?post=11164"},{"taxonomy":"product_cat","embeddable":true,"href":"https:\/\/ksiegarnia-akademicka.pl\/index.php\/wp-json\/wp\/v2\/product_cat?post=11164"},{"taxonomy":"product_tag","embeddable":true,"href":"https:\/\/ksiegarnia-akademicka.pl\/index.php\/wp-json\/wp\/v2\/product_tag?post=11164"}],"curies":[{"name":"wp","href":"https:\/\/api.w.org\/{rel}","templated":true}]}}