{"id":11162,"date":"2019-05-15T14:27:24","date_gmt":"2019-05-15T12:27:24","guid":{"rendered":"http:\/\/ksiegarnia-akademicka.pl\/?post_type=product&#038;p=11162"},"modified":"2024-03-04T13:12:50","modified_gmt":"2024-03-04T12:12:50","slug":"biochemia-2","status":"publish","type":"product","link":"https:\/\/ksiegarnia-akademicka.pl\/index.php\/product\/biochemia-2\/","title":{"rendered":"Biochemia Ferrier"},"content":{"rendered":"<p>Autor:<br \/>\nD.R. Ferrier<br \/>\nWydawca: Edra Urban &amp; Partner<br \/>\nOprawa: Mi\u0119kka<br \/>\nFormat: 21.0&#215;27.0cm<br \/>\nLiczba stron: 627<br \/>\nWydanie: 7<br \/>\nRok wydania: 2021<br \/>\nJ\u0119zyk wydania: polski<\/p>\n<p>Biochemia \u2012 Lippincott Illustrated Reviews to pierwsze polskie wydanie bestsellerowego podr\u0119cznika znanego i uznawanego od wielu lat jako pierwsze i najlepsze \u017ar\u00f3d\u0142o informacji.<br \/>\nStudenci i wyk\u0142adowcy na ca\u0142ym \u015bwiecie ceni\u0105 go za niezwykle czyteln\u0105 form\u0119, dzi\u0119ki kt\u00f3rej mo\u017cna szybko odnale\u017a\u0107, zrozumie\u0107 i zapami\u0119ta\u0107 du\u017ce ilo\u015bci istotnych i z\u0142o\u017conych wiadomo\u015bci.<br \/>\nWielk\u0105 warto\u015bci\u0105 dydaktyczn\u0105 s\u0105 niezr\u00f3wnane schematy i ilustracje, kt\u00f3re sprawiaj\u0105, \u017ce nawet najbardziej skomplikowane struktury molekularne i procesy metaboliczne zachodz\u0105ce w organizmie cz\u0142owieka staj\u0105 si\u0119 proste i czytelne.<br \/>\nPodsumowania najwa\u017cniejszych informacji i pytania wraz z odpowiedziami, znajduj\u0105ce si\u0119 na ko\u0144cu ka\u017cdego rozdzia\u0142u, znacznie u\u0142atwiaj\u0105 studentom usystematyzowa\u0107 i sprawdzi\u0107 nabyt\u0105 wiedz\u0119, a umieszczone w za\u0142\u0105czniku om\u00f3wienie przypadk\u00f3w klinicznych pomaga zrozumie\u0107 zastosowanie biochemii w codziennej praktyce klinicznej.<br \/>\nW t\u0142umaczeniu polskiego wydania brali udzia\u0142 wybitni dydaktycy, profesorowie ze wszystkich uniwersytet\u00f3w medycznych w Polsce.<\/p>\n","protected":false},"excerpt":{"rendered":"<p>Autor: D.R. Ferrier Wydawca: Edra Urban &amp; Partner Oprawa: Mi\u0119kka [&hellip;]<\/p>\n","protected":false},"featured_media":11163,"template":"","meta":[],"product_brand":[],"product_cat":[7964,7493],"product_tag":[4806,6220],"class_list":{"0":"post-11162","1":"product","2":"type-product","3":"status-publish","4":"has-post-thumbnail","6":"product_cat-biochemia","7":"product_cat-medycyna","8":"product_tag-biochemia","9":"product_tag-biologia-molekularna","11":"first","12":"instock","13":"sale","14":"shipping-taxable","15":"purchasable","16":"product-type-simple"},"_links":{"self":[{"href":"https:\/\/ksiegarnia-akademicka.pl\/index.php\/wp-json\/wp\/v2\/product\/11162","targetHints":{"allow":["GET"]}}],"collection":[{"href":"https:\/\/ksiegarnia-akademicka.pl\/index.php\/wp-json\/wp\/v2\/product"}],"about":[{"href":"https:\/\/ksiegarnia-akademicka.pl\/index.php\/wp-json\/wp\/v2\/types\/product"}],"wp:featuredmedia":[{"embeddable":true,"href":"https:\/\/ksiegarnia-akademicka.pl\/index.php\/wp-json\/wp\/v2\/media\/11163"}],"wp:attachment":[{"href":"https:\/\/ksiegarnia-akademicka.pl\/index.php\/wp-json\/wp\/v2\/media?parent=11162"}],"wp:term":[{"taxonomy":"product_brand","embeddable":true,"href":"https:\/\/ksiegarnia-akademicka.pl\/index.php\/wp-json\/wp\/v2\/product_brand?post=11162"},{"taxonomy":"product_cat","embeddable":true,"href":"https:\/\/ksiegarnia-akademicka.pl\/index.php\/wp-json\/wp\/v2\/product_cat?post=11162"},{"taxonomy":"product_tag","embeddable":true,"href":"https:\/\/ksiegarnia-akademicka.pl\/index.php\/wp-json\/wp\/v2\/product_tag?post=11162"}],"curies":[{"name":"wp","href":"https:\/\/api.w.org\/{rel}","templated":true}]}}