{"id":11160,"date":"2019-05-15T13:36:03","date_gmt":"2019-05-15T11:36:03","guid":{"rendered":"http:\/\/ksiegarnia-akademicka.pl\/?post_type=product&#038;p=11160"},"modified":"2022-03-01T09:21:07","modified_gmt":"2022-03-01T08:21:07","slug":"biochemia","status":"publish","type":"product","link":"https:\/\/ksiegarnia-akademicka.pl\/index.php\/product\/biochemia\/","title":{"rendered":"Biochemia"},"content":{"rendered":"<p>Autor:<br \/>\nJeremy M. Berg<br \/>\nJohn L. Tymoczko<br \/>\nLubert Stryer<br \/>\nRedakcja: Szweykowska-Kuli\u0144ska Zofia, Jarmo\u0142owski Artur<br \/>\nWydawca: Wydawnictwo Naukowe PWN<br \/>\nOprawa: Mi\u0119kka<br \/>\nFormat: 20.5&#215;28.5cm<br \/>\nLiczba stron: 1100<br \/>\nWydanie: 1<br \/>\nRok wydania: 2022<br \/>\nJ\u0119zyk wydania: polski<\/p>\n<p>Najpopularniejszy podr\u0119cznik biochemii na \u015bwiecie! Najnowsze polskie t\u0142umaczenie Biochemii Stryera, w ca\u0142o\u015bci oparte na VIII wydaniu ameryka\u0144skim. Nieocenione \u017ar\u00f3d\u0142o wiedzy na temat poj\u0119\u0107 i szczeg\u00f3\u0142\u00f3w struktur molekularnych, metabolizmu i technik laboratoryjnych prezentowanych w przyst\u0119pny i zarazem zajmuj\u0105cy spos\u00f3b. Najnowsza wersja podr\u0119cznika zawiera ogrom informacji dotycz\u0105cych biochemii, genetyki i fizjologii organizm\u00f3w, ze szczeg\u00f3lnym uwzgl\u0119dnieniem proces\u00f3w zachodz\u0105cych w organizmie cz\u0142owieka. Autorzy jeszcze bardziej skupili si\u0119 na klarownym i sprawnym przedstawianiu zagadnie\u0144 biochemicznych oraz om\u00f3wili wa\u017cne dla biochemii nowe odkrycia. W ca\u0142ym podr\u0119czniku ja\u015bniej zdefiniowano wiele podstawowych poj\u0119\u0107 wzmacniaj\u0105c ich opisy licznymi zastosowaniami w nowych badaniach naukowych.<br \/>\nKa\u017cdy z 36. rozdzia\u0142\u00f3w rozpoczyna si\u0119 kr\u00f3tkim spisem tre\u015bci danego rozdzia\u0142u, a ko\u0144czy podsumowaniem omawianego materia\u0142u. Poszczeg\u00f3lne rozdzia\u0142y zawieraj\u0105 zadania umo\u017cliwiaj\u0105ce samoocen\u0119 zrozumienia zagadnie\u0144, testy wielokrotnego wyboru, testy, w kt\u00f3rych udziela si\u0119 kr\u00f3tkich odpowiedzi, testy dopasowania, zadania problemowe oraz rozwi\u0105zania wszystkich typ\u00f3w zada\u0144. Przyst\u0119pny tekst i porz\u0105dek przedstawianych zagadnie\u0144 uzupe\u0142niaj\u0105 rysunki obrazuj\u0105ce poszczeg\u00f3lne zagadnienia.<br \/>\nPodr\u0119cznik przeznaczony jest przede wszystkim dla student\u00f3w: biologii, medycyny, farmacji, chemii, biotechnologii, bioinformatyki i r\u00f3\u017cnych dzia\u0142\u00f3w rolnictwa oraz dla doktorant\u00f3w i pocz\u0105tkuj\u0105cych pracownik\u00f3w nauki w tych dziedzinach.<\/p>\n","protected":false},"excerpt":{"rendered":"<p>Autor: Jeremy M. Berg John L. Tymoczko Lubert Stryer Redakcja: [&hellip;]<\/p>\n","protected":false},"featured_media":11161,"template":"","meta":[],"product_brand":[],"product_cat":[7964,7493],"product_tag":[4806,6220,5722,3994],"class_list":{"0":"post-11160","1":"product","2":"type-product","3":"status-publish","4":"has-post-thumbnail","6":"product_cat-biochemia","7":"product_cat-medycyna","8":"product_tag-biochemia","9":"product_tag-biologia-molekularna","10":"product_tag-genetyka","11":"product_tag-medycyna","13":"first","14":"instock","15":"sale","16":"shipping-taxable","17":"purchasable","18":"product-type-simple"},"_links":{"self":[{"href":"https:\/\/ksiegarnia-akademicka.pl\/index.php\/wp-json\/wp\/v2\/product\/11160","targetHints":{"allow":["GET"]}}],"collection":[{"href":"https:\/\/ksiegarnia-akademicka.pl\/index.php\/wp-json\/wp\/v2\/product"}],"about":[{"href":"https:\/\/ksiegarnia-akademicka.pl\/index.php\/wp-json\/wp\/v2\/types\/product"}],"wp:featuredmedia":[{"embeddable":true,"href":"https:\/\/ksiegarnia-akademicka.pl\/index.php\/wp-json\/wp\/v2\/media\/11161"}],"wp:attachment":[{"href":"https:\/\/ksiegarnia-akademicka.pl\/index.php\/wp-json\/wp\/v2\/media?parent=11160"}],"wp:term":[{"taxonomy":"product_brand","embeddable":true,"href":"https:\/\/ksiegarnia-akademicka.pl\/index.php\/wp-json\/wp\/v2\/product_brand?post=11160"},{"taxonomy":"product_cat","embeddable":true,"href":"https:\/\/ksiegarnia-akademicka.pl\/index.php\/wp-json\/wp\/v2\/product_cat?post=11160"},{"taxonomy":"product_tag","embeddable":true,"href":"https:\/\/ksiegarnia-akademicka.pl\/index.php\/wp-json\/wp\/v2\/product_tag?post=11160"}],"curies":[{"name":"wp","href":"https:\/\/api.w.org\/{rel}","templated":true}]}}