{"id":11148,"date":"2019-05-15T09:29:42","date_gmt":"2019-05-15T07:29:42","guid":{"rendered":"http:\/\/ksiegarnia-akademicka.pl\/?post_type=product&#038;p=11148"},"modified":"2024-12-04T16:03:05","modified_gmt":"2024-12-04T15:03:05","slug":"lean-dla-bystrzakow-2","status":"publish","type":"product","link":"https:\/\/ksiegarnia-akademicka.pl\/index.php\/product\/lean-dla-bystrzakow-2\/","title":{"rendered":"Lean dla bystrzak\u00f3w"},"content":{"rendered":"<p>Autor:<br \/>\nNatalie J. Sayer<br \/>\nWydawca: Helion<br \/>\nOprawa: Mi\u0119kka<br \/>\nLiczba stron: 360<br \/>\nRok wydania: 2019<br \/>\nJ\u0119zyk wydania: polski<\/p>\n<p>Niech lean b\u0119dzie z Tob\u0105!<br \/>\nLean jest nowoczesn\u0105 metod\u0105, dzi\u0119ki kt\u00f3rej Twoja firma b\u0119dzie mog\u0142a intensywnie dzia\u0142a\u0107 na rynku, rozwija\u0107 si\u0119 i osi\u0105ga\u0107 zyski. Firmy lean wymagaj\u0105 mniejszego wysi\u0142ku pracownik\u00f3w, mniejszej ilo\u015bci materia\u0142u do wytworzenia produkt\u00f3w i us\u0142ug, mniejszej ilo\u015bci czasu do ich opracowania oraz mniej energii i przestrzeni do ich wyprodukowania. Przedsi\u0119biorstwa lean potrafi\u0105 lepiej odpowiada\u0107 na zapotrzebowanie klient\u00f3w, a ponadto osi\u0105gaj\u0105 lepsz\u0105 jako\u015b\u0107 produkt\u00f3w i us\u0142ug w mo\u017cliwie najbardziej wydajny i ekonomiczny spos\u00f3b.<\/p>\n<p>Ten praktyczny przewodnik jest pe\u0142en najnowszych, nowoczesnych narz\u0119dzi, rad i informacji. Poka\u017ce Ci, jak zastosowa\u0107 sprawdzon\u0105 filozofi\u0119 i techniki lean, aby wyeliminowa\u0107 straty i zmaksymalizowa\u0107 skuteczno\u015b\u0107 Twoich zasob\u00f3w.<\/p>\n<p>Wszystko o lean \u2014 poznaj logik\u0119 lean, zasady, terminologi\u0119 i \u017cargon.<br \/>\nW\u0142adza w r\u0119ce ludzi \u2014 poznaj cz\u0119sto pomijany aspekt szacunku dla ludzi, by m\u00f3c uwzgl\u0119dni\u0107 czynnik ludzki w zmianach.<br \/>\nP\u0142y\u0144 z pr\u0105dem \u2014 zrozum, jak tworzona jest warto\u015b\u0107 i jak jest przekazywana klientowi.<br \/>\nChwy\u0107 za narz\u0119dzia \u2014 poznaj \u0142atwe do zastosowania narz\u0119dzia lean zwi\u0105zane z klientem, strumieniem warto\u015bci, przep\u0142ywem, ci\u0105gni\u0119ciem, doskona\u0142o\u015bci\u0105 i zarz\u0105dzaniem.<br \/>\nTo \u015bwiat lean! \u2014 przyjrzyj si\u0119 wielu aspektom przedsi\u0119biorstwa lean, w tym zarz\u0105dzaniu produktami i projektowaniu produkt\u00f3w do proces\u00f3w produkcyjnych, a tak\u017ce organizacji jako\u015bci.<\/p>\n<p>Podkre\u015blaj\u0105c zasady lean i naciskaj\u0105c na transformacj\u0119 kulturow\u0105, Sayer i Williams daj\u0105 czytelnikowi mo\u017cliwo\u015b\u0107 stworzenia trwa\u0142ej kultury sta\u0142ego doskonalenia si\u0119.<\/p>\n<p>Robert Miller, prezes Shingo Prize for Operational Excellence<\/p>\n<p>O autorach<br \/>\nNatalie J. Sayer &#8211; ma ponad dwadzie\u015bcia pi\u0119\u0107 lat do\u015bwiadczenia w \u015brodowisku mi\u0119dzynarodowym we wdra\u017caniu i konsultowaniu metod ci\u0105g\u0142ego doskonalenia si\u0119.<\/p>\n<p>Bruce Williams piastuje stanowisko starszego wiceprezesa ds. program\u00f3w strategicznych w firmie Software AG, kt\u00f3ra jest globalnym liderem doskonalenia proces\u00f3w biznesowych.<\/p>\n","protected":false},"excerpt":{"rendered":"<p>Autor: Natalie J. Sayer Wydawca: Helion Oprawa: Mi\u0119kka Liczba stron: [&hellip;]<\/p>\n","protected":false},"featured_media":11149,"template":"","meta":[],"product_brand":[],"product_cat":[7511,7517,31,30],"product_tag":[1292,1257,541],"class_list":{"0":"post-11148","1":"product","2":"type-product","3":"status-publish","4":"has-post-thumbnail","6":"product_cat-kierowanie-i-zarzadzanie","7":"product_cat-logistyka","8":"product_cat-przedsiebiorstwo","9":"product_cat-zarzadzanie","10":"product_tag-organizacja","11":"product_tag-poradniki","12":"product_tag-zarzadzanie","14":"first","15":"instock","16":"sale","17":"shipping-taxable","18":"purchasable","19":"product-type-simple"},"_links":{"self":[{"href":"https:\/\/ksiegarnia-akademicka.pl\/index.php\/wp-json\/wp\/v2\/product\/11148","targetHints":{"allow":["GET"]}}],"collection":[{"href":"https:\/\/ksiegarnia-akademicka.pl\/index.php\/wp-json\/wp\/v2\/product"}],"about":[{"href":"https:\/\/ksiegarnia-akademicka.pl\/index.php\/wp-json\/wp\/v2\/types\/product"}],"wp:featuredmedia":[{"embeddable":true,"href":"https:\/\/ksiegarnia-akademicka.pl\/index.php\/wp-json\/wp\/v2\/media\/11149"}],"wp:attachment":[{"href":"https:\/\/ksiegarnia-akademicka.pl\/index.php\/wp-json\/wp\/v2\/media?parent=11148"}],"wp:term":[{"taxonomy":"product_brand","embeddable":true,"href":"https:\/\/ksiegarnia-akademicka.pl\/index.php\/wp-json\/wp\/v2\/product_brand?post=11148"},{"taxonomy":"product_cat","embeddable":true,"href":"https:\/\/ksiegarnia-akademicka.pl\/index.php\/wp-json\/wp\/v2\/product_cat?post=11148"},{"taxonomy":"product_tag","embeddable":true,"href":"https:\/\/ksiegarnia-akademicka.pl\/index.php\/wp-json\/wp\/v2\/product_tag?post=11148"}],"curies":[{"name":"wp","href":"https:\/\/api.w.org\/{rel}","templated":true}]}}