{"id":11128,"date":"2019-05-15T08:47:15","date_gmt":"2019-05-15T06:47:15","guid":{"rendered":"http:\/\/ksiegarnia-akademicka.pl\/?post_type=product&#038;p=11128"},"modified":"2024-12-04T16:04:14","modified_gmt":"2024-12-04T15:04:14","slug":"dlaczego-piloci-kamikadze-zakladali-helmy-czyli-ekonomia-bez-tajemnic-tytul-oryginalny-the-economic-naturalist-why-economics-explains-almost-everything","status":"publish","type":"product","link":"https:\/\/ksiegarnia-akademicka.pl\/index.php\/product\/dlaczego-piloci-kamikadze-zakladali-helmy-czyli-ekonomia-bez-tajemnic-tytul-oryginalny-the-economic-naturalist-why-economics-explains-almost-everything\/","title":{"rendered":"Dlaczego piloci kamikadze zak\u0142adali he\u0142my? Czyli ekonomia bez tajemnic Tytu\u0142 oryginalny: The Economic Naturalist: Why Economics Explains Almost Everything"},"content":{"rendered":"<p>Autor:<br \/>\nRobert H. Frank<br \/>\nT\u0142umacze: Litwi\u0144ska Saba<br \/>\nWydawca: Literackie<br \/>\nOprawa: Mi\u0119kka<br \/>\nFormat: 12.3&#215;19.7cm<br \/>\nLiczba stron: 292<br \/>\nWydanie: 1<br \/>\nRok wydania: 2019<br \/>\nJ\u0119zyk wydania: polski<\/p>\n<p>PrzEKONaj si\u0119 cO decyduje zaMIAst Ciebie. Codzienne absurdy okiem profesora ekonomii z Uniwersytetu Cornella i jego student\u00f3w.<br \/>\nDlaczego mleko sprzedawane jest w sze\u015bciennych opakowaniach, a coca-cola w cylindrycznych? Co sprawia, \u017ce czarne laptopy Apple s\u0105 dro\u017csze ni\u017c bia\u0142e, a modelki zarabiaj\u0105 o wiele wi\u0119cej ni\u017c modele? Czemu s\u0142u\u017c\u0105 zamki w drzwiach sklep\u00f3w czynnych przez ca\u0142\u0105 dob\u0119? Dlaczego guziki w ubraniach m\u0119skich s\u0105 po prawej, a w kobiecych po lewej stronie?<br \/>\n\u017bycie pe\u0142ne jest zagadek, nie zawsze przez nas u\u015bwiadamianych. Znany profesor ekonomii presti\u017cowego ameryka\u0144skiego uniwersytetu oraz jego studenci udowadniaj\u0105, \u017ce wystarczy zna\u0107 tylko kilka prawide\u0142 ekonomicznych, aby zrozumie\u0107 setki absurd\u00f3w, z kt\u00f3rymi stykamy si\u0119 na co dzie\u0144. Oto najlepszy kurs ekonomii dla \u017c\u00f3\u0142todziob\u00f3w. Na weso\u0142o i z biglem!<br \/>\nRobert H. Frank \u2013 profesor ekonomii na Cornell University. Felietonista \u201eThe New York Times\u201d. Autor wielu publikacji naukowych i popularnonaukowych.<\/p>\n","protected":false},"excerpt":{"rendered":"<p>Autor: Robert H. Frank T\u0142umacze: Litwi\u0144ska Saba Wydawca: Literackie Oprawa: [&hellip;]<\/p>\n","protected":false},"featured_media":11129,"template":"","meta":[],"product_brand":[],"product_cat":[17,7499],"product_tag":[337,246,1095],"class_list":{"0":"post-11128","1":"product","2":"type-product","3":"status-publish","4":"has-post-thumbnail","6":"product_cat-ekonomia","7":"product_cat-makro-i-mikroekonomia","8":"product_tag-ekonomia","9":"product_tag-socjologia","10":"product_tag-spoleczenstwo","12":"first","13":"instock","14":"sale","15":"shipping-taxable","16":"purchasable","17":"product-type-simple"},"_links":{"self":[{"href":"https:\/\/ksiegarnia-akademicka.pl\/index.php\/wp-json\/wp\/v2\/product\/11128","targetHints":{"allow":["GET"]}}],"collection":[{"href":"https:\/\/ksiegarnia-akademicka.pl\/index.php\/wp-json\/wp\/v2\/product"}],"about":[{"href":"https:\/\/ksiegarnia-akademicka.pl\/index.php\/wp-json\/wp\/v2\/types\/product"}],"wp:featuredmedia":[{"embeddable":true,"href":"https:\/\/ksiegarnia-akademicka.pl\/index.php\/wp-json\/wp\/v2\/media\/11129"}],"wp:attachment":[{"href":"https:\/\/ksiegarnia-akademicka.pl\/index.php\/wp-json\/wp\/v2\/media?parent=11128"}],"wp:term":[{"taxonomy":"product_brand","embeddable":true,"href":"https:\/\/ksiegarnia-akademicka.pl\/index.php\/wp-json\/wp\/v2\/product_brand?post=11128"},{"taxonomy":"product_cat","embeddable":true,"href":"https:\/\/ksiegarnia-akademicka.pl\/index.php\/wp-json\/wp\/v2\/product_cat?post=11128"},{"taxonomy":"product_tag","embeddable":true,"href":"https:\/\/ksiegarnia-akademicka.pl\/index.php\/wp-json\/wp\/v2\/product_tag?post=11128"}],"curies":[{"name":"wp","href":"https:\/\/api.w.org\/{rel}","templated":true}]}}