{"id":11124,"date":"2019-05-13T14:59:13","date_gmt":"2019-05-13T12:59:13","guid":{"rendered":"http:\/\/ksiegarnia-akademicka.pl\/?post_type=product&#038;p=11124"},"modified":"2024-12-04T16:04:25","modified_gmt":"2024-12-04T15:04:25","slug":"12-zasad-skutecznej-edukacji-czyli-jak-uczyc-zeby-nauczyc","status":"publish","type":"product","link":"https:\/\/ksiegarnia-akademicka.pl\/index.php\/product\/12-zasad-skutecznej-edukacji-czyli-jak-uczyc-zeby-nauczyc\/","title":{"rendered":"12 zasad skutecznej edukacji czyli jak uczy\u0107 \u017ceby nauczy\u0107"},"content":{"rendered":"<p>Autor:<br \/>\nPrzemys\u0142aw B\u0105bel<br \/>\nMarzena Wi\u015bniak<br \/>\nWydawca: GWP<br \/>\nOprawa: Mi\u0119kka<br \/>\nFormat: 14.5&#215;20.5cm<br \/>\nLiczba stron: 224<br \/>\nWydanie: 2<br \/>\nRok wydania: 2019<br \/>\nJ\u0119zyk wydania: polski<\/p>\n<p>Poradnik 12 zasad skutecznej edukacji zosta\u0142 napisany z my\u015bl\u0105 o wszystkich nauczycielach i edukatorach, kt\u00f3rzy chc\u0105 uczy\u0107 w taki spos\u00f3b, aby ich uczniowie rzeczywi\u015bcie si\u0119 nauczyli. Opieraj\u0105c si\u0119 na swojej wiedzy i na do\u015bwiadczeniu zdobytym podczas prowadzenia licznych warsztat\u00f3w i szkole\u0144, autorzy sformu\u0142owali dwana\u015bcie uniwersalnych zasad skutecznej edukacji, wsp\u00f3lnych dla wszystkich typ\u00f3w, szczebli i form kszta\u0142cenia. Ksi\u0105\u017cka to praktyczny przewodnik pe\u0142en przyk\u0142ad\u00f3w, wskaz\u00f3wek i technik do zastosowania w codziennej pracy w szko\u0142ach i innych plac\u00f3wkach edukacyjnych. Autorzy w zrozumia\u0142y spos\u00f3b wyja\u015bniaj\u0105 znaczenie powi\u0105za\u0144 teorii z praktyk\u0105 oraz omawiaj\u0105 mi\u0119dzy innymi takie zagadnienia, jak: grupowanie materia\u0142u, procesy koncentracji, wykorzystanie emocji w nauce, potrzeba przerw czy sposoby motywowania uczni\u00f3w. Dzi\u0119ki opisanym w ksi\u0105\u017cce metodom i narz\u0119dziom nauczyciele: \u2022 zbuduj\u0105 podczas zaj\u0119\u0107 atmosfer\u0119 sprzyjaj\u0105c\u0105 nauce, \u2022 pomog\u0105 uczniom zrozumie\u0107, utrwali\u0107 i zapami\u0119ta\u0107 nauczane tre\u015bci, \u2022 naucz\u0105 si\u0119 wykorzystywa\u0107 edukacyjny potencja\u0142 nowoczesnych technologii, \u2022 b\u0119d\u0105 skutecznie naucza\u0107, a ich uczniowie zaczn\u0105 osi\u0105ga\u0107 lepsze wyniki.<\/p>\n","protected":false},"excerpt":{"rendered":"<p>Autor: Przemys\u0142aw B\u0105bel Marzena Wi\u015bniak Wydawca: GWP Oprawa: Mi\u0119kka Format: [&hellip;]<\/p>\n","protected":false},"featured_media":11125,"template":"","meta":[],"product_brand":[],"product_cat":[28],"product_tag":[46,1697,51],"class_list":{"0":"post-11124","1":"product","2":"type-product","3":"status-publish","4":"has-post-thumbnail","6":"product_cat-pedagogika","7":"product_tag-dydaktyka","8":"product_tag-nauczanie","9":"product_tag-pedagogika","11":"first","12":"instock","13":"sale","14":"shipping-taxable","15":"purchasable","16":"product-type-simple"},"_links":{"self":[{"href":"https:\/\/ksiegarnia-akademicka.pl\/index.php\/wp-json\/wp\/v2\/product\/11124","targetHints":{"allow":["GET"]}}],"collection":[{"href":"https:\/\/ksiegarnia-akademicka.pl\/index.php\/wp-json\/wp\/v2\/product"}],"about":[{"href":"https:\/\/ksiegarnia-akademicka.pl\/index.php\/wp-json\/wp\/v2\/types\/product"}],"wp:featuredmedia":[{"embeddable":true,"href":"https:\/\/ksiegarnia-akademicka.pl\/index.php\/wp-json\/wp\/v2\/media\/11125"}],"wp:attachment":[{"href":"https:\/\/ksiegarnia-akademicka.pl\/index.php\/wp-json\/wp\/v2\/media?parent=11124"}],"wp:term":[{"taxonomy":"product_brand","embeddable":true,"href":"https:\/\/ksiegarnia-akademicka.pl\/index.php\/wp-json\/wp\/v2\/product_brand?post=11124"},{"taxonomy":"product_cat","embeddable":true,"href":"https:\/\/ksiegarnia-akademicka.pl\/index.php\/wp-json\/wp\/v2\/product_cat?post=11124"},{"taxonomy":"product_tag","embeddable":true,"href":"https:\/\/ksiegarnia-akademicka.pl\/index.php\/wp-json\/wp\/v2\/product_tag?post=11124"}],"curies":[{"name":"wp","href":"https:\/\/api.w.org\/{rel}","templated":true}]}}