{"id":11115,"date":"2019-05-09T09:19:08","date_gmt":"2019-05-09T07:19:08","guid":{"rendered":"http:\/\/ksiegarnia-akademicka.pl\/?post_type=product&#038;p=11115"},"modified":"2024-12-04T16:05:04","modified_gmt":"2024-12-04T15:05:04","slug":"anestezja-chorych-w-stanie-zagrozenia-zycia","status":"publish","type":"product","link":"https:\/\/ksiegarnia-akademicka.pl\/index.php\/product\/anestezja-chorych-w-stanie-zagrozenia-zycia\/","title":{"rendered":"Anestezja chorych w stanie zagro\u017cenia \u017cycia"},"content":{"rendered":"<p>Autor:<br \/>\nMacha\u0142a Waldemar<br \/>\nWydawca: PZWL<br \/>\nOprawa: Mi\u0119kka<br \/>\nFormat: 12.5&#215;19.5cm<br \/>\nLiczba stron: 182<br \/>\nWydanie: 1<br \/>\nRok wydania: 2019<br \/>\nJ\u0119zyk wydania: polski<\/p>\n<p>Na \u017cyczenie Czytelnik\u00f3w przygotowali\u015bmy wyb\u00f3r tekst\u00f3w prof. nadzw. Waldemara Macha\u0142y, kt\u00f3re by\u0142y publikowane w znanych i cenionych podr\u0119cznikach wydanych przez PZWL.<\/p>\n<p>Uaktualnione, uzupe\u0142nione materia\u0142y zosta\u0142y wzbogacone nowymi zdj\u0119ciami i ciekawymi informacjami.<\/p>\n<p>Lektura obowi\u0105zkowa dla wszystkich zainteresowanych anestezj\u0105 chorych w stanie zagro\u017cenia \u017cycia.<\/p>\n<p>Chory znajduj\u0105cy si\u0119 w stanie zagro\u017cenia \u017cycia spowodowanym krwotokiem wymaga szczeg\u00f3lnego traktowania. Zw\u0142aszcza w\u00f3wczas, kiedy kwalifikowany jest do operacji ze wskaza\u0144\u2026 najcz\u0119\u015bciej ratunkowych. Zazwyczaj tego rodzaju operacje s\u0105 wykonywane w znieczuleniu og\u00f3lnym. Stan chorego nie zmienia dogmat\u00f3w, kt\u00f3re nakazuj\u0105 wykonanie adekwatnego znieczulenia (AoA), zatem takiego, w kt\u00f3rym konieczne b\u0119dzie wywo\u0142anie u chorego snu, podanie lek\u00f3w u\u015bmierzaj\u0105cych b\u00f3l i zwiotczenie mi\u0119\u015bni. W takich razach intubacja powinna zosta\u0107 wykonana w trybie RSI. Coraz cz\u0119\u015bciej u takich chorych si\u0119ga si\u0119 po techniki regionalne. Cho\u0107 charakter lek\u00f3w, kt\u00f3re s\u0105 podawane w okolice struktur nerwowych, jest \u201enieco inny\u201d, g\u0142\u00f3wnie w zakresie rodzaju i st\u0119\u017cenia \u2013 od stosowanych u chorych euwolemicznych. Wreszcie, nieco rzadziej wprawdzie, ale zaczyna si\u0119 podnosi\u0107 kwesti\u0119 wykonywania znieczule\u0144 zbilansowanych, kiedy r\u00f3wnocze\u015bnie wykorzystywane s\u0105 techniki regionalne na\u0142o\u017cone na znieczulenie og\u00f3lne.<\/p>\n<p>W. Macha\u0142a<\/p>\n","protected":false},"excerpt":{"rendered":"<p>Autor: Macha\u0142a Waldemar Wydawca: PZWL Oprawa: Mi\u0119kka Format: 12.5&#215;19.5cm Liczba [&hellip;]<\/p>\n","protected":false},"featured_media":11116,"template":"","meta":[],"product_brand":[],"product_cat":[7493],"product_tag":[7874,3994],"class_list":{"0":"post-11115","1":"product","2":"type-product","3":"status-publish","4":"has-post-thumbnail","6":"product_cat-medycyna","7":"product_tag-anestezja-chorych","8":"product_tag-medycyna","10":"first","11":"instock","12":"sale","13":"shipping-taxable","14":"purchasable","15":"product-type-simple"},"_links":{"self":[{"href":"https:\/\/ksiegarnia-akademicka.pl\/index.php\/wp-json\/wp\/v2\/product\/11115","targetHints":{"allow":["GET"]}}],"collection":[{"href":"https:\/\/ksiegarnia-akademicka.pl\/index.php\/wp-json\/wp\/v2\/product"}],"about":[{"href":"https:\/\/ksiegarnia-akademicka.pl\/index.php\/wp-json\/wp\/v2\/types\/product"}],"wp:featuredmedia":[{"embeddable":true,"href":"https:\/\/ksiegarnia-akademicka.pl\/index.php\/wp-json\/wp\/v2\/media\/11116"}],"wp:attachment":[{"href":"https:\/\/ksiegarnia-akademicka.pl\/index.php\/wp-json\/wp\/v2\/media?parent=11115"}],"wp:term":[{"taxonomy":"product_brand","embeddable":true,"href":"https:\/\/ksiegarnia-akademicka.pl\/index.php\/wp-json\/wp\/v2\/product_brand?post=11115"},{"taxonomy":"product_cat","embeddable":true,"href":"https:\/\/ksiegarnia-akademicka.pl\/index.php\/wp-json\/wp\/v2\/product_cat?post=11115"},{"taxonomy":"product_tag","embeddable":true,"href":"https:\/\/ksiegarnia-akademicka.pl\/index.php\/wp-json\/wp\/v2\/product_tag?post=11115"}],"curies":[{"name":"wp","href":"https:\/\/api.w.org\/{rel}","templated":true}]}}