{"id":11110,"date":"2019-05-09T08:49:17","date_gmt":"2019-05-09T06:49:17","guid":{"rendered":"http:\/\/ksiegarnia-akademicka.pl\/?post_type=product&#038;p=11110"},"modified":"2019-05-09T08:49:17","modified_gmt":"2019-05-09T06:49:17","slug":"posrednictwo-finansowe-a-rozwoj-gospodarczy-2","status":"publish","type":"product","link":"https:\/\/ksiegarnia-akademicka.pl\/index.php\/product\/posrednictwo-finansowe-a-rozwoj-gospodarczy-2\/","title":{"rendered":"Po\u015brednictwo finansowe a rozwoj gospodarczy"},"content":{"rendered":"<p>Nale\u017cy do serii:<br \/>\nPLATINIUM<br \/>\nRedakcja: Banasik Tomasz, Kosztowniak Aneta, Sobol Marzena<br \/>\nWydawca: CeDeWu<br \/>\nOprawa: Mi\u0119kka<br \/>\nFormat: 16.5&#215;23.5cm<br \/>\nLiczba stron: 244<br \/>\nRok wydania: 2013<br \/>\nJ\u0119zyk wydania: polski<\/p>\n<p>Celem opracowania jest analiza i ocena wp\u0142ywu g\u0142\u00f3wnych instytucji po\u015brednictwa finansowego oraz oferowanych przez nie us\u0142ug finansowych na sfer\u0119 realn\u0105 gospodarki, a tak\u017ce rozw\u00f3j gospodarczy.<br \/>\nOpracowanie sk\u0142ada si\u0119 z dziewi\u0119ciu rozdzia\u0142\u00f3w, w kt\u00f3rych om\u00f3wiono infrastruktur\u0119 instytucjonalno-prawn\u0105 systemu po\u015brednictwa finansowego w Polsce z uwzgl\u0119dnieniem funkcji systemu finansowego oraz jego zwi\u0105zk\u00f3w ze wzrostem i rozwojem gospodarczym. Instytucje po\u015brednictwa finansowego przedstawiono z perspektywy poszczeg\u00f3lnych segment\u00f3w rynku finansowego.<br \/>\nPrzekazywana do r\u0105k Czytelnika ksi\u0105\u017cka stanowi uzupe\u0142nienie krajowej literatury fachowej do-tycz\u0105cej rynk\u00f3w finansowych, po\u015brednictwa finansowego i rozwoju gospodarczego. R\u00f3\u017cni si\u0119 ona od wi\u0119kszo\u015bci wydanych dotychczas publikacji z tego zakresu zintegrowanym podej\u015bciem do analizy proces\u00f3w gospodarczych, z po\u0142o\u017ceniem mocnego akcentu na wsp\u00f3\u0142zale\u017cno\u015bci zachodz\u0105ce pomi\u0119dzy rozwojem instytucji finansowych a funkcjonowaniem realnej sfery gospodarki.<br \/>\nKsi\u0105\u017cka adresowana jest zar\u00f3wno do student\u00f3w kierunku ekonomia, jak r\u00f3wnie\u017c kierunku finanse i rachunkowo\u015b\u0107 oraz zarz\u0105dzanie, a tak\u017ce do praktyk\u00f3w gospodarczych, interesuj\u0105cych si\u0119 tymi kluczowymi dla gospodarki zagadnieniami.<\/p>\n","protected":false},"excerpt":{"rendered":"<p>Nale\u017cy do serii: PLATINIUM Redakcja: Banasik Tomasz, Kosztowniak Aneta, Sobol [&hellip;]<\/p>\n","protected":false},"featured_media":11111,"template":"","meta":[],"product_brand":[],"product_cat":[20,19,7501,7504],"product_tag":[411,472,4408],"class_list":{"0":"post-11110","1":"product","2":"type-product","3":"status-publish","4":"has-post-thumbnail","6":"product_cat-bankowosc","7":"product_cat-finanse-i-prawo-finansowe","8":"product_cat-prawo-finansowe","9":"product_cat-rynek-pieniezny-i-kapitalowy","10":"product_tag-bankowosc","11":"product_tag-finanse-publiczne","12":"product_tag-rynek-kapitalowy-i-finansowy","14":"first","15":"instock","16":"sale","17":"shipping-taxable","18":"purchasable","19":"product-type-simple"},"_links":{"self":[{"href":"https:\/\/ksiegarnia-akademicka.pl\/index.php\/wp-json\/wp\/v2\/product\/11110","targetHints":{"allow":["GET"]}}],"collection":[{"href":"https:\/\/ksiegarnia-akademicka.pl\/index.php\/wp-json\/wp\/v2\/product"}],"about":[{"href":"https:\/\/ksiegarnia-akademicka.pl\/index.php\/wp-json\/wp\/v2\/types\/product"}],"wp:featuredmedia":[{"embeddable":true,"href":"https:\/\/ksiegarnia-akademicka.pl\/index.php\/wp-json\/wp\/v2\/media\/11111"}],"wp:attachment":[{"href":"https:\/\/ksiegarnia-akademicka.pl\/index.php\/wp-json\/wp\/v2\/media?parent=11110"}],"wp:term":[{"taxonomy":"product_brand","embeddable":true,"href":"https:\/\/ksiegarnia-akademicka.pl\/index.php\/wp-json\/wp\/v2\/product_brand?post=11110"},{"taxonomy":"product_cat","embeddable":true,"href":"https:\/\/ksiegarnia-akademicka.pl\/index.php\/wp-json\/wp\/v2\/product_cat?post=11110"},{"taxonomy":"product_tag","embeddable":true,"href":"https:\/\/ksiegarnia-akademicka.pl\/index.php\/wp-json\/wp\/v2\/product_tag?post=11110"}],"curies":[{"name":"wp","href":"https:\/\/api.w.org\/{rel}","templated":true}]}}