{"id":11058,"date":"2019-05-07T08:59:23","date_gmt":"2019-05-07T06:59:23","guid":{"rendered":"http:\/\/ksiegarnia-akademicka.pl\/?post_type=product&#038;p=11058"},"modified":"2019-05-07T08:59:24","modified_gmt":"2019-05-07T06:59:24","slug":"ochrona-danych-osobowych-w-sadach-i-prokuraturze","status":"publish","type":"product","link":"https:\/\/ksiegarnia-akademicka.pl\/index.php\/product\/ochrona-danych-osobowych-w-sadach-i-prokuraturze\/","title":{"rendered":"Ochrona danych osobowych w s\u0105dach i prokuraturze"},"content":{"rendered":"<p>Nale\u017cy do serii:<br \/>\nPRAWO W PRAKTYCE<br \/>\nAutor:<br \/>\nAgnieszka Grzelak<br \/>\nKatarzyna Sandecka<br \/>\nWydawca: Wolters Kluwer<br \/>\nOprawa: Mi\u0119kka<br \/>\nFormat: 14.5&#215;20.5cm<br \/>\nLiczba stron: 280<br \/>\nWydanie: 1<br \/>\nRok wydania: 2019<br \/>\nJ\u0119zyk wydania: polski<\/p>\n<p>S\u0105dy i prokuratura s\u0105 podmiotami, kt\u00f3re przetwarzaj\u0105 dane osobowe nie tylko w trakcie tocz\u0105cych si\u0119 post\u0119powa\u0144, lecz tak\u017ce w zwi\u0105zku z zatrudnieniem pracownik\u00f3w czy obs\u0142ug\u0105 administracyjn\u0105. Z tego wzgl\u0119du s\u0105 obj\u0119te zakresem stosowania r\u00f3\u017cnych akt\u00f3w prawnych \u2013 zar\u00f3wno unijnych, jak i prawa krajowego.<\/p>\n<p>Akty te przewiduj\u0105 wiele wy\u0142\u0105cze\u0144 i ogranicze\u0144 stosowania ich w odniesieniu do organ\u00f3w wymiaru sprawiedliwo\u015bci, co zosta\u0142o szczeg\u00f3\u0142owo om\u00f3wione w prezentowanej publikacji.<br \/>\nW ksi\u0105\u017cce przedstawiono m.in.:<br \/>\n&#8211; w jaki spos\u00f3b uchwalenie RODO i dyrektywy policyjnej, a tak\u017ce ustaw: o ochronie danych osobowych i o ochronie danych osobowych przetwarzanych w zwi\u0105zku z zapobieganiem i zwalczaniem przest\u0119pczo\u015bci wp\u0142ywa na dzia\u0142alno\u015b\u0107 s\u0105d\u00f3w i prokuratury,<br \/>\n&#8211; przetwarzanie danych osobowych w post\u0119powaniu cywilnym i karnym, z uwzgl\u0119dnieniem przepis\u00f3w proceduralnych, a tak\u017ce w s\u0105dach administracyjnych,<br \/>\n&#8211; tematyk\u0119 przetwarzania danych w systemach teleinformatycznych oraz monitoringu wizyjnego,<br \/>\n&#8211; rol\u0119 s\u0105d\u00f3w i prokuratury w tocz\u0105cych si\u0119 post\u0119powaniach dotycz\u0105cych naruszenia zasad ochrony danych osobowych.<\/p>\n","protected":false},"excerpt":{"rendered":"<p>Nale\u017cy do serii: PRAWO W PRAKTYCE Autor: Agnieszka Grzelak Katarzyna [&hellip;]<\/p>\n","protected":false},"featured_media":11059,"template":"","meta":[],"product_brand":[],"product_cat":[7491,7490,18],"product_tag":[3092,615,296],"class_list":{"0":"post-11058","1":"product","2":"type-product","3":"status-publish","4":"has-post-thumbnail","6":"product_cat-cywilne","7":"product_cat-karne","8":"product_cat-prawo","9":"product_tag-ochrona-danych-osobowych","10":"product_tag-prawo-cywilne","11":"product_tag-prawo-karne","13":"first","14":"instock","15":"sale","16":"shipping-taxable","17":"purchasable","18":"product-type-simple"},"_links":{"self":[{"href":"https:\/\/ksiegarnia-akademicka.pl\/index.php\/wp-json\/wp\/v2\/product\/11058","targetHints":{"allow":["GET"]}}],"collection":[{"href":"https:\/\/ksiegarnia-akademicka.pl\/index.php\/wp-json\/wp\/v2\/product"}],"about":[{"href":"https:\/\/ksiegarnia-akademicka.pl\/index.php\/wp-json\/wp\/v2\/types\/product"}],"wp:featuredmedia":[{"embeddable":true,"href":"https:\/\/ksiegarnia-akademicka.pl\/index.php\/wp-json\/wp\/v2\/media\/11059"}],"wp:attachment":[{"href":"https:\/\/ksiegarnia-akademicka.pl\/index.php\/wp-json\/wp\/v2\/media?parent=11058"}],"wp:term":[{"taxonomy":"product_brand","embeddable":true,"href":"https:\/\/ksiegarnia-akademicka.pl\/index.php\/wp-json\/wp\/v2\/product_brand?post=11058"},{"taxonomy":"product_cat","embeddable":true,"href":"https:\/\/ksiegarnia-akademicka.pl\/index.php\/wp-json\/wp\/v2\/product_cat?post=11058"},{"taxonomy":"product_tag","embeddable":true,"href":"https:\/\/ksiegarnia-akademicka.pl\/index.php\/wp-json\/wp\/v2\/product_tag?post=11058"}],"curies":[{"name":"wp","href":"https:\/\/api.w.org\/{rel}","templated":true}]}}