{"id":11056,"date":"2019-05-07T08:57:11","date_gmt":"2019-05-07T06:57:11","guid":{"rendered":"http:\/\/ksiegarnia-akademicka.pl\/?post_type=product&#038;p=11056"},"modified":"2019-05-07T08:57:12","modified_gmt":"2019-05-07T06:57:12","slug":"ochrona-danych-osobowych-w-pomocy-spolecznej-w-pytaniach-i-odpowiedziach","status":"publish","type":"product","link":"https:\/\/ksiegarnia-akademicka.pl\/index.php\/product\/ochrona-danych-osobowych-w-pomocy-spolecznej-w-pytaniach-i-odpowiedziach\/","title":{"rendered":"Ochrona danych osobowych w pomocy spo\u0142ecznej w pytaniach i odpowiedziach"},"content":{"rendered":"<p>Autor:<br \/>\nMicha\u0142 Bochenek<br \/>\nWydawca: Wolters Kluwer<br \/>\nOprawa: Mi\u0119kka<br \/>\nLiczba stron: 236<br \/>\nWydanie: 1<br \/>\nRok wydania: 2019<br \/>\nJ\u0119zyk wydania: polski<\/p>\n<p>Opracowanie stanowi analiz\u0119 sposobu stosowania rozporz\u0105dzenia Parlamentu Europejskiego i Rady (UE) 2016\/679 z 27.04.2016 r. w sprawie ochrony os\u00f3b fizycznych w zwi\u0105zku z przetwarzaniem danych osobowych i w sprawie swobodnego przep\u0142ywu takich danych oraz uchylenia dyrektywy 95\/46\/WE (RODO) w jednostkach organizacyjnych pomocy spo\u0142ecznej.<\/p>\n<p>Publikacja zawiera komentarz do wybranych przepis\u00f3w rozporz\u0105dzenia w aspekcie statutowych zada\u0144, kt\u00f3re wykonuj\u0105 JPS, oraz obszerny katalog pyta\u0144 i odpowiedzi, kt\u00f3re odzwierciedlaj\u0105 praktyczne trudno\u015bci w stosowaniu RODO. Autor odnosi si\u0119 do aktualnego stanu prawnego, uwzgl\u0119dniaj\u0105c r\u00f3wnie\u017c oczekuj\u0105c\u0105 na wej\u015bcie w \u017cycie ustaw\u0119 o zmianie niekt\u00f3rych ustaw w zwi\u0105zku z zapewnieniem stosowania przedstawianego rozporz\u0105dzenia.<\/p>\n<p>Ca\u0142o\u015b\u0107 uzupe\u0142niaj\u0105 wzory pism przydatne w sprawach z omawianego zakresu.<\/p>\n","protected":false},"excerpt":{"rendered":"<p>Autor: Micha\u0142 Bochenek Wydawca: Wolters Kluwer Oprawa: Mi\u0119kka Liczba stron: [&hellip;]<\/p>\n","protected":false},"featured_media":11057,"template":"","meta":[],"product_brand":[],"product_cat":[7491,27,7510,18],"product_tag":[3092,225],"class_list":{"0":"post-11056","1":"product","2":"type-product","3":"status-publish","4":"has-post-thumbnail","6":"product_cat-cywilne","7":"product_cat-nauki-spoleczne","8":"product_cat-polityka-spoleczna","9":"product_cat-prawo","10":"product_tag-ochrona-danych-osobowych","11":"product_tag-polityka-spoleczna","13":"first","14":"instock","15":"sale","16":"shipping-taxable","17":"purchasable","18":"product-type-simple"},"_links":{"self":[{"href":"https:\/\/ksiegarnia-akademicka.pl\/index.php\/wp-json\/wp\/v2\/product\/11056","targetHints":{"allow":["GET"]}}],"collection":[{"href":"https:\/\/ksiegarnia-akademicka.pl\/index.php\/wp-json\/wp\/v2\/product"}],"about":[{"href":"https:\/\/ksiegarnia-akademicka.pl\/index.php\/wp-json\/wp\/v2\/types\/product"}],"wp:featuredmedia":[{"embeddable":true,"href":"https:\/\/ksiegarnia-akademicka.pl\/index.php\/wp-json\/wp\/v2\/media\/11057"}],"wp:attachment":[{"href":"https:\/\/ksiegarnia-akademicka.pl\/index.php\/wp-json\/wp\/v2\/media?parent=11056"}],"wp:term":[{"taxonomy":"product_brand","embeddable":true,"href":"https:\/\/ksiegarnia-akademicka.pl\/index.php\/wp-json\/wp\/v2\/product_brand?post=11056"},{"taxonomy":"product_cat","embeddable":true,"href":"https:\/\/ksiegarnia-akademicka.pl\/index.php\/wp-json\/wp\/v2\/product_cat?post=11056"},{"taxonomy":"product_tag","embeddable":true,"href":"https:\/\/ksiegarnia-akademicka.pl\/index.php\/wp-json\/wp\/v2\/product_tag?post=11056"}],"curies":[{"name":"wp","href":"https:\/\/api.w.org\/{rel}","templated":true}]}}