{"id":11027,"date":"2019-05-06T15:19:56","date_gmt":"2019-05-06T13:19:56","guid":{"rendered":"http:\/\/ksiegarnia-akademicka.pl\/?post_type=product&#038;p=11027"},"modified":"2019-05-06T15:19:57","modified_gmt":"2019-05-06T13:19:57","slug":"publicznoprawny-status-jednostki-skrajnie-ubogiej","status":"publish","type":"product","link":"https:\/\/ksiegarnia-akademicka.pl\/index.php\/product\/publicznoprawny-status-jednostki-skrajnie-ubogiej\/","title":{"rendered":"Publicznoprawny status jednostki skrajnie ubogiej"},"content":{"rendered":"<p>Nale\u017cy do serii:<br \/>\nMONOGRAFIE<br \/>\nAutor:<br \/>\nAdam Ploszka<br \/>\nWydawca: Wolters Kluwer<br \/>\nOprawa: Twarda<br \/>\nFormat: 15.0&#215;21.0cm<br \/>\nLiczba stron: 391<br \/>\nWydanie: 1<br \/>\nRok wydania: 2019<br \/>\nJ\u0119zyk wydania: polski<\/p>\n<p>Tez\u0105 sformu\u0142owan\u0105 w ksi\u0105\u017cce jest stwierdzenie, \u017ce z jednej strony skrajne ub\u00f3stwo negatywnie wp\u0142ywa na mo\u017cliwo\u015b\u0107 korzystania z praw cz\u0142owieka, z drugiej za\u015b prawa cz\u0142owieka mog\u0105 si\u0119 przyczyni\u0107 do ograniczenia skali skrajnego ub\u00f3stwa, a w konsekwencji do umo\u017cliwienia korzystania przez jednostki skrajnie ubogie ze wszystkich praw cz\u0142owieka.<br \/>\nAutor stawia pytania:<br \/>\n&#8211; czym jest ub\u00f3stwo i skrajne ub\u00f3stwo?<br \/>\n&#8211; jak prawo mi\u0119dzynarodowe praw cz\u0142owieka (w tym tak\u017ce prawo Unii Europejskiej) ujmuje relacj\u0119 pomi\u0119dzy ub\u00f3stwem a prawami cz\u0142owieka i czy prawa cz\u0142owieka wnosz\u0105 do przeciwdzia\u0142ania ub\u00f3stwu jak\u0105kolwiek warto\u015b\u0107 dodan\u0105?<br \/>\n&#8211; jak prawo konstytucyjne, w szczeg\u00f3lno\u015bci Konstytucja RP okre\u015bla status jednostki skrajnie ubogiej?<br \/>\n&#8211; jak wygl\u0105da realizacja konstytucyjnego oraz mi\u0119dzynarodowego standardu ochrony praw cz\u0142owieka skrajnie ubogiego?<br \/>\nAnalizie poddano akty prawne maj\u0105ce szczeg\u00f3lne znaczenie dla sytuacji prawnej jednostek \u017cyj\u0105cych w skrajnym ub\u00f3stwie oraz orzecznictwo krajowych i mi\u0119dzynarodowych organ\u00f3w zajmuj\u0105cych si\u0119 kontrol\u0105 przestrzegania praw cz\u0142owieka.<\/p>\n<p>Stan prawny na 26 lutego 2019 roku<\/p>\n","protected":false},"excerpt":{"rendered":"<p>Nale\u017cy do serii: MONOGRAFIE Autor: Adam Ploszka Wydawca: Wolters Kluwer [&hellip;]<\/p>\n","protected":false},"featured_media":11028,"template":"","meta":[],"product_brand":[],"product_cat":[7496,18],"product_tag":[225,911,873,5037],"class_list":{"0":"post-11027","1":"product","2":"type-product","3":"status-publish","4":"has-post-thumbnail","6":"product_cat-konstytucyjne","7":"product_cat-prawo","8":"product_tag-polityka-spoleczna","9":"product_tag-prawa-czlowieka","10":"product_tag-prawo-konstytucyjne","11":"product_tag-seria-monografie","13":"first","14":"instock","15":"sale","16":"shipping-taxable","17":"purchasable","18":"product-type-simple"},"_links":{"self":[{"href":"https:\/\/ksiegarnia-akademicka.pl\/index.php\/wp-json\/wp\/v2\/product\/11027","targetHints":{"allow":["GET"]}}],"collection":[{"href":"https:\/\/ksiegarnia-akademicka.pl\/index.php\/wp-json\/wp\/v2\/product"}],"about":[{"href":"https:\/\/ksiegarnia-akademicka.pl\/index.php\/wp-json\/wp\/v2\/types\/product"}],"wp:featuredmedia":[{"embeddable":true,"href":"https:\/\/ksiegarnia-akademicka.pl\/index.php\/wp-json\/wp\/v2\/media\/11028"}],"wp:attachment":[{"href":"https:\/\/ksiegarnia-akademicka.pl\/index.php\/wp-json\/wp\/v2\/media?parent=11027"}],"wp:term":[{"taxonomy":"product_brand","embeddable":true,"href":"https:\/\/ksiegarnia-akademicka.pl\/index.php\/wp-json\/wp\/v2\/product_brand?post=11027"},{"taxonomy":"product_cat","embeddable":true,"href":"https:\/\/ksiegarnia-akademicka.pl\/index.php\/wp-json\/wp\/v2\/product_cat?post=11027"},{"taxonomy":"product_tag","embeddable":true,"href":"https:\/\/ksiegarnia-akademicka.pl\/index.php\/wp-json\/wp\/v2\/product_tag?post=11027"}],"curies":[{"name":"wp","href":"https:\/\/api.w.org\/{rel}","templated":true}]}}