{"id":110,"date":"2018-05-22T12:40:48","date_gmt":"2018-05-22T10:40:48","guid":{"rendered":"http:\/\/ksiegarnia-akademicka.pl\/index.php\/product\/algebra-liniowa-definicje-twierdzenia-wzory\/"},"modified":"2023-11-07T12:08:35","modified_gmt":"2023-11-07T11:08:35","slug":"algebra-liniowa-definicje-twierdzenia-wzory","status":"publish","type":"product","link":"https:\/\/ksiegarnia-akademicka.pl\/index.php\/product\/algebra-liniowa-definicje-twierdzenia-wzory\/","title":{"rendered":"Algebra liniowa Definicje, twierdzenia, wzory"},"content":{"rendered":"<p>T. Jurlewicz, Z. Skoczylas<br \/>\nGewert i Skoczylas<br \/>\nWydanie VIII poprawione<br \/>\nWroc\u0142aw 2022<br \/>\nstr. 140<br \/>\nISBN 978-83-62780-34-1<\/p>\n<p>Jest to pierwsza cz\u0119\u015b\u0107 podr\u0119cznika do Algebry liniowej<br \/>\nprzeznaczonego dla student\u00f3w politechnik. Zawiera materia\u0142 teoretyczny<br \/>\nomawiany na wyk\u0142adach z tego przedmiotu. W publikacji om\u00f3wiono<br \/>\nprzestrzenie liniowe, uk\u0142ady r\u00f3wna\u0144 liniowych, przekszta\u0142cenia liniowe<br \/>\noraz przestrzenie euklidesowe. Do wszystkich definicji i twierdze\u0144<br \/>\ndo\u0142\u0105czono \u0107wiczenia. Dowody wybranych twierdze\u0144 oraz odpowiedzi do<br \/>\n\u0107wicze\u0144 umieszczone s\u0105 na ko\u0144cu ka\u017cdego rozdzia\u0142u.<\/p>\n<p><\/br><\/br>pozycja dost\u0119pna<\/p>\n","protected":false},"excerpt":{"rendered":"<p>T. Jurlewicz, Z. Skoczylas Gewert i Skoczylas Wydanie VIII poprawione [&hellip;]<\/p>\n","protected":false},"featured_media":13458,"template":"","meta":[],"product_brand":[],"product_cat":[7519,35],"product_tag":[253,252],"class_list":{"0":"post-110","1":"product","2":"type-product","3":"status-publish","4":"has-post-thumbnail","6":"product_cat-matematyka","7":"product_cat-matematyka-i-jej-zastosowania","8":"product_tag-matematyka","9":"product_tag-matematyka-dla-studentow-politechnik","11":"first","12":"outofstock","13":"sale","14":"shipping-taxable","15":"purchasable","16":"product-type-simple"},"_links":{"self":[{"href":"https:\/\/ksiegarnia-akademicka.pl\/index.php\/wp-json\/wp\/v2\/product\/110","targetHints":{"allow":["GET"]}}],"collection":[{"href":"https:\/\/ksiegarnia-akademicka.pl\/index.php\/wp-json\/wp\/v2\/product"}],"about":[{"href":"https:\/\/ksiegarnia-akademicka.pl\/index.php\/wp-json\/wp\/v2\/types\/product"}],"wp:featuredmedia":[{"embeddable":true,"href":"https:\/\/ksiegarnia-akademicka.pl\/index.php\/wp-json\/wp\/v2\/media\/13458"}],"wp:attachment":[{"href":"https:\/\/ksiegarnia-akademicka.pl\/index.php\/wp-json\/wp\/v2\/media?parent=110"}],"wp:term":[{"taxonomy":"product_brand","embeddable":true,"href":"https:\/\/ksiegarnia-akademicka.pl\/index.php\/wp-json\/wp\/v2\/product_brand?post=110"},{"taxonomy":"product_cat","embeddable":true,"href":"https:\/\/ksiegarnia-akademicka.pl\/index.php\/wp-json\/wp\/v2\/product_cat?post=110"},{"taxonomy":"product_tag","embeddable":true,"href":"https:\/\/ksiegarnia-akademicka.pl\/index.php\/wp-json\/wp\/v2\/product_tag?post=110"}],"curies":[{"name":"wp","href":"https:\/\/api.w.org\/{rel}","templated":true}]}}