{"id":10920,"date":"2019-04-15T09:20:40","date_gmt":"2019-04-15T07:20:40","guid":{"rendered":"http:\/\/ksiegarnia-akademicka.pl\/?post_type=product&#038;p=10920"},"modified":"2024-12-04T14:29:29","modified_gmt":"2024-12-04T13:29:29","slug":"warunki-techniczne-budynkow-i-procedury-budowlane-poradnik-dla-praktykow","status":"publish","type":"product","link":"https:\/\/ksiegarnia-akademicka.pl\/index.php\/product\/warunki-techniczne-budynkow-i-procedury-budowlane-poradnik-dla-praktykow\/","title":{"rendered":"Warunki techniczne budynk\u00f3w i procedury budowlane Poradnik dla praktyk\u00f3w"},"content":{"rendered":"<p>Autor:<br \/>\nMicha\u0142 Bursztynowicz<br \/>\nWydawca: Wolters Kluwer<br \/>\nOprawa: Mi\u0119kka<br \/>\nFormat: 14.5&#215;20.5cm<br \/>\nLiczba stron: 312<br \/>\nWydanie: 1<br \/>\nRok wydania: 2019<br \/>\nJ\u0119zyk wydania: polski<\/p>\n<p>Warunki techniczne budynk\u00f3w i procedury budowlane to poradnik dla praktyk\u00f3w, w kt\u00f3rym kompleksowo przeanalizowano proces uzyskiwania pozwolenia na budow\u0119 oraz zg\u0142oszenia zamiaru wykonania rob\u00f3t budowlanych.<\/p>\n<p>Publikacja nie jest teoretycznym om\u00f3wieniem przepis\u00f3w, a wskazaniem w jaki spos\u00f3b korzysta\u0107 z nich w praktyce.<br \/>\nW ksi\u0105\u017cce znajdziesz m.in.:<br \/>\n&#8211; przyk\u0142ady stan\u00f3w faktycznych, kt\u00f3re by\u0142y przedmiotem post\u0119powa\u0144 administracyjnych przed organami administracji architektoniczno-budowlanej na terenie ca\u0142ego kraju, cz\u0119\u015bciowo zobrazowane na rysunkach;<br \/>\n&#8211; wzory pism dla inwestor\u00f3w, projektant\u00f3w i pe\u0142nomocnik\u00f3w;<br \/>\n&#8211; wzory decyzji i postanowie\u0144 dla urz\u0119dnik\u00f3w.<br \/>\nAutorzy omawiaj\u0105 praktyczne znaczenie zmiany rozporz\u0105dzenia w sprawie warunk\u00f3w technicznych jakim powinny odpowiada\u0107 budynki i ich usytuowanie, w tym:<br \/>\n&#8211; nowe definicje znanych uprzednio poj\u0119\u0107 m.in. zabudowa \u015br\u00f3dmiejska, dzia\u0142ka budowlana, kondygnacja, kondygnacja podziemna, teren biologicznie czynny,<br \/>\n&#8211; r\u00f3\u017cnice w post\u0119powaniach w sprawie udzielenia pozwolenia na budow\u0119 oraz przyj\u0119cia zg\u0142oszenia,<br \/>\n&#8211; postanowienia miejscowych plan\u00f3w zagospodarowania przestrzennego i decyzji o warunkach zabudowy i zagospodarowania terenu,<br \/>\n&#8211; tryby nadzwyczajne weryfikacji decyzji administracyjnych.<br \/>\nW opracowaniu uwzgl\u0119dniono m.in.:<br \/>\n&#8211; problemy zg\u0142aszane przez organy administracji architektoniczno-budowlanej podczas szkole\u0144, a tak\u017ce<br \/>\n&#8211; trudno\u015bci zg\u0142aszane przez u\u017cytkownik\u00f3w Serwisu Budowlanego Systemu Informacji Prawnej LEX.<br \/>\nKsi\u0105\u017cka zosta\u0142a napisana przez praktyk\u00f3w, kt\u00f3rzy posiadaj\u0105 do\u015bwiadczenie zar\u00f3wno w pracy w organie administracji architektoniczno-budowlanej, jak i w pomocy inwestorom w realizacjach inwestycji. Wszystkie om\u00f3wione problemy oraz przedstawione przyk\u0142ady zosta\u0142y zaczerpni\u0119te z sytuacji, z jakimi autorzy sami si\u0119 zetkn\u0119li i kt\u00f3re musieli rozwi\u0105za\u0107.<\/p>\n","protected":false},"excerpt":{"rendered":"<p>Autor: Micha\u0142 Bursztynowicz Wydawca: Wolters Kluwer Oprawa: Mi\u0119kka Format: 14.5&#215;20.5cm [&hellip;]<\/p>\n","protected":false},"featured_media":10921,"template":"","meta":[],"product_brand":[],"product_cat":[7812,7836],"product_tag":[1453,4576,4221],"class_list":{"0":"post-10920","1":"product","2":"type-product","3":"status-publish","4":"has-post-thumbnail","6":"product_cat-architektura-i-budownictwo","7":"product_cat-budownictwo","8":"product_tag-budownictwo","9":"product_tag-prawo-budowlane","10":"product_tag-warunki-techniczne","12":"first","13":"instock","14":"sale","15":"shipping-taxable","16":"purchasable","17":"product-type-simple"},"_links":{"self":[{"href":"https:\/\/ksiegarnia-akademicka.pl\/index.php\/wp-json\/wp\/v2\/product\/10920","targetHints":{"allow":["GET"]}}],"collection":[{"href":"https:\/\/ksiegarnia-akademicka.pl\/index.php\/wp-json\/wp\/v2\/product"}],"about":[{"href":"https:\/\/ksiegarnia-akademicka.pl\/index.php\/wp-json\/wp\/v2\/types\/product"}],"wp:featuredmedia":[{"embeddable":true,"href":"https:\/\/ksiegarnia-akademicka.pl\/index.php\/wp-json\/wp\/v2\/media\/10921"}],"wp:attachment":[{"href":"https:\/\/ksiegarnia-akademicka.pl\/index.php\/wp-json\/wp\/v2\/media?parent=10920"}],"wp:term":[{"taxonomy":"product_brand","embeddable":true,"href":"https:\/\/ksiegarnia-akademicka.pl\/index.php\/wp-json\/wp\/v2\/product_brand?post=10920"},{"taxonomy":"product_cat","embeddable":true,"href":"https:\/\/ksiegarnia-akademicka.pl\/index.php\/wp-json\/wp\/v2\/product_cat?post=10920"},{"taxonomy":"product_tag","embeddable":true,"href":"https:\/\/ksiegarnia-akademicka.pl\/index.php\/wp-json\/wp\/v2\/product_tag?post=10920"}],"curies":[{"name":"wp","href":"https:\/\/api.w.org\/{rel}","templated":true}]}}