{"id":10878,"date":"2019-04-12T09:36:30","date_gmt":"2019-04-12T07:36:30","guid":{"rendered":"http:\/\/ksiegarnia-akademicka.pl\/?post_type=product&#038;p=10878"},"modified":"2019-04-12T09:36:58","modified_gmt":"2019-04-12T07:36:58","slug":"determinanty-credit-ratingow-oraz-ich-wplyw-na-rynek-finansowy","status":"publish","type":"product","link":"https:\/\/ksiegarnia-akademicka.pl\/index.php\/product\/determinanty-credit-ratingow-oraz-ich-wplyw-na-rynek-finansowy\/","title":{"rendered":"Determinanty credit rating\u00f3w oraz ich wp\u0142yw na rynek finansowy"},"content":{"rendered":"<p>Autor:<br \/>\nPatrycja Chodnicka-Jaworska<br \/>\nWydawca: PWE<br \/>\nOprawa: Mi\u0119kka<br \/>\nFormat: 16.0&#215;23.5cm<br \/>\nLiczba stron: 598<br \/>\nRok wydania: 2019<br \/>\nJ\u0119zyk wydania: polski<\/p>\n<p>Ksi\u0105\u017cka stanowi efekt wieloletnich bada\u0144 prowadzonych przez Autork\u0119 na Wydziale Zarz\u0105dzania<br \/>\nUniwersytetu Warszawskiego. Praca ma na celu zbadanie czterech kluczowych obszar\u00f3w w zakresie<br \/>\ncredit rating\u00f3w bank\u00f3w, tj.:<br \/>\n\u2022 determinant credit rating\u00f3w bank\u00f3w i kraj\u00f3w oraz wsp\u00f3\u0142zale\u017cno\u015bci mi\u0119dzy nimi,<br \/>\n\u2022 reakcji instrument\u00f3w finansowych na zmiany credit rating\u00f3w bank\u00f3w,<br \/>\n\u2022 wp\u0142ywu strategii podejmowanych przez agencje ratingowe na finalne credit ratingi bank\u00f3w<br \/>\n\u2022 procykliczno\u015bci credit rating\u00f3w przy uwzgl\u0119dnieniu poziomu rozwoju gospodarczego kraj\u00f3w,<br \/>\npodzia\u0142\u00f3w politycznych, rozmiar\u00f3w agencji ratingowych czy typu credit rating\u00f3w.<\/p>\n","protected":false},"excerpt":{"rendered":"<p>Autor: Patrycja Chodnicka-Jaworska Wydawca: PWE Oprawa: Mi\u0119kka Format: 16.0&#215;23.5cm Liczba [&hellip;]<\/p>\n","protected":false},"featured_media":10879,"template":"","meta":[],"product_brand":[],"product_cat":[20,7504],"product_tag":[411,7853,1647],"class_list":{"0":"post-10878","1":"product","2":"type-product","3":"status-publish","4":"has-post-thumbnail","6":"product_cat-bankowosc","7":"product_cat-rynek-pieniezny-i-kapitalowy","8":"product_tag-bankowosc","9":"product_tag-credit-rating","10":"product_tag-gielda","12":"first","13":"instock","14":"sale","15":"shipping-taxable","16":"purchasable","17":"product-type-simple"},"_links":{"self":[{"href":"https:\/\/ksiegarnia-akademicka.pl\/index.php\/wp-json\/wp\/v2\/product\/10878","targetHints":{"allow":["GET"]}}],"collection":[{"href":"https:\/\/ksiegarnia-akademicka.pl\/index.php\/wp-json\/wp\/v2\/product"}],"about":[{"href":"https:\/\/ksiegarnia-akademicka.pl\/index.php\/wp-json\/wp\/v2\/types\/product"}],"wp:featuredmedia":[{"embeddable":true,"href":"https:\/\/ksiegarnia-akademicka.pl\/index.php\/wp-json\/wp\/v2\/media\/10879"}],"wp:attachment":[{"href":"https:\/\/ksiegarnia-akademicka.pl\/index.php\/wp-json\/wp\/v2\/media?parent=10878"}],"wp:term":[{"taxonomy":"product_brand","embeddable":true,"href":"https:\/\/ksiegarnia-akademicka.pl\/index.php\/wp-json\/wp\/v2\/product_brand?post=10878"},{"taxonomy":"product_cat","embeddable":true,"href":"https:\/\/ksiegarnia-akademicka.pl\/index.php\/wp-json\/wp\/v2\/product_cat?post=10878"},{"taxonomy":"product_tag","embeddable":true,"href":"https:\/\/ksiegarnia-akademicka.pl\/index.php\/wp-json\/wp\/v2\/product_tag?post=10878"}],"curies":[{"name":"wp","href":"https:\/\/api.w.org\/{rel}","templated":true}]}}