{"id":10872,"date":"2019-04-12T09:00:52","date_gmt":"2019-04-12T07:00:52","guid":{"rendered":"http:\/\/ksiegarnia-akademicka.pl\/?post_type=product&#038;p=10872"},"modified":"2025-10-06T16:17:04","modified_gmt":"2025-10-06T14:17:04","slug":"umiejetnosci-pielegniarskie-katalog-check-list-materialy-cwiczeniowe-z-podstaw-pielegniarstwa","status":"publish","type":"product","link":"https:\/\/ksiegarnia-akademicka.pl\/index.php\/product\/umiejetnosci-pielegniarskie-katalog-check-list-materialy-cwiczeniowe-z-podstaw-pielegniarstwa\/","title":{"rendered":"Umiej\u0119tno\u015bci piel\u0119gniarskie Katalog check-list Materia\u0142y \u0107wiczeniowe z podstaw piel\u0119gniarstwa"},"content":{"rendered":"<p>Redakcja: \u015alusarska Barbara, Zarzycka Danuta, Majda Anna<br \/>\nWydawca: PZWL<br \/>\nOprawa: Mi\u0119kka<br \/>\nFormat: 16.5&#215;23.5cm<br \/>\nLiczba stron: 290<br \/>\nWydanie: 1<br \/>\nRok wydania: 2023<br \/>\nJ\u0119zyk wydania: polski<\/p>\n<p>W ksi\u0105\u017cce zamieszczono listy kontrolne do oceny prawid\u0142owo\u015bci wykonania procedur: piel\u0119gnacyjnych, diagnostycznych, leczniczych, rehabilitacyjnych i edukacyjnych. Konstrukcja check-list u\u0142atwia opanowanie wielu, niekiedy trudnych czynno\u015bci i zada\u0144 zawodowych. Ka\u017cda lista kontrolna zawiera kryteria oceny poprawno\u015bci wykonania umiej\u0119tno\u015bci oraz przyporz\u0105dkowane jej punkty. W\u015br\u00f3d nich wskazano tzw. punkty krytyczne, czyli takie czynno\u015bci, kt\u00f3re student musi bezwzgl\u0119dnie zrealizowa\u0107 poprawnie. Przy b\u0142\u0119dnym wykonaniu zagro\u017cone mo\u017ce by\u0107 \u017cycie lub zdrowie pacjenta.<\/p>\n","protected":false},"excerpt":{"rendered":"<p>Redakcja: \u015alusarska Barbara, Zarzycka Danuta, Majda Anna Wydawca: PZWL Oprawa: [&hellip;]<\/p>\n","protected":false},"featured_media":10873,"template":"","meta":[],"product_brand":[],"product_cat":[7493,44],"product_tag":[7850,3994,4645],"class_list":{"0":"post-10872","1":"product","2":"type-product","3":"status-publish","4":"has-post-thumbnail","6":"product_cat-medycyna","7":"product_cat-nauki-medyczne","8":"product_tag-materialy-cwiczeniowe","9":"product_tag-medycyna","10":"product_tag-pielegniarstwo","12":"first","13":"instock","14":"sale","15":"shipping-taxable","16":"purchasable","17":"product-type-simple"},"_links":{"self":[{"href":"https:\/\/ksiegarnia-akademicka.pl\/index.php\/wp-json\/wp\/v2\/product\/10872","targetHints":{"allow":["GET"]}}],"collection":[{"href":"https:\/\/ksiegarnia-akademicka.pl\/index.php\/wp-json\/wp\/v2\/product"}],"about":[{"href":"https:\/\/ksiegarnia-akademicka.pl\/index.php\/wp-json\/wp\/v2\/types\/product"}],"wp:featuredmedia":[{"embeddable":true,"href":"https:\/\/ksiegarnia-akademicka.pl\/index.php\/wp-json\/wp\/v2\/media\/10873"}],"wp:attachment":[{"href":"https:\/\/ksiegarnia-akademicka.pl\/index.php\/wp-json\/wp\/v2\/media?parent=10872"}],"wp:term":[{"taxonomy":"product_brand","embeddable":true,"href":"https:\/\/ksiegarnia-akademicka.pl\/index.php\/wp-json\/wp\/v2\/product_brand?post=10872"},{"taxonomy":"product_cat","embeddable":true,"href":"https:\/\/ksiegarnia-akademicka.pl\/index.php\/wp-json\/wp\/v2\/product_cat?post=10872"},{"taxonomy":"product_tag","embeddable":true,"href":"https:\/\/ksiegarnia-akademicka.pl\/index.php\/wp-json\/wp\/v2\/product_tag?post=10872"}],"curies":[{"name":"wp","href":"https:\/\/api.w.org\/{rel}","templated":true}]}}