{"id":10863,"date":"2019-04-11T10:27:19","date_gmt":"2019-04-11T08:27:19","guid":{"rendered":"http:\/\/ksiegarnia-akademicka.pl\/?post_type=product&#038;p=10863"},"modified":"2019-04-11T10:27:20","modified_gmt":"2019-04-11T08:27:20","slug":"zrownowazona-miedzynarodowa-konkurencyjnosc-krajow-unii-europejskiej-studium-teoretyczno-empiryczne","status":"publish","type":"product","link":"https:\/\/ksiegarnia-akademicka.pl\/index.php\/product\/zrownowazona-miedzynarodowa-konkurencyjnosc-krajow-unii-europejskiej-studium-teoretyczno-empiryczne\/","title":{"rendered":"Zr\u00f3wnowa\u017cona mi\u0119dzynarodowa konkurencyjno\u015b\u0107 kraj\u00f3w Unii Europejskiej Studium teoretyczno-empiryczne"},"content":{"rendered":"<p>Autor:<br \/>\nChleba Katarzyna<br \/>\nWydawca: CeDeWu<br \/>\nOprawa: Mi\u0119kka<br \/>\nFormat: 16.5&#215;23.5cm<br \/>\nLiczba stron: 310<br \/>\nWydanie: 1<br \/>\nRok wydania: 2019<br \/>\nJ\u0119zyk wydania: polski<\/p>\n<p>Monografia jest warto\u015bciowym dzie\u0142em naukowym, dobrze osadzonym w teorii ekonomicznej oraz uwzgl\u0119dniaj\u0105cym, zakrojone na szerok\u0105 skal\u0119 badania empiryczne dotycz\u0105ce analiz i por\u00f3wna\u0144 mi\u0119dzynarodowych. Badania takie maj\u0105 du\u017ce znaczenie praktyczne i s\u0105 najbardziej aktualne, zar\u00f3wno w odniesieniu do gospodarek poszczeg\u00f3lnych kraj\u00f3w, jak i r\u00f3\u017cnych ugrupowa\u0144 (wsp\u00f3lnot) gospodarczych, np. ca\u0142ej Unii Europejskiej.<\/p>\n<p>Z recenzji dr hab. Anny Maliny, prof. Uniwersytetu Ekonomicznego w Krakowie<\/p>\n","protected":false},"excerpt":{"rendered":"<p>Autor: Chleba Katarzyna Wydawca: CeDeWu Oprawa: Mi\u0119kka Format: 16.5&#215;23.5cm Liczba [&hellip;]<\/p>\n","protected":false},"featured_media":10864,"template":"","meta":[],"product_brand":[],"product_cat":[24,25],"product_tag":[755,250],"class_list":{"0":"post-10863","1":"product","2":"type-product","3":"status-publish","4":"has-post-thumbnail","6":"product_cat-polityka-gospodarcza","7":"product_cat-unia-europejska","8":"product_tag-polityka-gospodarcza","9":"product_tag-unia-europejska","11":"first","12":"instock","13":"sale","14":"shipping-taxable","15":"purchasable","16":"product-type-simple"},"_links":{"self":[{"href":"https:\/\/ksiegarnia-akademicka.pl\/index.php\/wp-json\/wp\/v2\/product\/10863","targetHints":{"allow":["GET"]}}],"collection":[{"href":"https:\/\/ksiegarnia-akademicka.pl\/index.php\/wp-json\/wp\/v2\/product"}],"about":[{"href":"https:\/\/ksiegarnia-akademicka.pl\/index.php\/wp-json\/wp\/v2\/types\/product"}],"wp:featuredmedia":[{"embeddable":true,"href":"https:\/\/ksiegarnia-akademicka.pl\/index.php\/wp-json\/wp\/v2\/media\/10864"}],"wp:attachment":[{"href":"https:\/\/ksiegarnia-akademicka.pl\/index.php\/wp-json\/wp\/v2\/media?parent=10863"}],"wp:term":[{"taxonomy":"product_brand","embeddable":true,"href":"https:\/\/ksiegarnia-akademicka.pl\/index.php\/wp-json\/wp\/v2\/product_brand?post=10863"},{"taxonomy":"product_cat","embeddable":true,"href":"https:\/\/ksiegarnia-akademicka.pl\/index.php\/wp-json\/wp\/v2\/product_cat?post=10863"},{"taxonomy":"product_tag","embeddable":true,"href":"https:\/\/ksiegarnia-akademicka.pl\/index.php\/wp-json\/wp\/v2\/product_tag?post=10863"}],"curies":[{"name":"wp","href":"https:\/\/api.w.org\/{rel}","templated":true}]}}