{"id":10833,"date":"2019-04-10T13:43:01","date_gmt":"2019-04-10T11:43:01","guid":{"rendered":"http:\/\/ksiegarnia-akademicka.pl\/?post_type=product&#038;p=10833"},"modified":"2023-04-24T11:12:54","modified_gmt":"2023-04-24T09:12:54","slug":"anatomia-czlowieka-tom-4-podrecznik-dla-studentow-tytul-tomu-szyja-glowa-mozgowie","status":"publish","type":"product","link":"https:\/\/ksiegarnia-akademicka.pl\/index.php\/product\/anatomia-czlowieka-tom-4-podrecznik-dla-studentow-tytul-tomu-szyja-glowa-mozgowie\/","title":{"rendered":"Anatomia cz\u0142owieka Tom 4 Podr\u0119cznik dla student\u00f3w Tytu\u0142 tomu: Szyja, g\u0142owa, m\u00f3zgowie"},"content":{"rendered":"<p>Redakcja: Narkiewicz Olgierd, Mory\u015b Janusz<br \/>\nIlustracje: Scis\u0142owska Sylwia<br \/>\nWydawca: PZWL<br \/>\nOprawa: Mi\u0119kka<br \/>\nFormat: 16.5&#215;23.5cm<br \/>\nLiczba stron: 404<br \/>\nWydanie: 1<br \/>\nRok wydania: 2018<br \/>\nJ\u0119zyk wydania: polski<\/p>\n<p>Przedmiotem podr\u0119cznika jest anatomia cz\u0142owieka z uwzgl\u0119dnieniem element\u00f3w anatomii czynno\u015bciowej i wyr\u00f3\u017cnionych w tek\u015bcie przyk\u0142ad\u00f3w anatomii klinicznej. Podr\u0119cznik cechuje \u015bwietne usystematyzowanie materia\u0142u, a wzbogaca obszerny materia\u0142 ilustracyjny. Przygotowano go z my\u015bl\u0105 o studentach medycyny, wydzia\u0142\u00f3w lekarsko-dentystycznych i nauk paramedycznych, w szczeg\u00f3lno\u015bci pocz\u0105tkowych lat studi\u00f3w. B\u0119dzie r\u00f3wnie\u017c dobrze s\u0142u\u017cy\u0142 absolwentom, poniewa\u017c umo\u017cliwia przypomnienie sobie anatomii niezb\u0119dnej w praktyce klinicznej.<\/p>\n","protected":false},"excerpt":{"rendered":"<p>Redakcja: Narkiewicz Olgierd, Mory\u015b Janusz Ilustracje: Scis\u0142owska Sylwia Wydawca: PZWL [&hellip;]<\/p>\n","protected":false},"featured_media":10834,"template":"","meta":[],"product_brand":[],"product_cat":[7493],"product_tag":[4852,3994],"class_list":{"0":"post-10833","1":"product","2":"type-product","3":"status-publish","4":"has-post-thumbnail","6":"product_cat-medycyna","7":"product_tag-anatomia","8":"product_tag-medycyna","10":"first","11":"instock","12":"sale","13":"shipping-taxable","14":"purchasable","15":"product-type-simple"},"_links":{"self":[{"href":"https:\/\/ksiegarnia-akademicka.pl\/index.php\/wp-json\/wp\/v2\/product\/10833","targetHints":{"allow":["GET"]}}],"collection":[{"href":"https:\/\/ksiegarnia-akademicka.pl\/index.php\/wp-json\/wp\/v2\/product"}],"about":[{"href":"https:\/\/ksiegarnia-akademicka.pl\/index.php\/wp-json\/wp\/v2\/types\/product"}],"wp:featuredmedia":[{"embeddable":true,"href":"https:\/\/ksiegarnia-akademicka.pl\/index.php\/wp-json\/wp\/v2\/media\/10834"}],"wp:attachment":[{"href":"https:\/\/ksiegarnia-akademicka.pl\/index.php\/wp-json\/wp\/v2\/media?parent=10833"}],"wp:term":[{"taxonomy":"product_brand","embeddable":true,"href":"https:\/\/ksiegarnia-akademicka.pl\/index.php\/wp-json\/wp\/v2\/product_brand?post=10833"},{"taxonomy":"product_cat","embeddable":true,"href":"https:\/\/ksiegarnia-akademicka.pl\/index.php\/wp-json\/wp\/v2\/product_cat?post=10833"},{"taxonomy":"product_tag","embeddable":true,"href":"https:\/\/ksiegarnia-akademicka.pl\/index.php\/wp-json\/wp\/v2\/product_tag?post=10833"}],"curies":[{"name":"wp","href":"https:\/\/api.w.org\/{rel}","templated":true}]}}