{"id":10819,"date":"2019-04-10T10:12:07","date_gmt":"2019-04-10T08:12:07","guid":{"rendered":"http:\/\/ksiegarnia-akademicka.pl\/?post_type=product&#038;p=10819"},"modified":"2019-04-10T11:48:16","modified_gmt":"2019-04-10T09:48:16","slug":"medycyna-paliatywna","status":"publish","type":"product","link":"https:\/\/ksiegarnia-akademicka.pl\/index.php\/product\/medycyna-paliatywna\/","title":{"rendered":"Medycyna Paliatywna"},"content":{"rendered":"<p>Redakcja: Cia\u0142kowska-Rysz Aleksandra, Dzier\u017canowski Tomasz<br \/>\nWydawca: Termedia<br \/>\nOprawa: Mi\u0119kka<br \/>\nFormat: 20.5&#215;29.0cm<br \/>\nLiczba stron: 503<br \/>\nWydanie: 1<br \/>\nRok wydania: 2019<br \/>\nJ\u0119zyk wydania: polski<\/p>\n<p>Z ogromn\u0105 przyjemno\u015bci\u0105 informujemy o premierze bardzo wyczekiwanej przez \u015brodowisko ksi\u0105\u017cki \u201eMedycyna Paliatywna\u201d pod redakcj\u0105 Aleksandry Cia\u0142kowskiej-Rysz oraz Tomasza Dzier\u017canowskiego. Monografia skierowana jest do lekarzy i piel\u0119gniarek, kt\u00f3rzy na co dzie\u0144 stykaj\u0105 si\u0119 z pacjentem choruj\u0105cym na post\u0119puj\u0105ce choroby niepoddaj\u0105ce si\u0119 leczeniu przyczynowemu, a tak\u017ce do student\u00f3w i os\u00f3b specjalizuj\u0105cych si\u0119 w medycynie paliatywnej.<\/p>\n<p>Autorzy o ksi\u0105\u017cce:<br \/>\n&#8222;Medycyna paliatywna jest dziedzin\u0105 m\u0142od\u0105, chocia\u017c potrzeba leczenia os\u00f3b nieuleczalnie chorych oraz umieraj\u0105cych zrodzi\u0142a si\u0119 ju\u017c w wieku XIX. Rozwijaj\u0105c si\u0119 dynamicznie, w obliczu epidemii nowotwor\u00f3w i przewlek\u0142ych chor\u00f3b cywilizacyjnych, sta\u0142a si\u0119 specjalizacj\u0105 niezwykle potrzebn\u0105. Ksi\u0105\u017cka zawiera wyczerpuj\u0105ce opracowanie zagadnie\u0144 z ca\u0142ej dziedziny, przede wszystkim w uj\u0119ciu praktycznym. Dlatego dyskusja ograniczona jest do minimum, w zamian za to ch\u0119tnie korzystali\u015bmy z zestawie\u0144, tabel i rycin. Nie by\u0142o dotychczas tak obszernego opracowania w j\u0119zyku polskim w tej dziedzinie. Naszym marzeniem jest, aby ksi\u0105\u017cka sta\u0142a si\u0119 ulubionym narz\u0119dziem w codziennej pracy specjalist\u00f3w medycyny paliatywnej, os\u00f3b w trakcie specjalizacji i pog\u0142\u0119biaj\u0105cych swoj\u0105 wiedz\u0119, praktyk\u00f3w opieki paliatywnej, a tak\u017ce wszystkich lekarzy szukaj\u0105cych rzetelnej referencji co do post\u0119powania diagnostyczno-leczniczego. Starali\u015bmy si\u0119 przestrzega\u0107 zasad Evidence Based Medicine i opiera\u0107 na najbardziej aktualnej wiedzy, uzupe\u0142nionej o aspekty praktyczne. Najwi\u0119ksz\u0105 nasz\u0105 satysfakcj\u0105 b\u0119dzie, je\u015bli poniesiony przez nas wysi\u0142ek prze\u0142o\u017cy si\u0119 na powstanie ksi\u0105\u017cki nie tylko dobrej, ale potrzebnej, a wr\u0119cz niezb\u0119dnej w codziennej praktyce.&#8221;<\/p>\n","protected":false},"excerpt":{"rendered":"<p>Redakcja: Cia\u0142kowska-Rysz Aleksandra, Dzier\u017canowski Tomasz Wydawca: Termedia Oprawa: Mi\u0119kka Format: [&hellip;]<\/p>\n","protected":false},"featured_media":10820,"template":"","meta":[],"product_brand":[],"product_cat":[7493,7625],"product_tag":[7848],"class_list":{"0":"post-10819","1":"product","2":"type-product","3":"status-publish","4":"has-post-thumbnail","6":"product_cat-medycyna","7":"product_cat-nauki-o-zdrowiu","8":"product_tag-medycyna-paliatywna","10":"first","11":"instock","12":"sale","13":"shipping-taxable","14":"purchasable","15":"product-type-simple"},"_links":{"self":[{"href":"https:\/\/ksiegarnia-akademicka.pl\/index.php\/wp-json\/wp\/v2\/product\/10819","targetHints":{"allow":["GET"]}}],"collection":[{"href":"https:\/\/ksiegarnia-akademicka.pl\/index.php\/wp-json\/wp\/v2\/product"}],"about":[{"href":"https:\/\/ksiegarnia-akademicka.pl\/index.php\/wp-json\/wp\/v2\/types\/product"}],"wp:featuredmedia":[{"embeddable":true,"href":"https:\/\/ksiegarnia-akademicka.pl\/index.php\/wp-json\/wp\/v2\/media\/10820"}],"wp:attachment":[{"href":"https:\/\/ksiegarnia-akademicka.pl\/index.php\/wp-json\/wp\/v2\/media?parent=10819"}],"wp:term":[{"taxonomy":"product_brand","embeddable":true,"href":"https:\/\/ksiegarnia-akademicka.pl\/index.php\/wp-json\/wp\/v2\/product_brand?post=10819"},{"taxonomy":"product_cat","embeddable":true,"href":"https:\/\/ksiegarnia-akademicka.pl\/index.php\/wp-json\/wp\/v2\/product_cat?post=10819"},{"taxonomy":"product_tag","embeddable":true,"href":"https:\/\/ksiegarnia-akademicka.pl\/index.php\/wp-json\/wp\/v2\/product_tag?post=10819"}],"curies":[{"name":"wp","href":"https:\/\/api.w.org\/{rel}","templated":true}]}}