{"id":10806,"date":"2019-04-09T13:18:36","date_gmt":"2019-04-09T11:18:36","guid":{"rendered":"http:\/\/ksiegarnia-akademicka.pl\/?post_type=product&#038;p=10806"},"modified":"2023-10-24T12:55:43","modified_gmt":"2023-10-24T10:55:43","slug":"tybetanska-sztuka-kochania-seks-orgazm-i-uzdrawianie-duchowe","status":"publish","type":"product","link":"https:\/\/ksiegarnia-akademicka.pl\/index.php\/product\/tybetanska-sztuka-kochania-seks-orgazm-i-uzdrawianie-duchowe\/","title":{"rendered":"Tybeta\u0144ska sztuka kochania Seks, orgazm i uzdrawianie duchowe"},"content":{"rendered":"<p>Autor:<br \/>\nGendyn Czopel<br \/>\nWydawca: Rogaty Budda<br \/>\nOprawa: Mi\u0119kka<br \/>\nFormat: 25.7&#215;11.8<br \/>\nLiczba stron: 290<br \/>\nWydanie: 2<br \/>\nRok wydania: 2018<br \/>\nJ\u0119zyk wydania: polski<\/p>\n<p>Nowe wydanie rozszerzone o 24 nowe ilustracje!<\/p>\n<p>UWAGA! Ksi\u0105\u017cka dla doros\u0142ych +18.<\/p>\n<p>Ksi\u0105\u017cka szczeg\u00f3\u0142owo i przyst\u0119pnie prezentuje sze\u015b\u0107dziesi\u0105t cztery sposoby uprawiania mi\u0142osnego kunsztu. Zawiera ona pe\u0142ne t\u0142umaczenie &#8222;Traktatu o nami\u0119tno\u015bci&#8221; Gendyna Czopela, wielce kontrowersyjn\u0105 posta\u0107 buddyjskiego mnicha, kt\u00f3ry zrezygnowa\u0142 z \u017cycia w klasztorze. Jego podr\u0119cznik sztuki kochania jest bardziej sugestywny i przyst\u0119pny ni\u017c hinduskie dzie\u0142a o tematyce erotycznej, takie jak Kamasutra. Autor udziela zmys\u0142owych porad u\u0142atwiaj\u0105cych porzucenie zahamowa\u0144, szczeg\u00f3\u0142owo opisuje akty seksualne, pokazuje jak wykorzysta\u0107 rozkosz seksualn\u0105 do pog\u0142\u0119bienia duchowego wgl\u0105du i doradza, jak wzmaga\u0107 rozkosz u kobiety.<\/p>\n<p>Opieraj\u0105c si\u0119 na etyce mi\u0142o\u015bci Gendyn Czopel przekonuj\u0105co opowiada si\u0119 za r\u00f3wnouprawnieniem kobiet, a tak\u017ce ukazuje seksualn\u0105 ekstaz\u0119 jako wrota do duchowego do\u015bwiadczenia o\u015bwiecenia, kt\u00f3re przenika ca\u0142y \u015bwiat zjawisk.<\/p>\n<p>Polskie wydanie ksi\u0105\u017cki zmys\u0142owo zilustrowa\u0142a seri\u0105 ponad czterdziestu erotyk\u00f3w Agata Strza\u0142ka, artystka malarka, absolwentka Akademii Sztuk Pi\u0119knych w Krakowie. W nowym, rozszerzonym wydaniu znajduj\u0105 si\u0119 dodatkowe 24 ilustracje.<\/p>\n","protected":false},"excerpt":{"rendered":"<p>Autor: Gendyn Czopel Wydawca: Rogaty Budda Oprawa: Mi\u0119kka Format: 25.7&#215;11.8 [&hellip;]<\/p>\n","protected":false},"featured_media":10807,"template":"","meta":[],"product_brand":[],"product_cat":[7506,27,7509],"product_tag":[1257,7847],"class_list":{"0":"post-10806","1":"product","2":"type-product","3":"status-publish","4":"has-post-thumbnail","6":"product_cat-filozofia","7":"product_cat-nauki-spoleczne","8":"product_cat-psychologia","9":"product_tag-poradniki","10":"product_tag-sex","12":"first","13":"outofstock","14":"sale","15":"shipping-taxable","16":"purchasable","17":"product-type-simple"},"_links":{"self":[{"href":"https:\/\/ksiegarnia-akademicka.pl\/index.php\/wp-json\/wp\/v2\/product\/10806","targetHints":{"allow":["GET"]}}],"collection":[{"href":"https:\/\/ksiegarnia-akademicka.pl\/index.php\/wp-json\/wp\/v2\/product"}],"about":[{"href":"https:\/\/ksiegarnia-akademicka.pl\/index.php\/wp-json\/wp\/v2\/types\/product"}],"wp:featuredmedia":[{"embeddable":true,"href":"https:\/\/ksiegarnia-akademicka.pl\/index.php\/wp-json\/wp\/v2\/media\/10807"}],"wp:attachment":[{"href":"https:\/\/ksiegarnia-akademicka.pl\/index.php\/wp-json\/wp\/v2\/media?parent=10806"}],"wp:term":[{"taxonomy":"product_brand","embeddable":true,"href":"https:\/\/ksiegarnia-akademicka.pl\/index.php\/wp-json\/wp\/v2\/product_brand?post=10806"},{"taxonomy":"product_cat","embeddable":true,"href":"https:\/\/ksiegarnia-akademicka.pl\/index.php\/wp-json\/wp\/v2\/product_cat?post=10806"},{"taxonomy":"product_tag","embeddable":true,"href":"https:\/\/ksiegarnia-akademicka.pl\/index.php\/wp-json\/wp\/v2\/product_tag?post=10806"}],"curies":[{"name":"wp","href":"https:\/\/api.w.org\/{rel}","templated":true}]}}