{"id":10781,"date":"2019-04-08T10:26:51","date_gmt":"2019-04-08T08:26:51","guid":{"rendered":"http:\/\/ksiegarnia-akademicka.pl\/?post_type=product&#038;p=10781"},"modified":"2019-04-08T10:26:52","modified_gmt":"2019-04-08T08:26:52","slug":"problematyka-zarzadzania-wiedza-w-formacjach-mundurowych-systemu-bezpieczenstwa-panstwa","status":"publish","type":"product","link":"https:\/\/ksiegarnia-akademicka.pl\/index.php\/product\/problematyka-zarzadzania-wiedza-w-formacjach-mundurowych-systemu-bezpieczenstwa-panstwa\/","title":{"rendered":"Problematyka zarz\u0105dzania wiedz\u0105 w formacjach mundurowych systemu bezpiecze\u0144stwa pa\u0144stwa"},"content":{"rendered":"<p>Redakcja: Szczygielska Agnieszka<br \/>\nWydawca: Akademia Sztuki Wojennej<br \/>\nOprawa: Mi\u0119kka<br \/>\nFormat: 17.0&#215;24.5cm<br \/>\nLiczba stron: 151<br \/>\nRok wydania: 2019<br \/>\nJ\u0119zyk wydania: polski<\/p>\n<p>Problematyka zarz\u0105dzania wiedz\u0105 w formacjach mundurowych systemu bezpiecze\u0144stwa pa\u0144stwa<\/p>\n","protected":false},"excerpt":{"rendered":"<p>Redakcja: Szczygielska Agnieszka Wydawca: Akademia Sztuki Wojennej Oprawa: Mi\u0119kka Format: [&hellip;]<\/p>\n","protected":false},"featured_media":10782,"template":"","meta":[],"product_brand":[],"product_cat":[7511,28,30,7513],"product_tag":[46,7843,4389],"class_list":{"0":"post-10781","1":"product","2":"type-product","3":"status-publish","4":"has-post-thumbnail","6":"product_cat-kierowanie-i-zarzadzanie","7":"product_cat-pedagogika","8":"product_cat-zarzadzanie","9":"product_cat-zarzadzanie-zasobami-ludzkimi","10":"product_tag-dydaktyka","11":"product_tag-system-szkolnictwa-wojskowego","12":"product_tag-zarzadzanie-wiedza","14":"first","15":"instock","16":"sale","17":"shipping-taxable","18":"purchasable","19":"product-type-simple"},"_links":{"self":[{"href":"https:\/\/ksiegarnia-akademicka.pl\/index.php\/wp-json\/wp\/v2\/product\/10781","targetHints":{"allow":["GET"]}}],"collection":[{"href":"https:\/\/ksiegarnia-akademicka.pl\/index.php\/wp-json\/wp\/v2\/product"}],"about":[{"href":"https:\/\/ksiegarnia-akademicka.pl\/index.php\/wp-json\/wp\/v2\/types\/product"}],"wp:featuredmedia":[{"embeddable":true,"href":"https:\/\/ksiegarnia-akademicka.pl\/index.php\/wp-json\/wp\/v2\/media\/10782"}],"wp:attachment":[{"href":"https:\/\/ksiegarnia-akademicka.pl\/index.php\/wp-json\/wp\/v2\/media?parent=10781"}],"wp:term":[{"taxonomy":"product_brand","embeddable":true,"href":"https:\/\/ksiegarnia-akademicka.pl\/index.php\/wp-json\/wp\/v2\/product_brand?post=10781"},{"taxonomy":"product_cat","embeddable":true,"href":"https:\/\/ksiegarnia-akademicka.pl\/index.php\/wp-json\/wp\/v2\/product_cat?post=10781"},{"taxonomy":"product_tag","embeddable":true,"href":"https:\/\/ksiegarnia-akademicka.pl\/index.php\/wp-json\/wp\/v2\/product_tag?post=10781"}],"curies":[{"name":"wp","href":"https:\/\/api.w.org\/{rel}","templated":true}]}}