{"id":1077,"date":"2018-05-22T12:42:48","date_gmt":"2018-05-22T10:42:48","guid":{"rendered":"http:\/\/ksiegarnia-akademicka.pl\/index.php\/product\/rynki-instrumenty-i-instytucje-finansowe\/"},"modified":"2019-05-25T11:13:59","modified_gmt":"2019-05-25T09:13:59","slug":"rynki-instrumenty-i-instytucje-finansowe","status":"publish","type":"product","link":"https:\/\/ksiegarnia-akademicka.pl\/index.php\/product\/rynki-instrumenty-i-instytucje-finansowe\/","title":{"rendered":"Rynki, instrumenty i instytucje finansowe"},"content":{"rendered":"<p>Autor:<br \/>\nJan Czekaj<br \/>\nWydawca: Wydawnictwo Naukowe PWN<br \/>\nOprawa: Mi\u0119kka<br \/>\nFormat: 16.5&#215;23.5<br \/>\nLiczba stron: 707<br \/>\nWydanie: 2<br \/>\nRok wydania: 2018<\/p>\n<p>Nowe wydanie ciesz\u0105cego si\u0119 od lat nies\u0142abn\u0105cym zainteresowaniem podr\u0119cznika zawieraj\u0105cego kompletny wyk\u0142ad o rynku finansowym \u2013 jego mechanizmach, instrumentach, uczestnikach i ich wzajemnych relacjach.<br \/>\nCz\u0119\u015b\u0107 pierwsza to syntetyczny obraz rynku finansowego, nast\u0119pnie autorzy przechodz\u0105 do przyk\u0142ad\u00f3w, w ostatnich fragmentach podejmuj\u0105 \u2013 sprawiaj\u0105c\u0105 studentom najwi\u0119ksze trudno\u015bci \u2013 problematyk\u0119 wyceny instrument\u00f3w finansowych, od akcji i obligacji do instrument\u00f3w pochodnych.<br \/>\nKsi\u0105\u017cka zawiera szczeg\u00f3\u0142owe dane liczbowe dotycz\u0105ce polskiego rynku finansowego, zar\u00f3wno w przekroju rynk\u00f3w, instrument\u00f3w, jak i instytucji finansowych.<br \/>\nNa ko\u0144cu ka\u017cdego z rozdzia\u0142\u00f3w zamieszczono wykaz najwa\u017cniejszych termin\u00f3w, pytania kontrolne i zadania.<br \/>\nPrzejrzysta struktura i szczeg\u00f3\u0142owy spis tre\u015bci pozwalaj\u0105 na szybkie wyszukiwanie poszczeg\u00f3lnych zagadnie\u0144 w tek\u015bcie, a prosty j\u0119zyk i klarowno\u015b\u0107 wyk\u0142adu u\u0142atwiaj\u0105 zrozumienie cz\u0119sto bardzo skomplikowanych zagadnie\u0144.<br \/>\nAutorzy podr\u0119cznika to pracownicy naukowo-dydaktyczni Katedry Rynk\u00f3w Finansowych Akademii Ekonomicznej w Krakowie, kt\u00f3rej kierownikiem jest prof. dr hab. Jan Czekaj, redaktor naukowy podr\u0119cznika. Ksi\u0105\u017ck\u0119 wsp\u00f3\u0142tworz\u0105 tak\u017ce: Karolina Czekaj, El\u017cbieta Kubi\u0144ska, Janusz Raganiewicz, Marcin Czupryna, Andrzej Zygu\u0142a, Pawe\u0142 Oleksy, Micha\u0142 Grotowski, Anna Kosid\u0142owska, Maciej Bolis\u0119ga, Remigiusz Lipiec.<br \/>\nInformacja o autorze\/ redaktorze:<br \/>\nprof. dr hab. Jan Czekaj &#8211; ekonomista, kierownik Katedry Rynk\u00f3w Finansowych Uniwersytetu Ekonomicznego w Krakowie. By\u0142y wiceminister przekszta\u0142ce\u0144 w\u0142asno\u015bciowych oraz by\u0142y wiceminister finans\u00f3w i cz\u0142onek Rady Polityki Pieni\u0119\u017cnej.<br \/>\nZesp\u00f3\u0142 autor\u00f3w tworz\u0105: Jan Czekaj, Karolina Czekaj, El\u017cbieta Kubi\u0144ska, Janusz Raganiewicz, Marcin Czupryna, Andrzej Zygu\u0142a, Pawe\u0142 Oleksy, Micha\u0142 Grotowski, Anna Kosid\u0142owska, Maciej Bolis\u0119ga, Remigiusz Lipiec.<\/p>\n<p>Wst\u0119p . . . .11<br \/>\nCz\u0119\u015b\u0107 I. Og\u00f3lna charakterystyka rynk\u00f3w finansowych . . . . 17<br \/>\n 1. Istota i funkcje rynk\u00f3w finansowych . . . . 19<br \/>\n1.1. Poj\u0119cie oraz podstawowe rodzaje rynk\u00f3w . . .  21<br \/>\n1.1.1. Poj\u0119cie rynk\u00f3w finansowych . . . . . . .22<br \/>\n1.1.2. Funkcje rynk\u00f3w finansowych . . . . . . . 25<br \/>\n1.2. Regulacja rynk\u00f3w finansowych \u2212 rola pa\u0144stwa . . . . . 26<br \/>\n 2. Klasyfikacja rynk\u00f3w finansowych . . . . 29<br \/>\n2.1. Rynek pieni\u0119\u017cny . . . 32<br \/>\n2.2. Rynek kapita\u0142owy . . .33<br \/>\n2.3. Rynek walutowy . . . .35<br \/>\n2.4. Rynek instrument\u00f3w pochodnych . . . 36<br \/>\n2.5. Rynek pierwotny i wt\u00f3rny . . . . . .38<br \/>\n2.6. Rynek publiczny i rynek prywatny . . 40<br \/>\n2.7. Rynek transakcji natychmiastowych i rynek terminowy . . .41<br \/>\n2.8. Rynek inwestycji tradycyjnych i alternatywnych . . . . . 41<br \/>\n 3. Instrumenty finansowe . . .45<br \/>\n3.1. Poj\u0119cie i rodzaje instrument\u00f3w finansowych . . .47<br \/>\n3.1.1. Poj\u0119cie i forma papier\u00f3w warto\u015bciowych . . .47<br \/>\n3.1.2. Rodzaje papier\u00f3w warto\u015bciowych . . . .. 48<br \/>\n3.1.3. Emisja papier\u00f3w warto\u015bciowych . . . . 67<br \/>\n3.2. Instrumenty pochodne . .  . 69<br \/>\n3.3. Waluty . .  . . 74<br \/>\n4. Uczestnicy rynk\u00f3w finansowych .  . . 77<br \/>\n4.1. Emitenci . . . . . 80<br \/>\n4.2. Inwestorzy . . . . . 85<br \/>\n4.3. Po\u015brednicy finansowi . . 88<br \/>\n4.3.1. Banki . . . 89<br \/>\n4.3.2. Zak\u0142ady (towarzystwa, firmy) ubezpieczeniowe .  . 91<br \/>\n4.3.3. Fundusze inwestycyjne . . . . 94<br \/>\n4.3.4. Fundusze emerytalne . .  . 102<br \/>\n4.3.5. Pozosta\u0142e instytucje finansowe . . . 105<br \/>\n4.4. Instytucje reguluj\u0105ce i nadzoruj\u0105ce rynek . .  . 106<br \/>\n4.5. Instytucje obrotu instrumentami finansowymi . . . 109<br \/>\n4.5.1. Gie\u0142da papier\u00f3w warto\u015bciowych i rynek pozagie\u0142dowy (OTC) . .. . . 109<br \/>\n4.5.2. Depozyt papier\u00f3w warto\u015bciowych . .<br \/>\n4.5.3. Domy maklerskie . . . . .  . 115<br \/>\n4.5.4. Firmy zarz\u0105dzaj\u0105ce aktywami . . . . . 116<br \/>\n 5. Makroekonomiczne uwarunkowania rynk\u00f3w finansowych . . . 119<br \/>\n5.1. Sfera realna gospodarki a rynki finansowe . . . . 121<br \/>\n5.2. Wybrane parametry makroekonomiczne a rynki finansowe .  . 126<br \/>\n5.2.1. Stopa procentowa . .  . 126<br \/>\n5.2.2. Kurs walutowy . .  . . 131<br \/>\n5.2.3. Inflacja . . .. . . 134<br \/>\n5.3. Polityka makroekonomiczna . . . . 136<br \/>\n5.3.1. Polityka fiskalna . . . 139<br \/>\n5.3.2. Polityka pieni\u0119\u017cna . .  . 145<br \/>\n 6. Mikroekonomiczne uwarunkowania rynk\u00f3w finansowych . . . 157<br \/>\n6.1. Mikroekonomiczna teoria wyboru w sytuacji ryzyka . . . . 159<br \/>\n6.2. Wyb\u00f3r mi\u0119dzyokresowy . . .. . . 162<br \/>\n6.3. Teoria gier . . . . . . . 162<br \/>\n6.4. Mikrostruktura rynk\u00f3w finansowych . . . . . 164<br \/>\n6.4.1. Uczestnicy tradingu . .  . . . 164<br \/>\n6.4.2. Systemy tradingowe . . . . 165<br \/>\n6.4.3. Rodzaje zlece\u0144 gie\u0142dowych . . . . . . . . . 169<br \/>\n6.4.4. Inne elementy mikrostruktury rynku . . .. . . 171<br \/>\n6.5. Kszta\u0142towanie cen na rynkach finansowych . . . . 174<\/p>\n<p>Cz\u0119\u015b\u0107 II. Rynki i instrumenty finansowe w Polsce .  . . . . . 183<br \/>\n 7. Instrumenty finansowe wed\u0142ug rodzaj\u00f3w i rynku notowa\u0144 . . . 185<br \/>\n7.1. Instrumenty finansowe wed\u0142ug rodzaj\u00f3w . .  . . 187<br \/>\n7.2. Instrumenty finansowe wed\u0142ug wybranych rynk\u00f3w notowa\u0144 . . . . . . . 193<br \/>\n 8. Rynek pieni\u0119\u017cny i walutowy . . . .. 199<br \/>\n8.1. Rynek bon\u00f3w skarbowych . . .. 201<br \/>\n8.1.1. Rynek pierwotny . . .  . 202<br \/>\n8.1.2. System dealer\u00f3w skarbowych papier\u00f3w warto\u015bciowych . . . . 210<br \/>\n8.1.3. Rynek wt\u00f3rny . .. . . 212<br \/>\n8.2. Bony pieni\u0119\u017cne . . . 216<br \/>\n8.2.1. Rynek pierwotny . . . . 217<br \/>\n8.2.2. Dealerzy rynku pieni\u0119\u017cnego . . . . 219<br \/>\n8.2.3. Rynek wt\u00f3rny . . . . . 221<br \/>\n8.3. Transakcje o charakterze lokacyjnym . . . .. 222<br \/>\n8.3.1. Niezabezpieczone lokaty mi\u0119dzybankowe . .. . 222<br \/>\n8.3.2. Lokaty zabezpieczone . . . .. 229<br \/>\n8.4. Kr\u00f3tkoterminowe komercyjne papiery d\u0142u\u017cne . . . . 236<br \/>\n8.4.1. Kr\u00f3tkoterminowe papiery d\u0142u\u017cne bank\u00f3w komercyjnych . . . . 237<br \/>\n8.4.2. Kr\u00f3tkoterminowe papiery d\u0142u\u017cne przedsi\u0119biorstw . . . . . . . . 239<br \/>\n8.5. Rynek walutowych transakcji natychmiastowych . . . . 241<br \/>\n 9. Rynek kapita\u0142owy . . . . . 247<br \/>\n9.1. Prawne podstawy funkcjonowania rynku kapita\u0142owego . .  . 249<br \/>\n9.2. Rynek obligacji . . . . 261<br \/>\n9.2.1. Podstawy prawne emisji obligacji . . . . . . . . . . . . . . . . . . . . . . 261<br \/>\n9.2.2. Struktura rynku obligacji . . . . . . . . . . . . . . . . . . . . . . . . . . . . . 265<br \/>\n9.2.3. D\u0142ug Skarbu Pa\u0144stwa z tytu\u0142u obligacji . . . . . . . . . . . . . . . . . . 268<br \/>\n9.2.4. Zasady emisji oraz rodzaje obligacji skarbowych . . . . . . . . . 272<br \/>\n9.3. Rynek akcji . . . . . . . . . . . . . . . . . . . . . . . . . . . . . . . . . . . . . . . . . . . . . . . 280<br \/>\n9.3.1. Podstawy prawne dzia\u0142ania sp\u00f3\u0142ek akcyjnych . . . . . . . . . . . . . 280<br \/>\n9.3.2. Struktura rynku akcji . . . . . . . . . . . . . . . . . . . . . . . . . . . . . . . . 288<br \/>\n10. Gie\u0142da Papier\u00f3w Warto\u015bciowych w Warszawie . . . . . . . . . . . . . . . . . . . . . . . . 293<br \/>\n10.1. Powstanie i rozw\u00f3j GPW w Warszawie . . . . . . . . . . . . . . . . . . . . . . . . . 295<br \/>\n10.2. Organizacja GPW w Warszawie . . . . . . . . . . . . . . . . . . . . . . . . . . . . . . 304<br \/>\n10.3. Kasowe i terminowe transakcje gie\u0142dowe . . . . . . . . . . . . . . . . . . . . . . . 313<br \/>\n10.4. System UTP . . .. . . . 316<br \/>\n10.5. Systemy notowa\u0144 gie\u0142dowych . . .. 318<br \/>\n10.6. Rodzaje zlece\u0144 . . . . . 338<br \/>\n11. Instrumenty notowane na GPW w Warszawie . . . . 365<br \/>\n11.1. Papiery warto\u015bciowe . . .. . 370<br \/>\n11.1.1. Akcje . . . .. . 370<br \/>\n11.1.2. Pozosta\u0142e papiery warto\u015bciowe . . .  375<br \/>\n11.1.3. Indeksy gie\u0142dowe . .  . . 378<br \/>\n11.2. Instrumenty pochodne . .  . . 388<br \/>\n11.2.1. Kontrakty terminowe . . .. 389<br \/>\n11.2.2. Opcje . . . . . . 406<br \/>\n11.2.3. Warranty . . . . . . . 411<br \/>\n11.3. Produkty strukturyzowane oraz kr\u00f3tka sprzeda\u017c . .. . 412<br \/>\n11.3.1. Produkty strukturyzowane .  . . . 412<br \/>\n11.3.2. Kr\u00f3tka sprzeda\u017c . .  . . . 417<br \/>\n12. Pozosta\u0142e instytucje obrotu instrumentami finansowymi .  . 423<br \/>\n12.1. Krajowy Depozyt Papier\u00f3w Warto\u015bciowych i KDPW_CCP .  . 425<br \/>\n12.2. BondSpot . .<br \/>\n12.3. Rynek NewConnect . . . 436<br \/>\n12.4. Rynek Catalyst . .. . . . 446<br \/>\n12.4.1. Zasady dzia\u0142ania rynku Catalyst . . . . 446<br \/>\n12.4.2. Listy zastawne . . . 454<br \/>\n12.4.3. Obligacje . . . . . 455<br \/>\n12.5. Firmy prowadz\u0105ce dzia\u0142alno\u015b\u0107 maklersk\u0105 . . . . . 459<br \/>\nCz\u0119\u015b\u0107 III. Instytucje po\u015brednictwa finansowego w Polsce . . . 467<br \/>\n13. Aktywa finansowe gospodarstw domowych i instytucji finansowych<br \/>\nw Polsce . . . . . 469<br \/>\n14. Sektor bankowy . . . . 477<br \/>\n14.1. Regulacje prawne . .. . 479<br \/>\n14.2. Bank Centralny . . . . . . . . 484<br \/>\n14.2.1. Zasady dzia\u0142ania NBP . . . .. . . . . . . 484<br \/>\n14.2.2. Cele i narz\u0119dzia polityki pieni\u0119\u017cnej . . . . . 486<br \/>\n14.2.3. Zasady polityki kursowej . . . . . . 489<br \/>\n14.2.4. Nadz\u00f3r bankowy . .  . . 493<br \/>\n14.3. Banki komercyjne . .  . . . . . . . . 494<br \/>\n14.4. Skonsolidowany bilans sektora bankowego . . . . . 496<br \/>\n14.4.1. Bilans Narodowego Banku Polskiego . . .  . . 500<br \/>\n14.4.2. Bilans pozosta\u0142ych monetarnych instytucji finansowych . . . . 505<br \/>\n15. Fundusze inwestycyjne . . .  . . . . 513<br \/>\n15.1. Zasady dzia\u0142ania funduszy inwestycyjnych . . .515<br \/>\n15.2. Organy funduszy . . .. . . 519<br \/>\n15.3. Tytu\u0142y uczestnictwa emitowane przez fundusze . . . . . 520<br \/>\n15.4. Ograniczenia inwestycyjne funduszy . . .. . 524<br \/>\n15.5. Szczeg\u00f3lne konstrukcje i typy funduszy . . .  . . . 529<br \/>\n15.6. Rozw\u00f3j rynku funduszy inwestycyjnych w Polsce . .  . . 533<br \/>\n16. Firmy ubezpieczeniowe . . .  . . 541<br \/>\n16.1. Podstawy prawne dzia\u0142alno\u015bci ubezpieczeniowej . .  . . . . 543<br \/>\n16.2. Charakterystyka dzia\u0142alno\u015bci ubezpieczeniowej i reasekuracyjnej . . 546<br \/>\n16.3. Warunki i zasady wykonywania dzia\u0142alno\u015bci ubezpieczeniowej . . . . . 547<br \/>\n16.3.1. Formy zak\u0142ad\u00f3w ubezpiecze\u0144 . . . . . . . 547<br \/>\n16.3.2. Zasady gospodarki finansowej zak\u0142ad\u00f3w ubezpiecze\u0144<br \/>\ni zak\u0142ad\u00f3w reasekuracji . . .. 548<br \/>\n16.4. Zak\u0142ady ubezpiecze\u0144 w latach 2002\u22122014 . . . . . 551<br \/>\n16.5. Lokaty zak\u0142ad\u00f3w ubezpiecze\u0144 w latach 2002\u22122014 . . . . 554<br \/>\n17. Instytucje kapita\u0142owych ubezpiecze\u0144 emerytalnych . .. . . 561<br \/>\n17.1. Za\u0142o\u017cenia zreformowanego systemu emerytalnego . . . . 563<br \/>\n17.2. Otwarte fundusze emerytalne . . .. . . 565<br \/>\n17.2.1. Zasady dzia\u0142ania . .  . . . . 565<br \/>\n17.2.2. Otwarte fundusze emerytalne w latach 2002\u22122014 . . .. . 571<br \/>\n17.3. Pracownicze programy emerytalne . . .  . . . . 575<br \/>\n17.3.1. Zasady dzia\u0142ania . . .. . . . 575<br \/>\n17.3.2. Pracownicze programy emerytalne w latach 2002\u22122014 . . . . 578<br \/>\n17.4. Indywidualne konta emerytalne oraz indywidualne konta<br \/>\nzabezpieczenia emerytalnego . . . . . . 580<br \/>\n17.4.1. Zasady dzia\u0142ania . . . 580<br \/>\n17.4.2. Indywidualne konta emerytalne w latach 2004\u22122014 . . . . . . 582<br \/>\n17.4.3. Indywidualne konta zabezpieczenia emerytalnego w latach 2012\u22122014 . . .  583<br \/>\n17.4.4. Dobrowolne fundusze emerytalne . . . . . . . 584<br \/>\n18. Pozosta\u0142e firmy po\u015brednictwa finansowego . .  . . . 587<br \/>\n18.1. Firmy leasingowe . . . . . . . . . . 589<br \/>\n18.2. Firmy faktoringowe . . . . . . . . . 592<br \/>\n18.3. Firmy zarz\u0105dzaj\u0105ce aktywami . .. . . 595<br \/>\nCz\u0119\u015b\u0107 IV. Instrumenty finansowe \u2013 wycena . . . . . . . 601<br \/>\n19. Podstawy teorii wyceny . . .. . . . . 603<br \/>\n19.1. Wprowadzenie do teorii wyceny . .  . 605<br \/>\n19.2. Warto\u015b\u0107 pieni\u0105dza w czasie . . . 607<br \/>\n19.3. Realna stopa zwrotu .  . . 615<br \/>\n19.4. Efektywna roczna stopa procentowa . . .. . 618<br \/>\n19.5. Nadwy\u017ckowa stopa zwrotu . . . 621<br \/>\n19.6. Renta czasowa i wieczysta . . .. . 621<br \/>\n20. Wycena instrument\u00f3w udzia\u0142owych . .  . . . 627<br \/>\n20.1. Og\u00f3lny model dyskontowy . . .. . . 629<br \/>\n20.2. Wycena w zale\u017cno\u015bci od polityki dywidendy sp\u00f3\u0142ki . . . . 632<br \/>\n20.3. Wycena praw poboru . . . . . 644<br \/>\n21. Wycena instrument\u00f3w d\u0142u\u017cnych . . . . 649<br \/>\n21.1. Wycena bon\u00f3w skarbowych . . . . . 651<br \/>\n21.2. Obligacje zerokuponowe . . .. 654<br \/>\n21.3. Wycena obligacji kuponowych . . . . . 655<br \/>\n21.4. Stopa zwrotu w terminie wykupu . . . 659<br \/>\n22. Wycena instrument\u00f3w pochodnych . . .. . . . 665<br \/>\n22.1. Wycena kontrakt\u00f3w forward i futures . .  . . . 667<br \/>\n22.2. Wycena opcji . . . .  673<br \/>\n22.2.1. Miary elastyczno\u015bci cen opcji . . . . . . . 682<br \/>\n22.2.2. Wycena opcji z wykorzystaniem drzewa dwumianowego . . . . 685<br \/>\n22.2.3. Model Blacka\u2212Scholesa . .. . 689<br \/>\n22.3. Wycena kontrakt\u00f3w swap . . .. . 692<br \/>\nIndeks . . . . . . 699<\/p>\n","protected":false},"excerpt":{"rendered":"<p>Autor: Jan Czekaj Wydawca: Wydawnictwo Naukowe PWN Oprawa: Mi\u0119kka Format: [&hellip;]<\/p>\n","protected":false},"featured_media":9387,"template":"","meta":[],"product_brand":[],"product_cat":[20,19,7500,7504],"product_tag":[251,1147,2326,3272,448],"class_list":{"0":"post-1077","1":"product","2":"type-product","3":"status-publish","4":"has-post-thumbnail","6":"product_cat-bankowosc","7":"product_cat-finanse-i-prawo-finansowe","8":"product_cat-finanse-publiczne","9":"product_cat-rynek-pieniezny-i-kapitalowy","10":"product_tag-finanse","11":"product_tag-rynek-kapitalowy","12":"product_tag-rynek-pieniezny","13":"product_tag-rynki-finansowe","14":"product_tag-sektor-bankowy","16":"first","17":"instock","18":"sale","19":"shipping-taxable","20":"purchasable","21":"product-type-simple"},"_links":{"self":[{"href":"https:\/\/ksiegarnia-akademicka.pl\/index.php\/wp-json\/wp\/v2\/product\/1077","targetHints":{"allow":["GET"]}}],"collection":[{"href":"https:\/\/ksiegarnia-akademicka.pl\/index.php\/wp-json\/wp\/v2\/product"}],"about":[{"href":"https:\/\/ksiegarnia-akademicka.pl\/index.php\/wp-json\/wp\/v2\/types\/product"}],"wp:featuredmedia":[{"embeddable":true,"href":"https:\/\/ksiegarnia-akademicka.pl\/index.php\/wp-json\/wp\/v2\/media\/9387"}],"wp:attachment":[{"href":"https:\/\/ksiegarnia-akademicka.pl\/index.php\/wp-json\/wp\/v2\/media?parent=1077"}],"wp:term":[{"taxonomy":"product_brand","embeddable":true,"href":"https:\/\/ksiegarnia-akademicka.pl\/index.php\/wp-json\/wp\/v2\/product_brand?post=1077"},{"taxonomy":"product_cat","embeddable":true,"href":"https:\/\/ksiegarnia-akademicka.pl\/index.php\/wp-json\/wp\/v2\/product_cat?post=1077"},{"taxonomy":"product_tag","embeddable":true,"href":"https:\/\/ksiegarnia-akademicka.pl\/index.php\/wp-json\/wp\/v2\/product_tag?post=1077"}],"curies":[{"name":"wp","href":"https:\/\/api.w.org\/{rel}","templated":true}]}}