{"id":10705,"date":"2019-04-01T09:21:05","date_gmt":"2019-04-01T07:21:05","guid":{"rendered":"http:\/\/ksiegarnia-akademicka.pl\/?post_type=product&#038;p=10705"},"modified":"2019-04-01T09:21:06","modified_gmt":"2019-04-01T07:21:06","slug":"dziecko-z-bliska-idzie-w-swiat","status":"publish","type":"product","link":"https:\/\/ksiegarnia-akademicka.pl\/index.php\/product\/dziecko-z-bliska-idzie-w-swiat\/","title":{"rendered":"Dziecko z bliska idzie w \u015bwiat"},"content":{"rendered":"<p>Autor:<br \/>\nAgnieszka Stein<br \/>\nIlustracje: Ryll Maria<br \/>\nWydawca: Mamania<br \/>\nOprawa: Mi\u0119kka ze skrzyde\u0142kami<br \/>\nFormat: 14.5&#215;20.5cm<br \/>\nLiczba stron: 364<br \/>\nWydanie: 1<br \/>\nRok wydania: 2014<br \/>\nJ\u0119zyk wydania: polski<\/p>\n<p>Wielu rodzic\u00f3w ma obawy dotycz\u0105ce momentu, kiedy dziecko spod ich opieku\u0144czych skrzyde\u0142 wyrusza w szeroki \u015bwiat. Kiedy przekracza po raz pierwszy szkolne progi, kiedy pr\u00f3buje si\u0119 odnale\u017a\u0107 w nowej, nie zawsze przyjaznej rzeczywisto\u015bci, kiedy relacje mi\u0119dzy r\u00f3wie\u015bnikami zyskuj\u0105 na znaczeniu.<\/p>\n<p>Dorastanie dziecka to du\u017ce wyzwanie. Agnieszka Stein pokazuje, jak sprawi\u0107, aby ten czas by\u0142 jednocze\u015bnie okazj\u0105 do rozwoju nie tylko samego dziecka, ale tak\u017ce wszystkich cz\u0142onk\u00f3w rodziny.<\/p>\n<p>\u201eDziecko z bliska idzie w \u015bwiat\u201d odpowiada na wiele pyta\u0144 rodzic\u00f3w i opiekun\u00f3w dzieci w wieku szkolnym. Znajd\u0105 w niej podpowiedzi, jak m\u0105drze pom\u00f3c dziecku:<br \/>\n&#8211; w adaptacji do szkolnej rzeczywisto\u015bci,<br \/>\n&#8211; w rozwi\u0105zywaniu najcz\u0119stszych szkolnych problem\u00f3w,<br \/>\n&#8211; w nauce wsp\u00f3\u0142pracy i nawi\u0105zywania relacji z r\u00f3wie\u015bnikami.<\/p>\n<p>A tak\u017ce:<\/p>\n<p>&#8211; jak wspiera\u0107 dzieci w rozwoju samodzielno\u015bci,<br \/>\n&#8211; jak przygotowa\u0107 je do \u017cycia w nieidealnym \u015bwiecie,<br \/>\n&#8211; jak nabra\u0107 ufno\u015bci we w\u0142asne kompetencje rodzicielskie.<\/p>\n<p>\u201eDziecko z bliska\u201d, przedszkolak i szkolny debiutant z pierwszej, ciep\u0142o przyj\u0119tej ksi\u0105\u017cki Autorki, jest teraz starszy. Nadal jednak potrzebuje wsparcia bliskich mu doros\u0142ych. Agnieszka Stein, odwo\u0142uj\u0105c si\u0119 zar\u00f3wno do najnowszej wiedzy o tym, jak przebiega rozw\u00f3j dzieci w tym wieku, jak r\u00f3wnie\u017c do w\u0142asnych do\u015bwiadcze\u0144 w pracy psychologa w gimnazjum, inspiruje do poszukiwania w\u0142asnej drogi do dojrza\u0142ego rodzicielstwa.<\/p>\n","protected":false},"excerpt":{"rendered":"<p>Autor: Agnieszka Stein Ilustracje: Ryll Maria Wydawca: Mamania Oprawa: Mi\u0119kka [&hellip;]<\/p>\n","protected":false},"featured_media":10706,"template":"","meta":[],"product_brand":[],"product_cat":[28],"product_tag":[51,1257,4451],"class_list":{"0":"post-10705","1":"product","2":"type-product","3":"status-publish","4":"has-post-thumbnail","6":"product_cat-pedagogika","7":"product_tag-pedagogika","8":"product_tag-poradniki","9":"product_tag-wychowanie","11":"first","12":"instock","13":"sale","14":"shipping-taxable","15":"purchasable","16":"product-type-simple"},"_links":{"self":[{"href":"https:\/\/ksiegarnia-akademicka.pl\/index.php\/wp-json\/wp\/v2\/product\/10705","targetHints":{"allow":["GET"]}}],"collection":[{"href":"https:\/\/ksiegarnia-akademicka.pl\/index.php\/wp-json\/wp\/v2\/product"}],"about":[{"href":"https:\/\/ksiegarnia-akademicka.pl\/index.php\/wp-json\/wp\/v2\/types\/product"}],"wp:featuredmedia":[{"embeddable":true,"href":"https:\/\/ksiegarnia-akademicka.pl\/index.php\/wp-json\/wp\/v2\/media\/10706"}],"wp:attachment":[{"href":"https:\/\/ksiegarnia-akademicka.pl\/index.php\/wp-json\/wp\/v2\/media?parent=10705"}],"wp:term":[{"taxonomy":"product_brand","embeddable":true,"href":"https:\/\/ksiegarnia-akademicka.pl\/index.php\/wp-json\/wp\/v2\/product_brand?post=10705"},{"taxonomy":"product_cat","embeddable":true,"href":"https:\/\/ksiegarnia-akademicka.pl\/index.php\/wp-json\/wp\/v2\/product_cat?post=10705"},{"taxonomy":"product_tag","embeddable":true,"href":"https:\/\/ksiegarnia-akademicka.pl\/index.php\/wp-json\/wp\/v2\/product_tag?post=10705"}],"curies":[{"name":"wp","href":"https:\/\/api.w.org\/{rel}","templated":true}]}}