{"id":10701,"date":"2019-04-01T09:15:53","date_gmt":"2019-04-01T07:15:53","guid":{"rendered":"http:\/\/ksiegarnia-akademicka.pl\/?post_type=product&#038;p=10701"},"modified":"2019-04-01T09:15:54","modified_gmt":"2019-04-01T07:15:54","slug":"sztuka-prezentacji-teoria-i-praktyka","status":"publish","type":"product","link":"https:\/\/ksiegarnia-akademicka.pl\/index.php\/product\/sztuka-prezentacji-teoria-i-praktyka\/","title":{"rendered":"Sztuka prezentacji Teoria i praktyka"},"content":{"rendered":"<p>Redakcja: Jab\u0142onowska Lidia, Wachowiak Piotr, Winch S\u0142awomir<br \/>\nWydawca: Difin<br \/>\nOprawa: Mi\u0119kka<br \/>\nFormat: 16.0&#215;23.0cm<br \/>\nLiczba stron: 306<br \/>\nRok wydania: 2019<br \/>\nJ\u0119zyk wydania: polski<\/p>\n<p>Ksi\u0105\u017cka powsta\u0142a z my\u015bl\u0105 o tych, kt\u00f3rzy na co dzie\u0144 dokonuj\u0105 prezentacji i oczekuj\u0105 wiedzy zwi\u0105zanej z mechanizmami komunikacji ze sfery psychologii spo\u0142ecznej oraz poszukuj\u0105 konkretnych wskaz\u00f3wek zwi\u0105zanych z jej przygotowaniem oraz realizacj\u0105. Intencj\u0105 autor\u00f3w by\u0142o przedstawienie praktycznych wskaza\u0144 poprzez pryzmat koncepcji teoretycznych. Tego typu uj\u0119cie pozwala na wykorzystanie tre\u015bci ksi\u0105\u017cki w wielu sytuacjach, np. prezentacji projektu, oferty handlowej czy planu dzia\u0142a\u0144 marketingowych.<\/p>\n","protected":false},"excerpt":{"rendered":"<p>Redakcja: Jab\u0142onowska Lidia, Wachowiak Piotr, Winch S\u0142awomir Wydawca: Difin Oprawa: [&hellip;]<\/p>\n","protected":false},"featured_media":10702,"template":"","meta":[],"product_brand":[],"product_cat":[27,7509],"product_tag":[1257,3181],"class_list":{"0":"post-10701","1":"product","2":"type-product","3":"status-publish","4":"has-post-thumbnail","6":"product_cat-nauki-spoleczne","7":"product_cat-psychologia","8":"product_tag-poradniki","9":"product_tag-relacje-interpersonalne","11":"first","12":"instock","13":"sale","14":"shipping-taxable","15":"purchasable","16":"product-type-simple"},"_links":{"self":[{"href":"https:\/\/ksiegarnia-akademicka.pl\/index.php\/wp-json\/wp\/v2\/product\/10701","targetHints":{"allow":["GET"]}}],"collection":[{"href":"https:\/\/ksiegarnia-akademicka.pl\/index.php\/wp-json\/wp\/v2\/product"}],"about":[{"href":"https:\/\/ksiegarnia-akademicka.pl\/index.php\/wp-json\/wp\/v2\/types\/product"}],"wp:featuredmedia":[{"embeddable":true,"href":"https:\/\/ksiegarnia-akademicka.pl\/index.php\/wp-json\/wp\/v2\/media\/10702"}],"wp:attachment":[{"href":"https:\/\/ksiegarnia-akademicka.pl\/index.php\/wp-json\/wp\/v2\/media?parent=10701"}],"wp:term":[{"taxonomy":"product_brand","embeddable":true,"href":"https:\/\/ksiegarnia-akademicka.pl\/index.php\/wp-json\/wp\/v2\/product_brand?post=10701"},{"taxonomy":"product_cat","embeddable":true,"href":"https:\/\/ksiegarnia-akademicka.pl\/index.php\/wp-json\/wp\/v2\/product_cat?post=10701"},{"taxonomy":"product_tag","embeddable":true,"href":"https:\/\/ksiegarnia-akademicka.pl\/index.php\/wp-json\/wp\/v2\/product_tag?post=10701"}],"curies":[{"name":"wp","href":"https:\/\/api.w.org\/{rel}","templated":true}]}}