{"id":10691,"date":"2019-04-01T09:00:17","date_gmt":"2019-04-01T07:00:17","guid":{"rendered":"http:\/\/ksiegarnia-akademicka.pl\/?post_type=product&#038;p=10691"},"modified":"2024-12-04T14:14:24","modified_gmt":"2024-12-04T13:14:24","slug":"bycie-milym-to-przeklenstwo-tytul-oryginalny-the-curse-of-lovely","status":"publish","type":"product","link":"https:\/\/ksiegarnia-akademicka.pl\/index.php\/product\/bycie-milym-to-przeklenstwo-tytul-oryginalny-the-curse-of-lovely\/","title":{"rendered":"Bycie mi\u0142ym to przekle\u0144stwo Tytu\u0142 oryginalny: The Curse of Lovely"},"content":{"rendered":"<p>Autor:<br \/>\nJacqui Marson<br \/>\nT\u0142umacze: Lipnicka-Ko\u0142tuniak Katarzyna<br \/>\nWydawca: Muza<br \/>\nOprawa: Mi\u0119kka<br \/>\nFormat: 14.5&#215;20.5cm<br \/>\nLiczba stron: 318<br \/>\nWydanie: 1<br \/>\nRok wydania: 2019<br \/>\nJ\u0119zyk wydania: polski<\/p>\n<p>Ksi\u0105\u017cka to swoista sesja terapeutyczna, w trakcie kt\u00f3rej cz\u0142owiek mo\u017ce nauczy\u0107 si\u0119 zmierzy\u0107 z Przekle\u0144stwem Bycia Mi\u0142ym. Stanowi niezb\u0119dne \u017ar\u00f3d\u0142o wiedzy dla wszystkich os\u00f3b maj\u0105cych problem z m\u00f3wieniem nie.<br \/>\nAutorka zabiera czytelnika w podr\u00f3\u017c do poznania siebie i w\u0142asnych potrzeb. Wyja\u015bnia przyczyny i mechanizmy zjawiska bycia mi\u0142ym, nie ocenia ludzkich zachowa\u0144, lecz daje szczeg\u00f3\u0142owe wskaz\u00f3wki, jak zrozumie\u0107 i zmieni\u0107 m\u0119cz\u0105ce nas post\u0119powanie \u2013 pokazuje, jak sko\u0144czy\u0107 z zapominaniem o w\u0142asnych potrzebach, zacz\u0105\u0107 szanowa\u0107 siebie i nauczy\u0107 si\u0119 by\u0107 mi\u0142\u0105 dla samej siebie.<br \/>\nLiczne przyk\u0142ady prawdziwych \u017cyciowych historii oraz pe\u0142ne humoru podej\u015bcie autorki oraz dystans do samej siebie pozwalaj\u0105 w pe\u0142ni zobrazowa\u0107 problem i sprawiaj\u0105, \u017ce staje si\u0119 on bardziej zrozumia\u0142y i czytelny.<br \/>\nO autorce<br \/>\nJacqui Marson jest dyplomowanym i certyfikowanym psychologiem. Pracowa\u0142a w wielu r\u00f3\u017cnych zak\u0142adach lecznictwa w Londynie, mi\u0119dzy innymi w wi\u0119zieniu Holloway, w szpitalu \u015bw. Tomasza, a obecnie prowadzi praktyk\u0119 prywatn\u0105 w Covent Garden. Bardzo cz\u0119sto wypowiada si\u0119 jako ekspert z dziedziny psychologii w BBC, w programach telewizyjnych i radiowych. Publikuje w bran\u017cowych czasopismach po\u015bwi\u0119conych psychologii.<\/p>\n","protected":false},"excerpt":{"rendered":"<p>Autor: Jacqui Marson T\u0142umacze: Lipnicka-Ko\u0142tuniak Katarzyna Wydawca: Muza Oprawa: Mi\u0119kka [&hellip;]<\/p>\n","protected":false},"featured_media":10692,"template":"","meta":[],"product_brand":[],"product_cat":[27,7509],"product_tag":[1257,1186,3181],"class_list":{"0":"post-10691","1":"product","2":"type-product","3":"status-publish","4":"has-post-thumbnail","6":"product_cat-nauki-spoleczne","7":"product_cat-psychologia","8":"product_tag-poradniki","9":"product_tag-psychologia","10":"product_tag-relacje-interpersonalne","12":"first","13":"instock","14":"sale","15":"shipping-taxable","16":"purchasable","17":"product-type-simple"},"_links":{"self":[{"href":"https:\/\/ksiegarnia-akademicka.pl\/index.php\/wp-json\/wp\/v2\/product\/10691","targetHints":{"allow":["GET"]}}],"collection":[{"href":"https:\/\/ksiegarnia-akademicka.pl\/index.php\/wp-json\/wp\/v2\/product"}],"about":[{"href":"https:\/\/ksiegarnia-akademicka.pl\/index.php\/wp-json\/wp\/v2\/types\/product"}],"wp:featuredmedia":[{"embeddable":true,"href":"https:\/\/ksiegarnia-akademicka.pl\/index.php\/wp-json\/wp\/v2\/media\/10692"}],"wp:attachment":[{"href":"https:\/\/ksiegarnia-akademicka.pl\/index.php\/wp-json\/wp\/v2\/media?parent=10691"}],"wp:term":[{"taxonomy":"product_brand","embeddable":true,"href":"https:\/\/ksiegarnia-akademicka.pl\/index.php\/wp-json\/wp\/v2\/product_brand?post=10691"},{"taxonomy":"product_cat","embeddable":true,"href":"https:\/\/ksiegarnia-akademicka.pl\/index.php\/wp-json\/wp\/v2\/product_cat?post=10691"},{"taxonomy":"product_tag","embeddable":true,"href":"https:\/\/ksiegarnia-akademicka.pl\/index.php\/wp-json\/wp\/v2\/product_tag?post=10691"}],"curies":[{"name":"wp","href":"https:\/\/api.w.org\/{rel}","templated":true}]}}