{"id":1066,"date":"2018-05-22T12:42:47","date_gmt":"2018-05-22T10:42:47","guid":{"rendered":"http:\/\/ksiegarnia-akademicka.pl\/index.php\/product\/socjologia\/"},"modified":"2018-12-05T11:56:17","modified_gmt":"2018-12-05T10:56:17","slug":"socjologia","status":"publish","type":"product","link":"https:\/\/ksiegarnia-akademicka.pl\/index.php\/product\/socjologia\/","title":{"rendered":"Socjologia"},"content":{"rendered":"<p>Autor:<br \/>\nAnthony Giddens<br \/>\nT\u0142umacze: Siara Olga, Szul\u017cycka Alina, Tomanek Pawe\u0142<br \/>\nWydawca: Wydawnictwo Naukowe PWN<br \/>\nOprawa: Twarda<br \/>\nFormat: 20.0&#215;27.0cm<br \/>\nLiczba stron: 1164<br \/>\nWydanie: 1<br \/>\nRok wydania: 2012<\/p>\n<p>Nowe wydanie Socjologii \u2013 jednego z najbardziej znanych i wykorzystywanych na ca\u0142ym \u015bwiecie podr\u0119cznik\u00f3w \u2013 to lektura obowi\u0105zkowa nie tylko dla adept\u00f3w socjologii i os\u00f3b my\u015bl\u0105cych o podj\u0119ciu studi\u00f3w socjologicznych, ale r\u00f3wnie\u017c dla wszystkich, kt\u00f3rzy chc\u0105 zrozumie\u0107 otaczaj\u0105cy nas \u015bwiat. W ci\u0105gu ostatnich 10 lat od opublikowania poprzedniego polskiego wydania zmieni\u0142o si\u0119 bowiem niemal wszystko: dosz\u0142o do olbrzymiego rozwoju wiedzy socjologicznej, co znalaz\u0142o swoje odzwierciedlenie na kartach ksi\u0105\u017cki, zmieni\u0142 si\u0119 r\u00f3wnie\u017c \u015bwiat, dlatego konieczne okaza\u0142y si\u0119 gruntowne uzupe\u0142nienia, aktualizacje dotychczasowych tre\u015bci, dodanie nowych materia\u0142\u00f3w na temat wojen i terroryzmu czy zagro\u017ce\u0144 ekologicznych. Na pro\u015bby czytelnik\u00f3w z r\u00f3\u017cnych stron \u015bwiata autorzy wprowadzili r\u00f3wnie\u017c wiele nowych element\u00f3w dydaktycznych, akcentuj\u0105c szczeg\u00f3lnie wp\u0142ywy i wsp\u00f3\u0142zale\u017cno\u015bci w ramach globalizuj\u0105cego si\u0119 \u015bwiata. <\/p>\n<p>\u201eJedn\u0105 z najbardziej ekscytuj\u0105cych cech socjologii jest jej nieustanne zaanga\u017cowanie we wci\u0105\u017c zmieniaj\u0105cy si\u0119 \u015bwiat spo\u0142eczny. Zdarzenia, kt\u00f3re trudno nam zrozumie\u0107 lub kt\u00f3re wywo\u0142uj\u0105 w nas l\u0119k \u2013 takie jak zmiany klimatyczne czy terroryzm \u2013 s\u0105 bez wyj\u0105tku przedmiotami zainteresowania socjolog\u00f3w. W obecnym, sz\u00f3stym wydaniu tej ksi\u0105\u017cki, podobnie jak w poprzednich pi\u0119ciu, stara\u0142em si\u0119 odda\u0107 to poczucie ekscytacji, kt\u00f3re przenika najlepsze prace socjologiczne, i zainspirowa\u0107 nowe pokolenie socjolog\u00f3w. Ksi\u0105\u017ck\u0119 pisa\u0142em z niez\u0142omn\u0105 wiar\u0105 w to, \u017ce socjologia ma do odegrania istotn\u0105 rol\u0119 we wsp\u00f3\u0142czesnej kulturze intelektualnej i \u017ce zajmuje centralne miejsce w naukach spo\u0142ecznych. Nie pr\u00f3buj\u0119 w niej wprowadza\u0107 nadmiernie wyrafinowanych koncepcji ani popisywa\u0107 si\u0119 socjologicznym \u017cargonem. W ka\u017cdym rozdziale odwo\u0142uj\u0119 si\u0119 jednak do najnowszych osi\u0105gni\u0119\u0107 dyscypliny oraz do wsp\u00f3\u0142czesnych problem\u00f3w i danych. Nawi\u0105zuj\u0119 r\u00f3wnie\u017c, rzecz jasna, do w\u0142asnych prac, pisz\u0105c o nich zawsze w pierwszej osobie, aby czytelnicy mieli jasno\u015b\u0107, kiedy m\u00f3wi\u0119 o moich w\u0142asnych dokonaniach socjologicznych. Tam, gdzie to konieczne, przytaczam r\u00f3wnie\u017c pogl\u0105dy krytyk\u00f3w. Mam nadziej\u0119, \u017ce uda\u0142o mi si\u0119 unikn\u0105\u0107 zbytniej stronniczo\u015bci. Jak zwykle stara\u0142em si\u0119 opisa\u0107 g\u0142\u00f3wne perspektywy socjologiczne i najwa\u017cniejsze wyniki wsp\u00f3\u0142czesnych bada\u0144 w wywa\u017cony, chocia\u017c nie bezkrytyczny spos\u00f3b\u201d.<br \/>\n(fragment O ksi\u0105\u017cce)<br \/>\nAnthony Giddens \u2013 jeden z najbardziej wp\u0142ywowych brytyjskich socjolog\u00f3w, wyk\u0142adowca na uniwersytetach w Cambridge i Londynie, autor ponad 30 ksi\u0105\u017cek i setek artyku\u0142\u00f3w. W Polsce szeroko znany dzi\u0119ki bestsellerowemu podr\u0119cznikowi Socjologia, a tak\u017ce z prac: Nowoczesno\u015b\u0107 i to\u017csamo\u015b\u0107, Przemiany intymno\u015bci, Konsekwencje nowoczesno\u015bci, Stanowienie spo\u0142ecze\u0144stwa, Nowe zasady metody socjologicznej, Poza lewic\u0105 i prawic\u0105 czy Trzecia droga.<\/p>\n<p>Philip W. Sutton \u2013 brytyjski socjolog zwi\u0105zany z Robert Gordon University (RGU) w Aberdeen. Autor ksi\u0105\u017cek Explaining Environmentalism. In Search of the New Social Movement (2000), Nature, Environment and Society. Sociology for the Changing World (2004), The Environment. A Sociological Introduction (2007).<\/p>\n","protected":false},"excerpt":{"rendered":"<p>Autor: Anthony Giddens T\u0142umacze: Siara Olga, Szul\u017cycka Alina, Tomanek Pawe\u0142 [&hellip;]<\/p>\n","protected":false},"featured_media":9047,"template":"","meta":[],"product_brand":[],"product_cat":[27,7508],"product_tag":[3219,3224,246],"class_list":{"0":"post-1066","1":"product","2":"type-product","3":"status-publish","4":"has-post-thumbnail","6":"product_cat-nauki-spoleczne","7":"product_cat-socjologia","8":"product_tag-kultura-i-spoleczenstwo","9":"product_tag-rodzina","10":"product_tag-socjologia","12":"first","13":"instock","14":"sale","15":"shipping-taxable","16":"purchasable","17":"product-type-simple"},"_links":{"self":[{"href":"https:\/\/ksiegarnia-akademicka.pl\/index.php\/wp-json\/wp\/v2\/product\/1066","targetHints":{"allow":["GET"]}}],"collection":[{"href":"https:\/\/ksiegarnia-akademicka.pl\/index.php\/wp-json\/wp\/v2\/product"}],"about":[{"href":"https:\/\/ksiegarnia-akademicka.pl\/index.php\/wp-json\/wp\/v2\/types\/product"}],"wp:featuredmedia":[{"embeddable":true,"href":"https:\/\/ksiegarnia-akademicka.pl\/index.php\/wp-json\/wp\/v2\/media\/9047"}],"wp:attachment":[{"href":"https:\/\/ksiegarnia-akademicka.pl\/index.php\/wp-json\/wp\/v2\/media?parent=1066"}],"wp:term":[{"taxonomy":"product_brand","embeddable":true,"href":"https:\/\/ksiegarnia-akademicka.pl\/index.php\/wp-json\/wp\/v2\/product_brand?post=1066"},{"taxonomy":"product_cat","embeddable":true,"href":"https:\/\/ksiegarnia-akademicka.pl\/index.php\/wp-json\/wp\/v2\/product_cat?post=1066"},{"taxonomy":"product_tag","embeddable":true,"href":"https:\/\/ksiegarnia-akademicka.pl\/index.php\/wp-json\/wp\/v2\/product_tag?post=1066"}],"curies":[{"name":"wp","href":"https:\/\/api.w.org\/{rel}","templated":true}]}}