{"id":10650,"date":"2019-03-27T15:53:51","date_gmt":"2019-03-27T14:53:51","guid":{"rendered":"http:\/\/ksiegarnia-akademicka.pl\/?post_type=product&#038;p=10650"},"modified":"2019-03-27T16:14:10","modified_gmt":"2019-03-27T15:14:10","slug":"ewaluacja-edukacyjna-interdyskursywne-dialogi-i-konfrontacje","status":"publish","type":"product","link":"https:\/\/ksiegarnia-akademicka.pl\/index.php\/product\/ewaluacja-edukacyjna-interdyskursywne-dialogi-i-konfrontacje\/","title":{"rendered":"Ewaluacja edukacyjna Interdyskursywne dialogi i konfrontacje"},"content":{"rendered":"<p>Autor:<br \/>\nHenryk Mizerek<br \/>\nWydawca: Impuls<br \/>\nOprawa: Mi\u0119kka<br \/>\nFormat: 23.5&#215;16.0cm<br \/>\nLiczba stron: 236<br \/>\nWydanie: 1<br \/>\nRok wydania: 2017<br \/>\nJ\u0119zyk wydania: polski<\/p>\n<p>Ksi\u0105\u017cka dzieli si\u0119 na dwie cz\u0119\u015bci. Pierwsza \u2013 Tradycje i wsp\u00f3\u0142czesno\u015b\u0107 \u2013 pokazuje genez\u0119, rozw\u00f3j oraz wsp\u00f3\u0142czesne \u201esposoby istnienia\u201d ewaluacji edukacyjnej w dw\u00f3ch jej postaciach: jako praktyki nieod\u0142\u0105cznie zwi\u0105zanej z dziejami naszego gatunku oraz jako grupy nurt\u00f3w, podej\u015b\u0107 i teorii istniej\u0105cych w ramach dyscypliny akademickiej powsta\u0142ej w latach 50. ubieg\u0142ego stulecia w Stanach Zjednoczonych. W ten spos\u00f3b chc\u0119 zaprzeczy\u0107 obecnej w my\u015bleniu wielu wp\u0142ywowych os\u00f3b w Polsce tezie, \u017ce ewaluacja jest kulturowo obcym, \u201ewzi\u0119tym z kosmosu\u201d bytem. \u017be nie istnia\u0142a wcze\u015bniej i je\u015bli ju\u017c musimy j\u0105 prowadzi\u0107 (bo tak ka\u017ce prawo), to \u201etrzeba j\u0105 wymy\u015bli\u0107 od nowa\u201d. W tej cz\u0119\u015bci przedstawiam \u015bwiadectwa, w kt\u00f3rych \u015bwietle takiej tezy da si\u0119 broni\u0107.<br \/>\nDrugiej cz\u0119\u015bci ksi\u0105\u017cki nada\u0142em tytu\u0142 S\u0142owa wytrychy, s\u0142owa klucze. Analizuj\u0119 tu sze\u015b\u0107 kategorii: warto\u015bci, refleksj\u0119, dialog, podmioty sceny edukacyjnej, odpowiedzialno\u015b\u0107 i jako\u015b\u0107. Ka\u017cdej z nich po\u015bwi\u0119cam osobny rozdzia\u0142. O ich wyborze zadecydowa\u0142y dwie kwestie. Pierwsz\u0105 z nich jest fakt, \u017ce ka\u017cda z tych kategorii odnosi si\u0119 do fundamentalnych problem\u00f3w podejmowanych w teorii i metodologii bada\u0144 ewaluacyjnych. Jednocze\u015bnie \u2013 z racji swojej og\u00f3lno\u015bci \u2013 traktowane s\u0105 cz\u0119sto jako aksjomaty niewymagaj\u0105ce dalszych uzasadnie\u0144. Tymczasem \u2013 je\u015bli si\u0119 im przyjrze\u0107 bli\u017cej \u2013 nawet je\u017celi przyjmuj\u0105 status ukrytych przedza\u0142o\u017ce\u0144 (por. Slife, Williams, 1995), to zawsze stanowi\u0105 punkt odniesienia w zrozumieniu fenomenu bogactwa modeli, nurt\u00f3w, podej\u015b\u0107 czy generacji ewaluacji.<\/p>\n","protected":false},"excerpt":{"rendered":"<p>Autor: Henryk Mizerek Wydawca: Impuls Oprawa: Mi\u0119kka Format: 23.5&#215;16.0cm Liczba [&hellip;]<\/p>\n","protected":false},"featured_media":10651,"template":"","meta":[],"product_brand":[],"product_cat":[28],"product_tag":[51,45],"class_list":{"0":"post-10650","1":"product","2":"type-product","3":"status-publish","4":"has-post-thumbnail","6":"product_cat-pedagogika","7":"product_tag-pedagogika","8":"product_tag-szkolnictwo","10":"first","11":"instock","12":"sale","13":"shipping-taxable","14":"purchasable","15":"product-type-simple"},"_links":{"self":[{"href":"https:\/\/ksiegarnia-akademicka.pl\/index.php\/wp-json\/wp\/v2\/product\/10650","targetHints":{"allow":["GET"]}}],"collection":[{"href":"https:\/\/ksiegarnia-akademicka.pl\/index.php\/wp-json\/wp\/v2\/product"}],"about":[{"href":"https:\/\/ksiegarnia-akademicka.pl\/index.php\/wp-json\/wp\/v2\/types\/product"}],"wp:featuredmedia":[{"embeddable":true,"href":"https:\/\/ksiegarnia-akademicka.pl\/index.php\/wp-json\/wp\/v2\/media\/10651"}],"wp:attachment":[{"href":"https:\/\/ksiegarnia-akademicka.pl\/index.php\/wp-json\/wp\/v2\/media?parent=10650"}],"wp:term":[{"taxonomy":"product_brand","embeddable":true,"href":"https:\/\/ksiegarnia-akademicka.pl\/index.php\/wp-json\/wp\/v2\/product_brand?post=10650"},{"taxonomy":"product_cat","embeddable":true,"href":"https:\/\/ksiegarnia-akademicka.pl\/index.php\/wp-json\/wp\/v2\/product_cat?post=10650"},{"taxonomy":"product_tag","embeddable":true,"href":"https:\/\/ksiegarnia-akademicka.pl\/index.php\/wp-json\/wp\/v2\/product_tag?post=10650"}],"curies":[{"name":"wp","href":"https:\/\/api.w.org\/{rel}","templated":true}]}}