{"id":10551,"date":"2019-03-22T08:58:52","date_gmt":"2019-03-22T07:58:52","guid":{"rendered":"http:\/\/ksiegarnia-akademicka.pl\/?post_type=product&#038;p=10551"},"modified":"2026-03-17T12:35:51","modified_gmt":"2026-03-17T11:35:51","slug":"choroby-paznokci-praktyczny-poradnik-diagnostyka-i-leczenie","status":"publish","type":"product","link":"https:\/\/ksiegarnia-akademicka.pl\/index.php\/product\/choroby-paznokci-praktyczny-poradnik-diagnostyka-i-leczenie\/","title":{"rendered":"Choroby paznokci Praktyczny poradnik &#8211; diagnostyka i leczenie"},"content":{"rendered":"<p>Autor:<br \/>\nBianca Maria Piraccini<br \/>\nRedakcja: Maleszka Romuald<br \/>\nWydawca: Czelej<br \/>\nOprawa: Twarda<br \/>\nFormat: 21.0&#215;30.0cm<br \/>\nLiczba stron: 182<br \/>\nRok wydania: 2018<br \/>\nJ\u0119zyk wydania: polski<\/p>\n<p>PAZNOKCIE PE\u0141NI\u0104 WIELE ISTOTNYCH FUNKCJI, KT\u00d3RYCH ZNACZENIE JEST NAJBARDZIEJ ZAUWA\u017bALNE, GDY NAST\u0104PI ICH UTRATA LUB DOJDZIE DO ICH UPO\u015aLEDZENIA.<br \/>\nWygl\u0105d paznokcia jest cennym \u017ar\u00f3d\u0142em informacji dotycz\u0105cej pacjenta oraz stanu jego zdrowia, poniewa\u017c wiele zaburze\u0144 w obr\u0119bie p\u0142ytki paznokciowej mo\u017ce by\u0107 objawem schorze\u0144 og\u00f3lnoustrojowych.<\/p>\n<p>Choroby paznokci to praktyczny poradnik dotycz\u0105cy diagnostyki i leczenia schorze\u0144 paznokci. Swoim zakresem obejmuje zaburzenia pourazowe, zapalne oraz te, kt\u00f3re wywo\u0142ane s\u0105 przez czynniki \u015brodowiskowe, leki, nowotwory i choroby og\u00f3lnoustrojowe. Ponadto, poza przedstawieniem bada\u0144 oraz najwa\u017cniejszych cech w obrazie diagnostycznym, w ksi\u0105\u017cce zawarto r\u00f3wnie\u017c zalecenia dotycz\u0105ce leczenia omawianych chor\u00f3b.<\/p>\n","protected":false},"excerpt":{"rendered":"<p>Autor: Bianca Maria Piraccini Redakcja: Maleszka Romuald Wydawca: Czelej Oprawa: [&hellip;]<\/p>\n","protected":false},"featured_media":10552,"template":"","meta":[],"product_brand":[],"product_cat":[7625],"product_tag":[4934],"class_list":{"0":"post-10551","1":"product","2":"type-product","3":"status-publish","4":"has-post-thumbnail","6":"product_cat-nauki-o-zdrowiu","7":"product_tag-kosmetologia","9":"first","10":"outofstock","11":"sale","12":"shipping-taxable","13":"purchasable","14":"product-type-simple"},"_links":{"self":[{"href":"https:\/\/ksiegarnia-akademicka.pl\/index.php\/wp-json\/wp\/v2\/product\/10551","targetHints":{"allow":["GET"]}}],"collection":[{"href":"https:\/\/ksiegarnia-akademicka.pl\/index.php\/wp-json\/wp\/v2\/product"}],"about":[{"href":"https:\/\/ksiegarnia-akademicka.pl\/index.php\/wp-json\/wp\/v2\/types\/product"}],"wp:featuredmedia":[{"embeddable":true,"href":"https:\/\/ksiegarnia-akademicka.pl\/index.php\/wp-json\/wp\/v2\/media\/10552"}],"wp:attachment":[{"href":"https:\/\/ksiegarnia-akademicka.pl\/index.php\/wp-json\/wp\/v2\/media?parent=10551"}],"wp:term":[{"taxonomy":"product_brand","embeddable":true,"href":"https:\/\/ksiegarnia-akademicka.pl\/index.php\/wp-json\/wp\/v2\/product_brand?post=10551"},{"taxonomy":"product_cat","embeddable":true,"href":"https:\/\/ksiegarnia-akademicka.pl\/index.php\/wp-json\/wp\/v2\/product_cat?post=10551"},{"taxonomy":"product_tag","embeddable":true,"href":"https:\/\/ksiegarnia-akademicka.pl\/index.php\/wp-json\/wp\/v2\/product_tag?post=10551"}],"curies":[{"name":"wp","href":"https:\/\/api.w.org\/{rel}","templated":true}]}}