{"id":10547,"date":"2019-03-22T08:31:41","date_gmt":"2019-03-22T07:31:41","guid":{"rendered":"http:\/\/ksiegarnia-akademicka.pl\/?post_type=product&#038;p=10547"},"modified":"2019-03-22T08:55:33","modified_gmt":"2019-03-22T07:55:33","slug":"baza-ekonomiczna-ubezpieczenia-spolecznego","status":"publish","type":"product","link":"https:\/\/ksiegarnia-akademicka.pl\/index.php\/product\/baza-ekonomiczna-ubezpieczenia-spolecznego\/","title":{"rendered":"Baza ekonomiczna ubezpieczenia spo\u0142ecznego"},"content":{"rendered":"<p>Redakcja: Pacud Rados\u0142aw<br \/>\nWydawca: Difin<br \/>\nOprawa: Mi\u0119kka<br \/>\nFormat: 16.0&#215;23.0cm<br \/>\nLiczba stron: 272<br \/>\nWydanie: 1<br \/>\nRok wydania: 2019<br \/>\nJ\u0119zyk wydania: polski<\/p>\n<p>To pierwsza publikacja, kt\u00f3ra ca\u0142o\u015bciowo przedstawia struktur\u0119 ekonomiczn\u0105 ubezpiecze\u0144 spo\u0142ecznych, od kt\u00f3rej zale\u017cy ich stan finansowy. Podejmuje rol\u0119 pracy i kapita\u0142u, kt\u00f3re dostarczaj\u0105 podstawowych \u017ar\u00f3de\u0142 finansowania ubezpiecze\u0144 spo\u0142ecznych, a nast\u0119pnie bud\u017cetu pa\u0144stwa i zasob\u00f3w pa\u0144stwowych, kt\u00f3re uzupe\u0142niaj\u0105 przychody FUS. W ksi\u0105\u017cce Autorzy poszukuj\u0105 odpowiedzi, z czego maj\u0105 by\u0107 pokryte przysz\u0142e \u015bwiadczenia ubezpieczeniowe, a zw\u0142aszcza emerytury; jaka jest baza ekonomiczna ubezpieczenia spo\u0142ecznego oraz jakie dzia\u0142ania powinno w tym zakresie prowadzi\u0107 pa\u0144stwo. Wed\u0142ug najnowszych danych Eurostatu Polska ma najwi\u0119ksze zagregowane zobowi\u0105zania wobec emeryt\u00f3w i rencist\u00f3w w ca\u0142ej Unii Europejskiej w relacji do PKB. Z uwagi na likwidacj\u0119 OFE nale\u017cy rozpatrzy\u0107 wszechstronnie konsekwencje tych zmian, ustali\u0107 wed\u0142ug jakich mechanizm\u00f3w ekonomicznych zabezpieczone s\u0105 p\u0142atno\u015bci dla zwi\u0119kszaj\u0105cej si\u0119 liczby emeryt\u00f3w, a tak\u017ce wydolno\u015b\u0107 systemu ubezpiecze\u0144 spo\u0142ecznych. Ksi\u0105\u017cka wykazuje silny zwi\u0105zek ubezpiecze\u0144 spo\u0142ecznych nie tylko z demografi\u0105, ale te\u017c gospodark\u0105 i rynkiem pracy.<\/p>\n<p>Spis tre\u015bci:<\/p>\n<p>Wst\u0119p<\/p>\n<p>Cz\u0119\u015b\u0107 I. STRUKTURA BAZY EKONOMICZNEJ UBEZPIECZENIA SPO\u0141ECZNEGO<\/p>\n<p>Rozdzia\u0142 1. Baza ekonomiczna ubezpieczenia spo\u0142ecznego jako przedmiot bada\u0144<br \/>\nRados\u0142aw Pacud<\/p>\n<p>1.1. Przedmiot i cele bada\u0144<br \/>\n1.2. Geneza poj\u0119cia bazy ekonomicznej ubezpieczenia spo\u0142ecznego<br \/>\n1.3. Czynniki ekonomiczne bazy ubezpieczenia spo\u0142ecznego<br \/>\n1.4. Baza a nadbudowa ubezpieczenia spo\u0142ecznego. Potrzeba dyskusji<\/p>\n<p>Rozdzia\u0142 2. Praca. Dochody ludno\u015bci aktywnej zawodowo<br \/>\nSylwia Pie\u0144kowska-Kamieniecka<\/p>\n<p>2.1. Wprowadzenie<br \/>\n2.2. Demograficzne uwarunkowania rynku pracy<br \/>\n2.3. Rynek pracy<br \/>\n2.4. Dochody ludno\u015bci aktywnej zawodowo<br \/>\n2.5. Wnioski<\/p>\n<p>Rozdzia\u0142 3. Kapita\u0142 i rezerwy kapita\u0142owe w ubezpieczeniu spo\u0142ecznym<br \/>\nDamian Walczak<\/p>\n<p>3.1. Wprowadzenie<br \/>\n3.2. Kapita\u0142 \u2013 podstawa do sk\u0142adek i gwarancja dla nich<br \/>\n3.3. Kapita\u0142 \u2013 podstawa do przysz\u0142ych \u015bwiadcze\u0144<br \/>\n3.3.1. Kapita\u0142 w bazie ubezpieczenia spo\u0142ecznego<br \/>\n3.3.2. Kapita\u0142 w bazie zabezpieczenia staro\u015bci<br \/>\n3.4. Wnioski<\/p>\n<p>Rozdzia\u0142 4. Zasoby pa\u0144stwa. Uzupe\u0142nienie bazy ekonomicznej ubezpieczenia spo\u0142ecznego<br \/>\nRafa\u0142 Baranek, J\u00f3zefina Kr\u00f3l<\/p>\n<p>4.1. Wprowadzenie<br \/>\n4.2. Charakter prawny gwarancji pa\u0144stwa w systemie ubezpiecze\u0144 spo\u0142ecznych<br \/>\n4.3. Zasoby pa\u0144stwa jako dodatkowe pokrycie zobowi\u0105za\u0144 ubezpieczenia spo\u0142ecznego<br \/>\n4.4. Uzale\u017cnienie systemu ubezpiecze\u0144 spo\u0142ecznych od dotacji bud\u017cetowych<br \/>\n4.5. Wykorzystanie zasob\u00f3w maj\u0105tkowych pa\u0144stwa w sytuacji przewidzianej przez art. 216 ust. 5 Konstytucji<br \/>\n4.6. Wnioski<\/p>\n<p>Cz\u0119\u015b\u0107 II. FUNKCJA I KSZTA\u0141TOWANIE BAZY EKONOMICZNEJ UBEZPIECZENIA SPO\u0141ECZNEGO<\/p>\n<p>Rozdzia\u0142 5. Zobowi\u0105zania ubezpieczeniowe oraz ich pokrycie w ubezpieczeniu spo\u0142ecznym<br \/>\nRados\u0142aw Pacud<\/p>\n<p>5.1. Wprowadzenie<br \/>\n5.2. Zobowi\u0105zania ubezpiecze\u0144 spo\u0142ecznych. Podej\u015bcie ekonomiczne i prawne<br \/>\n5.3. Zobowi\u0105zania emerytalno-rentowe wed\u0142ug statystki ESA 2010<br \/>\n5.4. Pokrycie zobowi\u0105za\u0144 ubezpiecze\u0144 spo\u0142ecznych w perspektywie kr\u00f3tkookresowej<br \/>\n5.5. Pokrycie zobowi\u0105za\u0144 emerytalno-rentowych w perspektywie d\u0142ugookresowej<br \/>\n5.6. Wnioski<\/p>\n<p>Rozdzia\u0142 6. Redystrybucja \u015brodk\u00f3w pozyskanych z bazy ekonomicznej ubezpieczenia spo\u0142ecznego<br \/>\nArtur Walasik<\/p>\n<p>6.1. Mechanizmy eksploatacji ekonomicznej bazy ubezpieczenia spo\u0142ecznego<br \/>\n6.2. Popyt na ubezpieczenie spo\u0142eczne jako ekonomicznie uzasadnion\u0105 form\u0119 eksploatacji bazy ekonomicznej<br \/>\n6.3. Poda\u017c ubezpieczenia spo\u0142ecznego jako politycznie motywowana forma przechwycenia bazy ekonomicznej<br \/>\n6.4. Popytowe i poda\u017cowe podej\u015bcie do ubezpieczenia spo\u0142ecznego. Wnioski<\/p>\n<p>Rozdzia\u0142 7. Rozw\u00f3j bazy ekonomicznej ubezpiecze\u0144 spo\u0142ecznych<br \/>\nMaciej \u017bukowski<\/p>\n<p>7.1. Wprowadzenie<br \/>\n7.2. Wzrost gospodarczy<br \/>\n7.3. Wzrost aktywno\u015bci zawodowej<br \/>\n7.4. Wzrost dzietno\u015bci<br \/>\n7.5. Imigracja zarobkowa<br \/>\n7.6. W kierunku finansowania z podatk\u00f3w<br \/>\n7.7. Wnioski<\/p>\n<p>Rozdzia\u0142 8. Zakres wykorzystania bazy ekonomicznej ubezpieczenia spo\u0142ecznego okre\u015blany przez przep\u0142ywy \u015brodk\u00f3w pieni\u0119\u017cnych<br \/>\nKamila Bielawska, Artur Rejmer<\/p>\n<p>8.1. Wprowadzenie<br \/>\n8.2. Czynniki determinuj\u0105ce przep\u0142ywy finansowe w ubezpieczeniach spo\u0142ecznych<br \/>\n8.3. Analiza wp\u0142yw\u00f3w sk\u0142adkowych do Funduszu Ubezpiecze\u0144 Spo\u0142ecznych<br \/>\n8.4. Analiza wydatk\u00f3w na \u015bwiadczenia pieni\u0119\u017cne z Funduszu Ubezpiecze\u0144 Spo\u0142ecznych<br \/>\n8.5. Ograniczone wykorzystanie bazy ekonomicznej ubezpieczenia spo\u0142ecznego. Deficyt FUS<br \/>\n8.6. Wnioski<\/p>\n<p>Rozdzia\u0142 9. Baza ekonomiczna niewydolnego systemu ubezpiecze\u0144 spo\u0142ecznych<br \/>\nRados\u0142aw Pacud<\/p>\n<p>9.1. Wprowadzenie<br \/>\n9.2. Organizacja gromadzenia i podzia\u0142u \u015brodk\u00f3w z bazy ekonomicznej ubezpieczenia spo\u0142ecznego. Kogo dotyczy niewydolno\u015b\u0107?<br \/>\n9.3. Stabilno\u015b\u0107 Funduszu Ubezpiecze\u0144 Spo\u0142ecznych<br \/>\n9.4. Ryzyko niewyp\u0142acalno\u015bci instytucji ubezpiecze\u0144 spo\u0142ecznych<br \/>\n9.5. Zmniejszenie d\u0142ugu emerytalnego w celu poprawy wydolno\u015bci systemu ubezpiecze\u0144 spo\u0142ecznych w przysz\u0142o\u015bci<br \/>\n9.6. Wnioski<\/p>\n<p>Rozdzia\u0142 10. Konstytucyjne uwarunkowania gromadzenia i wydatkowania \u015brodk\u00f3w publicznych na cele ubezpieczenia spo\u0142ecznego<br \/>\nKrzysztof \u015alebzak<\/p>\n<p>10.1. Wprowadzenie<br \/>\n10.2. Ubezpieczenie spo\u0142eczne w Konstytucji RP<br \/>\n10.3. Konstytucyjne podstawy gromadzenia \u015brodk\u00f3w na realizacj\u0119 prawa do zabezpieczenia spo\u0142ecznego w formie ubezpieczenia spo\u0142ecznego<br \/>\n10.4. Zapewnienie r\u00f3wnowagi bud\u017cetowej przez pa\u0144stwo<br \/>\n10.5. Wnioski<\/p>\n<p>Rozdzia\u0142 11. Pa\u0144stwo i prawo w kszta\u0142towaniu bazy ekonomicznej ubezpiecze\u0144 spo\u0142ecznych<br \/>\nRados\u0142aw Pacud<\/p>\n<p>11.1. Wprowadzenie<br \/>\n11.2. Oddzia\u0142ywanie pa\u0144stwa baz\u0119 ekonomiczn\u0105 ubezpieczenia spo\u0142ecznego<br \/>\n11.2.1. Baza (ekonomiczna) a nadbudowa (prawna) \u2013 podej\u015bcie marksistowskie<br \/>\n11.2.2. Baza ekonomiczna a prawna regulacja jej u\u017cycia \u2013 podej\u015bcie integralne<br \/>\n11.3.Prawo jako instrument oddzia\u0142ywania pa\u0144stwa na baz\u0119 ekonomiczn\u0105 ubezpieczenia spo\u0142ecznego. Kryteria optymalizacji<br \/>\n11.4. Kszta\u0142towanie kapita\u0142owego pokrycia zobowi\u0105za\u0144 ubezpiecze\u0144 spo\u0142ecznych przez pa\u0144stwo<br \/>\n11.5. Wnioski<\/p>\n<p>ZAKO\u0143CZENIE<br \/>\nBIBLIOGRAFIA<br \/>\nSPIS TABEL i RYSUNK\u00d3W<\/p>\n","protected":false},"excerpt":{"rendered":"<p>Redakcja: Pacud Rados\u0142aw Wydawca: Difin Oprawa: Mi\u0119kka Format: 16.0&#215;23.0cm Liczba [&hellip;]<\/p>\n","protected":false},"featured_media":10548,"template":"","meta":[],"product_brand":[],"product_cat":[21],"product_tag":[337,643],"class_list":{"0":"post-10547","1":"product","2":"type-product","3":"status-publish","4":"has-post-thumbnail","6":"product_cat-ubezpieczenia","7":"product_tag-ekonomia","8":"product_tag-ubezpieczenia-spoleczne","10":"first","11":"instock","12":"sale","13":"shipping-taxable","14":"purchasable","15":"product-type-simple"},"_links":{"self":[{"href":"https:\/\/ksiegarnia-akademicka.pl\/index.php\/wp-json\/wp\/v2\/product\/10547","targetHints":{"allow":["GET"]}}],"collection":[{"href":"https:\/\/ksiegarnia-akademicka.pl\/index.php\/wp-json\/wp\/v2\/product"}],"about":[{"href":"https:\/\/ksiegarnia-akademicka.pl\/index.php\/wp-json\/wp\/v2\/types\/product"}],"wp:featuredmedia":[{"embeddable":true,"href":"https:\/\/ksiegarnia-akademicka.pl\/index.php\/wp-json\/wp\/v2\/media\/10548"}],"wp:attachment":[{"href":"https:\/\/ksiegarnia-akademicka.pl\/index.php\/wp-json\/wp\/v2\/media?parent=10547"}],"wp:term":[{"taxonomy":"product_brand","embeddable":true,"href":"https:\/\/ksiegarnia-akademicka.pl\/index.php\/wp-json\/wp\/v2\/product_brand?post=10547"},{"taxonomy":"product_cat","embeddable":true,"href":"https:\/\/ksiegarnia-akademicka.pl\/index.php\/wp-json\/wp\/v2\/product_cat?post=10547"},{"taxonomy":"product_tag","embeddable":true,"href":"https:\/\/ksiegarnia-akademicka.pl\/index.php\/wp-json\/wp\/v2\/product_tag?post=10547"}],"curies":[{"name":"wp","href":"https:\/\/api.w.org\/{rel}","templated":true}]}}