{"id":1054,"date":"2018-05-22T12:42:45","date_gmt":"2018-05-22T10:42:45","guid":{"rendered":"http:\/\/ksiegarnia-akademicka.pl\/index.php\/product\/psychologia-rozwojowa-w-zarysie-od-niemowlectwa-do-doroslosci\/"},"modified":"2021-03-26T10:50:48","modified_gmt":"2021-03-26T09:50:48","slug":"psychologia-rozwojowa-w-zarysie-od-niemowlectwa-do-doroslosci","status":"publish","type":"product","link":"https:\/\/ksiegarnia-akademicka.pl\/index.php\/product\/psychologia-rozwojowa-w-zarysie-od-niemowlectwa-do-doroslosci\/","title":{"rendered":"Psychologia rozwojowa w zarysie Od niemowl\u0119ctwa do doros\u0142o\u015bci"},"content":{"rendered":"<p>Nale\u017cy do serii:<br \/>\nKR\u00d3TKIE WYK\u0141ADY Z PSYCHOLOGII<br \/>\nAutor:<br \/>\nAnn Birch<br \/>\nT\u0142umacze: \u0141uczy\u0144ski Jan, Olejnik Marian<br \/>\nWydawca: Wydawnictwo Naukowe PWN<br \/>\nOprawa: Mi\u0119kka<br \/>\nFormat: 14.0&#215;20.5cm<br \/>\nLiczba stron: 306<br \/>\nWydanie: 1<br \/>\nRok wydania: 2021<br \/>\nJ\u0119zyk wydania: polski<\/p>\n<p>Nowe, zmienione i rozszerzone wydanie cenionego podr\u0119cznika wprowadzaj\u0105cego w zagadnienia psychologii rozwoju cz\u0142owieka.<\/p>\n<p>Ksi\u0105\u017cka:<br \/>\nw ciekawy i ca\u0142o\u015bciowy spos\u00f3b przedstawia podstawow\u0105 wiedz\u0119 dotycz\u0105c\u0105 rozwoju cz\u0142owieka w cyklu \u017cycia;<br \/>\nzwi\u0119\u017ale i przyst\u0119pnie omawia klasyczne teorie i najnowsze wyniki bada\u0144 empirycznych;<br \/>\nzawiera nowe tre\u015bci dotycz\u0105ce:<br \/>\n&#8211; ekologii rozwoju i jego kulturowego zr\u00f3\u017cnicowania,<br \/>\n&#8211; wczesnych relacji spo\u0142ecznych w \u015bwietle teorii przywi\u0105zania,<br \/>\n&#8211; pomiaru inteligencji i rozwoju poznawczego w kontek\u015bcie spo\u0142ecznym,<br \/>\n&#8211; rozwoju moralnego oraz wsp\u00f3\u0142czesnych bada\u0144 nad teoriami umys\u0142u;<br \/>\nprezentuje aktualne dyskusje, odnosz\u0105c wiedz\u0119 o rozwoju do praktyki spo\u0142ecznej.<\/p>\n<p>Ksi\u0105\u017cka nadaje si\u0119 na podr\u0119cznik dla os\u00f3b rozpoczynaj\u0105cych studia psychologiczne, pozwala bowiem zapozna\u0107 si\u0119 wst\u0119pnie z psychologi\u0105 rozwojow\u0105 przed przyst\u0105pieniem do zg\u0142\u0119biania jej poszczeg\u00f3lnych dzia\u0142\u00f3w. Przydatna b\u0119dzie tak\u017ce jako podr\u0119cznik psychologii rozwojowej dla studi\u00f3w nauczycielskich, szk\u00f3\u0142 \u015brednich i policealnych (pomaturalnych) np. wychowawczy\u0144 przedszkoli i medycznych.<\/p>\n","protected":false},"excerpt":{"rendered":"<p>Nale\u017cy do serii: KR\u00d3TKIE WYK\u0141ADY Z PSYCHOLOGII Autor: Ann Birch [&hellip;]<\/p>\n","protected":false},"featured_media":14144,"template":"","meta":[],"product_brand":[],"product_cat":[27,7509],"product_tag":[1186,3169],"class_list":{"0":"post-1054","1":"product","2":"type-product","3":"status-publish","4":"has-post-thumbnail","6":"product_cat-nauki-spoleczne","7":"product_cat-psychologia","8":"product_tag-psychologia","9":"product_tag-psychologia-rozwojowa","11":"first","12":"instock","13":"sale","14":"shipping-taxable","15":"purchasable","16":"product-type-simple"},"_links":{"self":[{"href":"https:\/\/ksiegarnia-akademicka.pl\/index.php\/wp-json\/wp\/v2\/product\/1054","targetHints":{"allow":["GET"]}}],"collection":[{"href":"https:\/\/ksiegarnia-akademicka.pl\/index.php\/wp-json\/wp\/v2\/product"}],"about":[{"href":"https:\/\/ksiegarnia-akademicka.pl\/index.php\/wp-json\/wp\/v2\/types\/product"}],"wp:featuredmedia":[{"embeddable":true,"href":"https:\/\/ksiegarnia-akademicka.pl\/index.php\/wp-json\/wp\/v2\/media\/14144"}],"wp:attachment":[{"href":"https:\/\/ksiegarnia-akademicka.pl\/index.php\/wp-json\/wp\/v2\/media?parent=1054"}],"wp:term":[{"taxonomy":"product_brand","embeddable":true,"href":"https:\/\/ksiegarnia-akademicka.pl\/index.php\/wp-json\/wp\/v2\/product_brand?post=1054"},{"taxonomy":"product_cat","embeddable":true,"href":"https:\/\/ksiegarnia-akademicka.pl\/index.php\/wp-json\/wp\/v2\/product_cat?post=1054"},{"taxonomy":"product_tag","embeddable":true,"href":"https:\/\/ksiegarnia-akademicka.pl\/index.php\/wp-json\/wp\/v2\/product_tag?post=1054"}],"curies":[{"name":"wp","href":"https:\/\/api.w.org\/{rel}","templated":true}]}}