{"id":10512,"date":"2019-03-18T09:04:37","date_gmt":"2019-03-18T08:04:37","guid":{"rendered":"http:\/\/ksiegarnia-akademicka.pl\/?post_type=product&#038;p=10512"},"modified":"2019-03-18T09:04:37","modified_gmt":"2019-03-18T08:04:37","slug":"wschodnie-dna-przewodnik-biznesowy-do-skutecznego-zarzadzania-pracownikami-ze-wschodu","status":"publish","type":"product","link":"https:\/\/ksiegarnia-akademicka.pl\/index.php\/product\/wschodnie-dna-przewodnik-biznesowy-do-skutecznego-zarzadzania-pracownikami-ze-wschodu\/","title":{"rendered":"Wschodnie DNA Przewodnik biznesowy do skutecznego zarz\u0105dzania pracownikami ze Wschodu"},"content":{"rendered":"<p>Autor:<br \/>\nZbyszek Pawlak<br \/>\nWydawca: Difin<br \/>\nOprawa: Mi\u0119kka<br \/>\nLiczba stron: 224<br \/>\nRok wydania: 2019<br \/>\nJ\u0119zyk wydania: polski<\/p>\n<p>Opis<br \/>\nChcesz zatrudni\u0107 pracownik\u00f3w ze Wschodu, zapomnij o zachodnich metodach zarz\u0105dzania.<\/p>\n<p>Dw\u00f3ch autor\u00f3w, korzystaj\u0105c z ponad 20 lat do\u015bwiadcze\u0144 \u2013 jeden z \u017cycia w zawi\u0142o\u015bciach wschodniej kultury, drugi w zarz\u0105dzaniu zachodnim biznesem \u2013 stworzyli \u015bmia\u0142y projekt szkoleniowo-konsultingowy, maj\u0105cy na celu identyfikacj\u0119 i charakterystyk\u0119 wschodniego DNA w zachodnim biznesie.<\/p>\n<p>Poznaj prawdziwe historie pracownik\u00f3w z Azji \u015arodkowej, zmagaj\u0105cych si\u0119 ze standardami i etyk\u0105 pracy na Zachodzie oraz ich szef\u00f3w, osaczonych przez wschodni\u0105 mentalno\u015b\u0107 i niejednokrotnie \u201e\u015bmiej\u0105cych si\u0119 przez \u0142zy\u201d.<br \/>\nTa ksi\u0105\u017cka dedykowana jest ka\u017cdemu, kto jest gotowy zmierzy\u0107 si\u0119 z nadchodz\u0105c\u0105 przysz\u0142o\u015bci\u0105 i podj\u0119ciem ryzyka zatrudnienia pracownik\u00f3w ze Wschodu.<br \/>\nUczy przez Wschodnie Opowie\u015bci.<br \/>\nPrzeprowadza przez r\u00f3\u017cnice mi\u0119dzy Wschodem i Zachodem.<br \/>\nWyposa\u017ca w ponad 50 zastosowa\u0144 biznesowych.<br \/>\nZnalaz\u0142e\u015b b\u0142\u0105d w opisie towaru?<br \/>\nZg\u0142o\u015b go, wpisuj\u0105c swoje uwagi poni\u017cej:<\/p>\n","protected":false},"excerpt":{"rendered":"<p>Autor: Zbyszek Pawlak Wydawca: Difin Oprawa: Mi\u0119kka Liczba stron: 224 [&hellip;]<\/p>\n","protected":false},"featured_media":10513,"template":"","meta":[],"product_brand":[],"product_cat":[7511,30,7513],"product_tag":[735,1216,545],"class_list":{"0":"post-10512","1":"product","2":"type-product","3":"status-publish","4":"has-post-thumbnail","6":"product_cat-kierowanie-i-zarzadzanie","7":"product_cat-zarzadzanie","8":"product_cat-zarzadzanie-zasobami-ludzkimi","9":"product_tag-kadry","10":"product_tag-rynek-pracy","11":"product_tag-zarzadzanie-personelem","13":"first","14":"instock","15":"sale","16":"shipping-taxable","17":"purchasable","18":"product-type-simple"},"_links":{"self":[{"href":"https:\/\/ksiegarnia-akademicka.pl\/index.php\/wp-json\/wp\/v2\/product\/10512","targetHints":{"allow":["GET"]}}],"collection":[{"href":"https:\/\/ksiegarnia-akademicka.pl\/index.php\/wp-json\/wp\/v2\/product"}],"about":[{"href":"https:\/\/ksiegarnia-akademicka.pl\/index.php\/wp-json\/wp\/v2\/types\/product"}],"wp:featuredmedia":[{"embeddable":true,"href":"https:\/\/ksiegarnia-akademicka.pl\/index.php\/wp-json\/wp\/v2\/media\/10513"}],"wp:attachment":[{"href":"https:\/\/ksiegarnia-akademicka.pl\/index.php\/wp-json\/wp\/v2\/media?parent=10512"}],"wp:term":[{"taxonomy":"product_brand","embeddable":true,"href":"https:\/\/ksiegarnia-akademicka.pl\/index.php\/wp-json\/wp\/v2\/product_brand?post=10512"},{"taxonomy":"product_cat","embeddable":true,"href":"https:\/\/ksiegarnia-akademicka.pl\/index.php\/wp-json\/wp\/v2\/product_cat?post=10512"},{"taxonomy":"product_tag","embeddable":true,"href":"https:\/\/ksiegarnia-akademicka.pl\/index.php\/wp-json\/wp\/v2\/product_tag?post=10512"}],"curies":[{"name":"wp","href":"https:\/\/api.w.org\/{rel}","templated":true}]}}