{"id":1048,"date":"2018-05-22T12:42:45","date_gmt":"2018-05-22T10:42:45","guid":{"rendered":"http:\/\/ksiegarnia-akademicka.pl\/index.php\/product\/polska-polityka-pamieci-esej-socjologiczny\/"},"modified":"2022-07-25T14:14:59","modified_gmt":"2022-07-25T12:14:59","slug":"polska-polityka-pamieci-esej-socjologiczny","status":"publish","type":"product","link":"https:\/\/ksiegarnia-akademicka.pl\/index.php\/product\/polska-polityka-pamieci-esej-socjologiczny\/","title":{"rendered":"Polska polityka pami\u0119ci Esej socjologiczny"},"content":{"rendered":"<p>Nijakowski Lech M. Wydawnictwa Akademickie i Profesjonalne 2008 <\/br><\/br><\/p>\n<p><span style=\"font-size: small\">Esej akademicki dotycz\u0105cy jednego z najbardziej aktualnych temat&oacute;w publicznych debat w Polsce &#8211; polityki pami\u0119ci, zwanej te\u017c polityk\u0105 historyczn\u0105, napisany z punktu widzenia socjologii, zw\u0142aszcza socjologii historycznej.<\/span><\/p>\n<p><\/br><\/br>pozycja dost\u0119pna<\/p>\n","protected":false},"excerpt":{"rendered":"<p>Nijakowski Lech M. Wydawnictwa Akademickie i Profesjonalne 2008 Esej akademicki [&hellip;]<\/p>\n","protected":false},"featured_media":9245,"template":"","meta":[],"product_brand":[],"product_cat":[27,7508],"product_tag":[3141,7706,7705,246],"class_list":{"0":"post-1048","1":"product","2":"type-product","3":"status-publish","4":"has-post-thumbnail","6":"product_cat-nauki-spoleczne","7":"product_cat-socjologia","8":"product_tag-pamiec-zbiorowa","9":"product_tag-polityka-historyczna","10":"product_tag-polityka-pamieci","11":"product_tag-socjologia","13":"first","14":"outofstock","15":"sale","16":"shipping-taxable","17":"purchasable","18":"product-type-simple"},"_links":{"self":[{"href":"https:\/\/ksiegarnia-akademicka.pl\/index.php\/wp-json\/wp\/v2\/product\/1048","targetHints":{"allow":["GET"]}}],"collection":[{"href":"https:\/\/ksiegarnia-akademicka.pl\/index.php\/wp-json\/wp\/v2\/product"}],"about":[{"href":"https:\/\/ksiegarnia-akademicka.pl\/index.php\/wp-json\/wp\/v2\/types\/product"}],"wp:featuredmedia":[{"embeddable":true,"href":"https:\/\/ksiegarnia-akademicka.pl\/index.php\/wp-json\/wp\/v2\/media\/9245"}],"wp:attachment":[{"href":"https:\/\/ksiegarnia-akademicka.pl\/index.php\/wp-json\/wp\/v2\/media?parent=1048"}],"wp:term":[{"taxonomy":"product_brand","embeddable":true,"href":"https:\/\/ksiegarnia-akademicka.pl\/index.php\/wp-json\/wp\/v2\/product_brand?post=1048"},{"taxonomy":"product_cat","embeddable":true,"href":"https:\/\/ksiegarnia-akademicka.pl\/index.php\/wp-json\/wp\/v2\/product_cat?post=1048"},{"taxonomy":"product_tag","embeddable":true,"href":"https:\/\/ksiegarnia-akademicka.pl\/index.php\/wp-json\/wp\/v2\/product_tag?post=1048"}],"curies":[{"name":"wp","href":"https:\/\/api.w.org\/{rel}","templated":true}]}}