{"id":10450,"date":"2019-03-13T09:05:11","date_gmt":"2019-03-13T08:05:11","guid":{"rendered":"http:\/\/ksiegarnia-akademicka.pl\/?post_type=product&#038;p=10450"},"modified":"2019-03-13T09:05:11","modified_gmt":"2019-03-13T08:05:11","slug":"abc-psychologii-komunikacji","status":"publish","type":"product","link":"https:\/\/ksiegarnia-akademicka.pl\/index.php\/product\/abc-psychologii-komunikacji\/","title":{"rendered":"ABC psychologii komunikacji"},"content":{"rendered":"<p>Autor:<br \/>\nEl\u017cbieta Sujak<br \/>\nWydawca: WAM<br \/>\nOprawa: Mi\u0119kka<br \/>\nFormat: 13.0&#215;19.0cm<br \/>\nLiczba stron: 96<br \/>\nRok wydania: 2018<br \/>\nJ\u0119zyk wydania: polski<\/p>\n<p>Ksi\u0105\u017cka zwi\u0119\u017ale prezentuje podstawy i za\u0142o\u017cenia psychologii komunikacji. Chocia\u017c Autorka zdaje si\u0119 zak\u0142ada\u0107, i\u017c najbardziej praktyczna jest dobra teoria, na teorii jednak nie poprzestaje, dotyka bowiem praktycznego wymiaru komunikacji, tzn. potrzeby codziennego kszta\u0142towania i piel\u0119gnowania kontakt\u00f3w mi\u0119dzyludzkich, by na trwale sta\u0142y si\u0119 one autentyczne i owocne. Co jednak wa\u017cniejsze, czyni to w spos\u00f3b bardzo przyst\u0119pny, odwo\u0142uj\u0105c si\u0119 do konkretnych zada\u0144 \u017cyciowych i aspekt\u00f3w codzienno\u015bci znanych ka\u017cdemu nazbyt dobrze. Nale\u017c\u0105 do nich mi\u0119dzy innymi konieczno\u015b\u0107-wiele nas kosztuj\u0105cych-kontakt\u00f3w z lud\u017ami &#8222;trudnymi&#8221;, uwzgl\u0119dnianie i odr\u00f3\u017cnianie tego, co si\u0119 m\u00f3wi od tego jak si\u0119 m\u00f3wi, spotykana cz\u0119sto i to nie tylko w miejscu pracy manipulacja, czy te\u017c nacechowane szacunkiem i stawianiem granic udane wychowanie dzieci.<\/p>\n<p>El\u017cbieta Sujak, dr medycyny, lekarz psychiatra i neurolog, zaanga\u017cowana w poradnictwo rodzinne, od wielu lat prowadz\u0105ca kursy psychologii komunikacji, autorka licznych ksi\u0105\u017cek i artyku\u0142\u00f3w.<\/p>\n","protected":false},"excerpt":{"rendered":"<p>Autor: El\u017cbieta Sujak Wydawca: WAM Oprawa: Mi\u0119kka Format: 13.0&#215;19.0cm Liczba [&hellip;]<\/p>\n","protected":false},"featured_media":10451,"template":"","meta":[],"product_brand":[],"product_cat":[27,7509],"product_tag":[1186,7808,3181],"class_list":{"0":"post-10450","1":"product","2":"type-product","3":"status-publish","4":"has-post-thumbnail","6":"product_cat-nauki-spoleczne","7":"product_cat-psychologia","8":"product_tag-psychologia","9":"product_tag-psychologia-komunikacji","10":"product_tag-relacje-interpersonalne","12":"first","13":"instock","14":"sale","15":"shipping-taxable","16":"purchasable","17":"product-type-simple"},"_links":{"self":[{"href":"https:\/\/ksiegarnia-akademicka.pl\/index.php\/wp-json\/wp\/v2\/product\/10450","targetHints":{"allow":["GET"]}}],"collection":[{"href":"https:\/\/ksiegarnia-akademicka.pl\/index.php\/wp-json\/wp\/v2\/product"}],"about":[{"href":"https:\/\/ksiegarnia-akademicka.pl\/index.php\/wp-json\/wp\/v2\/types\/product"}],"wp:featuredmedia":[{"embeddable":true,"href":"https:\/\/ksiegarnia-akademicka.pl\/index.php\/wp-json\/wp\/v2\/media\/10451"}],"wp:attachment":[{"href":"https:\/\/ksiegarnia-akademicka.pl\/index.php\/wp-json\/wp\/v2\/media?parent=10450"}],"wp:term":[{"taxonomy":"product_brand","embeddable":true,"href":"https:\/\/ksiegarnia-akademicka.pl\/index.php\/wp-json\/wp\/v2\/product_brand?post=10450"},{"taxonomy":"product_cat","embeddable":true,"href":"https:\/\/ksiegarnia-akademicka.pl\/index.php\/wp-json\/wp\/v2\/product_cat?post=10450"},{"taxonomy":"product_tag","embeddable":true,"href":"https:\/\/ksiegarnia-akademicka.pl\/index.php\/wp-json\/wp\/v2\/product_tag?post=10450"}],"curies":[{"name":"wp","href":"https:\/\/api.w.org\/{rel}","templated":true}]}}