{"id":10421,"date":"2019-03-11T09:30:53","date_gmt":"2019-03-11T08:30:53","guid":{"rendered":"http:\/\/ksiegarnia-akademicka.pl\/?post_type=product&#038;p=10421"},"modified":"2024-12-04T14:22:47","modified_gmt":"2024-12-04T13:22:47","slug":"po-pierwsze-czlowiek-kapital-spoleczny-osob-niepelnosprawnych-w-polsce","status":"publish","type":"product","link":"https:\/\/ksiegarnia-akademicka.pl\/index.php\/product\/po-pierwsze-czlowiek-kapital-spoleczny-osob-niepelnosprawnych-w-polsce\/","title":{"rendered":"Po pierwsze cz\u0142owiek Kapita\u0142 spo\u0142eczny os\u00f3b niepe\u0142nosprawnych w Polsce"},"content":{"rendered":"<p>Autor:<br \/>\nTomasz Mas\u0142yk<br \/>\nWydawca: Scholar<br \/>\nOprawa: Mi\u0119kka<br \/>\nLiczba stron: 408<br \/>\nWydanie: 1<br \/>\nRok wydania: 2019<br \/>\nJ\u0119zyk wydania: polski<\/p>\n<p>Prezentowana ksi\u0105\u017cka podejmuje wa\u017cki spo\u0142ecznie temat, proponuj\u0105c jego nowatorskie uj\u0119cie. Zawiera obszerne cz\u0119\u015bci teoretyczne, jak i wykorzystuje badania w\u0142asne Autora. W cz\u0119\u015bci teoretycznej omawia dwa wa\u017cne tematy \u2013 teori\u0119 kapita\u0142u spo\u0142ecznego, w nowszym uj\u0119ciu Nan Lina, oraz spo\u0142eczne podej\u015bcie do zjawiska niepe\u0142nosprawno\u015bci. Badania w\u0142asne s\u0105 zrealizowane w dwu dope\u0142niaj\u0105cych si\u0119 uj\u0119ciach: ilo\u015bciowym i jako\u015bciowym, ich wyniki zwracaj\u0105 uwag\u0119 na wa\u017cny wymiar problemu niepe\u0142nosprawno\u015bci \u2013 sieci spo\u0142eczne, w kt\u00f3rych uczestniczy niepe\u0142nosprawny.<br \/>\nz recenzji dr. hab. Jerzego Bartkowskiego, prof. UW<\/p>\n<p>Wykorzystanie w pracy teorii kapita\u0142u spo\u0142ecznego, w kt\u00f3rej kluczow\u0105 rol\u0119 odgrywaj\u0105 relacje spo\u0142eczne, pozwala Autorowi zwr\u00f3ci\u0107 uwag\u0119 na zwi\u0105zek pomi\u0119dzy poziomem \u017cycia (materialnym standardem) i jako\u015bci\u0105 \u017cycia (relacjami spo\u0142ecznymi i mo\u017cliwo\u015bciami samorealizacji) os\u00f3b niepe\u0142nosprawnych. Ten podzia\u0142 dowodzi, \u017ce wa\u017cne zmiany w wymiarze instytucjonalnym (zachodz\u0105ce w wyniku uregulowa\u0144 prawnych, rozwoju gospodarczego, przekszta\u0142ce\u0144 \u015bwiadomo\u015bci spo\u0142ecznej) mog\u0105 sprzyja\u0107 podniesieniu poziomu \u017cycia os\u00f3b niepe\u0142nosprawnych, ale nie zawsze s\u0105 wystarczaj\u0105ce dla poprawy jako\u015bci ich \u017cycia.<br \/>\nz recenzji dr hab. Ewy Giermanowskiej<\/p>\n<p>Tomasz Mas\u0142yk \u2013 socjolog, doktor nauk humanistycznych, adiunkt na Wydziale Humanistycznym Akademii G\u00f3rniczo-Hutniczej w Krakowie. Autor publikacji z zakresu socjologii polityki, socjologii Internetu i nowych medi\u00f3w oraz socjologii niepe\u0142nosprawno\u015bci. Specjalista, konsultant i praktyk w dziedzinie ilo\u015bciowych bada\u0144 spo\u0142ecznych. Uczestnik wielu naukowych i komercyjnych projekt\u00f3w badawczych.<\/p>\n","protected":false},"excerpt":{"rendered":"<p>Autor: Tomasz Mas\u0142yk Wydawca: Scholar Oprawa: Mi\u0119kka Liczba stron: 408 [&hellip;]<\/p>\n","protected":false},"featured_media":10422,"template":"","meta":[],"product_brand":[],"product_cat":[27,7510,7508],"product_tag":[4968,225,246],"class_list":{"0":"post-10421","1":"product","2":"type-product","3":"status-publish","4":"has-post-thumbnail","6":"product_cat-nauki-spoleczne","7":"product_cat-polityka-spoleczna","8":"product_cat-socjologia","9":"product_tag-niepelnosprawnosc","10":"product_tag-polityka-spoleczna","11":"product_tag-socjologia","13":"first","14":"instock","15":"sale","16":"shipping-taxable","17":"purchasable","18":"product-type-simple"},"_links":{"self":[{"href":"https:\/\/ksiegarnia-akademicka.pl\/index.php\/wp-json\/wp\/v2\/product\/10421","targetHints":{"allow":["GET"]}}],"collection":[{"href":"https:\/\/ksiegarnia-akademicka.pl\/index.php\/wp-json\/wp\/v2\/product"}],"about":[{"href":"https:\/\/ksiegarnia-akademicka.pl\/index.php\/wp-json\/wp\/v2\/types\/product"}],"wp:featuredmedia":[{"embeddable":true,"href":"https:\/\/ksiegarnia-akademicka.pl\/index.php\/wp-json\/wp\/v2\/media\/10422"}],"wp:attachment":[{"href":"https:\/\/ksiegarnia-akademicka.pl\/index.php\/wp-json\/wp\/v2\/media?parent=10421"}],"wp:term":[{"taxonomy":"product_brand","embeddable":true,"href":"https:\/\/ksiegarnia-akademicka.pl\/index.php\/wp-json\/wp\/v2\/product_brand?post=10421"},{"taxonomy":"product_cat","embeddable":true,"href":"https:\/\/ksiegarnia-akademicka.pl\/index.php\/wp-json\/wp\/v2\/product_cat?post=10421"},{"taxonomy":"product_tag","embeddable":true,"href":"https:\/\/ksiegarnia-akademicka.pl\/index.php\/wp-json\/wp\/v2\/product_tag?post=10421"}],"curies":[{"name":"wp","href":"https:\/\/api.w.org\/{rel}","templated":true}]}}