{"id":10370,"date":"2019-02-21T14:27:41","date_gmt":"2019-02-21T13:27:41","guid":{"rendered":"http:\/\/ksiegarnia-akademicka.pl\/?post_type=product&#038;p=10370"},"modified":"2024-12-04T14:02:33","modified_gmt":"2024-12-04T13:02:33","slug":"wykluczenie-wymiar-jednostkowy-i-spoleczny-profilaktyka-i-wsparcie","status":"publish","type":"product","link":"https:\/\/ksiegarnia-akademicka.pl\/index.php\/product\/wykluczenie-wymiar-jednostkowy-i-spoleczny-profilaktyka-i-wsparcie\/","title":{"rendered":"Wykluczenie &#8211; wymiar jednostkowy i spo\u0142eczny. Profilaktyka i wsparcie"},"content":{"rendered":"<p>Redakcja: Rajewska de Mezer Joanna<br \/>\nWydawca: Wydawnictwo Naukowe UAM<br \/>\nOprawa: Mi\u0119kka<br \/>\nFormat: 17.0&#215;24.0cm<br \/>\nLiczba stron: 358<br \/>\nWydanie: 1<br \/>\nRok wydania: 2019<\/p>\n<p>Monografia jest zbiorem usystematyzowanych rozwa\u017ca\u0144 dotycz\u0105cych wykluczenia spo\u0142ecznego w r\u00f3\u017cnych aspektach wyst\u0119powania zjawiska. Ukazuje multiprzyczynowo\u015b\u0107 i wielowymiarowy charakter problemu, jego znane i nieznane przejawy, skutki polegaj\u0105ce na wielopoziomowej, relatywnej deprywacji. Autorzy przeprowadzaj\u0105 czytelnika przez problematyk\u0119 wykluczenia jednostki i rodziny, wynikaj\u0105cego z przemian spo\u0142ecznych, gospodarczych czy politycznych wsp\u00f3\u0142czesnego \u015bwiata. Charakteryzuj\u0105 \u015brodowiska funkcjonowania cz\u0142owieka odpowiedzialne za kreowanie wykluczenia (\u015brodowisko szkolne, enklawy biedy), rozwa\u017caj\u0105 czynniki generuj\u0105ce ekskluzj\u0119 spo\u0142eczn\u0105 (niepe\u0142nosprawno\u015b\u0107 psychiczna, fizyczna, dysfunkcje wynikaj\u0105ce z wieku \u2013 faktu bycia osob\u0105 starsz\u0105), powoduj\u0105ce niemo\u017cno\u015b\u0107 pe\u0142nego uczestnictwa spo\u0142ecznego, brak dost\u0119pu do praw spo\u0142ecznych, d\u00f3br publicznych, instytucji jednostek, grup spo\u0142ecznych. W ksi\u0105\u017cce poruszono problem wykluczenia spo\u0142ecznego os\u00f3b opuszczaj\u0105cych zak\u0142ady karne oraz ich rodzin. Om\u00f3wiono kwestie mo\u017cliwo\u015bci i barier readaptacji i inkluzji spo\u0142ecznej jednostek posiadaj\u0105cych w swej biografii pobyt w instytucji o charakterze totalnym. Autorzy poszczeg\u00f3lnych rozdzia\u0142\u00f3w rozwa\u017caj\u0105c kwestie wykluczenia i jego przyczyn, opisuj\u0105 dzia\u0142ania z zakresu profilaktyki i wsparcia jednostek nara\u017conych na ekskluzj\u0119 spo\u0142eczn\u0105 lub b\u0119d\u0105cych ju\u017c na marginesie \u017cycia spo\u0142ecznego.<\/p>\n","protected":false},"excerpt":{"rendered":"<p>Redakcja: Rajewska de Mezer Joanna Wydawca: Wydawnictwo Naukowe UAM Oprawa: [&hellip;]<\/p>\n","protected":false},"featured_media":10371,"template":"","meta":[],"product_brand":[],"product_cat":[27,7510,7509,7508],"product_tag":[1186,246,5025],"class_list":{"0":"post-10370","1":"product","2":"type-product","3":"status-publish","4":"has-post-thumbnail","6":"product_cat-nauki-spoleczne","7":"product_cat-polityka-spoleczna","8":"product_cat-psychologia","9":"product_cat-socjologia","10":"product_tag-psychologia","11":"product_tag-socjologia","12":"product_tag-wykluczenie","14":"first","15":"outofstock","16":"sale","17":"shipping-taxable","18":"purchasable","19":"product-type-simple"},"_links":{"self":[{"href":"https:\/\/ksiegarnia-akademicka.pl\/index.php\/wp-json\/wp\/v2\/product\/10370","targetHints":{"allow":["GET"]}}],"collection":[{"href":"https:\/\/ksiegarnia-akademicka.pl\/index.php\/wp-json\/wp\/v2\/product"}],"about":[{"href":"https:\/\/ksiegarnia-akademicka.pl\/index.php\/wp-json\/wp\/v2\/types\/product"}],"wp:featuredmedia":[{"embeddable":true,"href":"https:\/\/ksiegarnia-akademicka.pl\/index.php\/wp-json\/wp\/v2\/media\/10371"}],"wp:attachment":[{"href":"https:\/\/ksiegarnia-akademicka.pl\/index.php\/wp-json\/wp\/v2\/media?parent=10370"}],"wp:term":[{"taxonomy":"product_brand","embeddable":true,"href":"https:\/\/ksiegarnia-akademicka.pl\/index.php\/wp-json\/wp\/v2\/product_brand?post=10370"},{"taxonomy":"product_cat","embeddable":true,"href":"https:\/\/ksiegarnia-akademicka.pl\/index.php\/wp-json\/wp\/v2\/product_cat?post=10370"},{"taxonomy":"product_tag","embeddable":true,"href":"https:\/\/ksiegarnia-akademicka.pl\/index.php\/wp-json\/wp\/v2\/product_tag?post=10370"}],"curies":[{"name":"wp","href":"https:\/\/api.w.org\/{rel}","templated":true}]}}