{"id":10368,"date":"2019-02-21T14:04:08","date_gmt":"2019-02-21T13:04:08","guid":{"rendered":"http:\/\/ksiegarnia-akademicka.pl\/?post_type=product&#038;p=10368"},"modified":"2020-01-24T15:49:57","modified_gmt":"2020-01-24T14:49:57","slug":"w-czepku-urodzone-o-niewidzialnych-bohaterkach-szpitalnych-korytarzy","status":"publish","type":"product","link":"https:\/\/ksiegarnia-akademicka.pl\/index.php\/product\/w-czepku-urodzone-o-niewidzialnych-bohaterkach-szpitalnych-korytarzy\/","title":{"rendered":"W czepku urodzone O niewidzialnych bohaterkach szpitalnych korytarzy"},"content":{"rendered":"<p>Autor:<br \/>\nWeronika Nawara<br \/>\nWydawca: Otwarte<br \/>\nOprawa: Mi\u0119kka ze skrzyde\u0142kami<br \/>\nFormat: 14.0&#215;20.5cm<br \/>\nLiczba stron: 304<br \/>\nWydanie: 1<br \/>\nRok wydania: 2019<br \/>\nJ\u0119zyk wydania: polski<\/p>\n<p>Piel\u0119gniarki.<br \/>\nKo\u0144cz\u0105 trudne studia, dostaj\u0105 niskie pensje. Frustruje je, gdy traktowane s\u0105 wy\u0142\u0105cznie jako pomocnice lekarzy \u2013 przecie\u017c wykonuj\u0105 ci\u0119\u017ck\u0105 i wymagaj\u0105c\u0105 prac\u0119. Cz\u0119sto te\u017c niewdzi\u0119czn\u0105, bo pacjenci potrafi\u0105 da\u0107 w ko\u015b\u0107.<br \/>\nA jednak kochaj\u0105 to, co robi\u0105. Czerpi\u0105 z pracy ogromn\u0105 satysfakcj\u0119 i chc\u0105 opiekowa\u0107 si\u0119 chorymi. Piel\u0119gniarstwo to co\u015b wi\u0119cej ni\u017c zaw\u00f3d.<br \/>\nPrzejd\u017a si\u0119 z nimi po szpitalnym korytarzu, a dowiesz si\u0119, jak naprawd\u0119 wygl\u0105da ich \u017cycie.<\/p>\n<p>To by\u0142y d\u0142ugie godziny rozm\u00f3w z pracownikami r\u00f3\u017cnych oddzia\u0142\u00f3w i szpitali z wielu miast i plac\u00f3wek. Rozumiej\u0105c ich prze\u017cycia, analizuj\u0105c przemy\u015blenia i wspominaj\u0105c w\u0142asne do\u015bwiadczenia, jeszcze g\u0142o\u015bniej mog\u0119 powt\u00f3rzy\u0107 jedno z moich ulubionych pyta\u0144:<br \/>\nJestem piel\u0119gniark\u0105, a jaka jest twoja supermoc?<\/p>\n<p>Jestem piel\u0119gniark\u0105. Prowadz\u0119 bloga, w kt\u00f3rym staram si\u0119 odczarowa\u0107 wizerunek mojego zawodu. Fascynuj\u0105 mnie ludzie. Jestem zakochana w Krakowie, rudych cocker-spanielach, \u015bpiewaniu, zimie, anestezjologii i intensywnej terapii, a przede wszystkim w piel\u0119gniarstwie.<\/p>\n","protected":false},"excerpt":{"rendered":"<p>Autor: Weronika Nawara Wydawca: Otwarte Oprawa: Mi\u0119kka ze skrzyde\u0142kami Format: [&hellip;]<\/p>\n","protected":false},"featured_media":10369,"template":"","meta":[],"product_brand":[],"product_cat":[7493,7625,7965],"product_tag":[6569,4645],"class_list":{"0":"post-10368","1":"product","2":"type-product","3":"status-publish","4":"has-post-thumbnail","6":"product_cat-medycyna","7":"product_cat-nauki-o-zdrowiu","8":"product_cat-pielegniarstwo","9":"product_tag-historia-medycyny","10":"product_tag-pielegniarstwo","12":"first","13":"instock","14":"sale","15":"shipping-taxable","16":"purchasable","17":"product-type-simple"},"_links":{"self":[{"href":"https:\/\/ksiegarnia-akademicka.pl\/index.php\/wp-json\/wp\/v2\/product\/10368","targetHints":{"allow":["GET"]}}],"collection":[{"href":"https:\/\/ksiegarnia-akademicka.pl\/index.php\/wp-json\/wp\/v2\/product"}],"about":[{"href":"https:\/\/ksiegarnia-akademicka.pl\/index.php\/wp-json\/wp\/v2\/types\/product"}],"wp:featuredmedia":[{"embeddable":true,"href":"https:\/\/ksiegarnia-akademicka.pl\/index.php\/wp-json\/wp\/v2\/media\/10369"}],"wp:attachment":[{"href":"https:\/\/ksiegarnia-akademicka.pl\/index.php\/wp-json\/wp\/v2\/media?parent=10368"}],"wp:term":[{"taxonomy":"product_brand","embeddable":true,"href":"https:\/\/ksiegarnia-akademicka.pl\/index.php\/wp-json\/wp\/v2\/product_brand?post=10368"},{"taxonomy":"product_cat","embeddable":true,"href":"https:\/\/ksiegarnia-akademicka.pl\/index.php\/wp-json\/wp\/v2\/product_cat?post=10368"},{"taxonomy":"product_tag","embeddable":true,"href":"https:\/\/ksiegarnia-akademicka.pl\/index.php\/wp-json\/wp\/v2\/product_tag?post=10368"}],"curies":[{"name":"wp","href":"https:\/\/api.w.org\/{rel}","templated":true}]}}