{"id":10366,"date":"2019-02-19T11:35:25","date_gmt":"2019-02-19T10:35:25","guid":{"rendered":"http:\/\/ksiegarnia-akademicka.pl\/?post_type=product&#038;p=10366"},"modified":"2023-10-13T10:08:28","modified_gmt":"2023-10-13T08:08:28","slug":"anestezjologia-i-intensywna-opieka-klinika-i-pielegniarstwo-2","status":"publish","type":"product","link":"https:\/\/ksiegarnia-akademicka.pl\/index.php\/product\/anestezjologia-i-intensywna-opieka-klinika-i-pielegniarstwo-2\/","title":{"rendered":"Anestezjologia i intensywna opieka Klinika i piel\u0119gniarstwo"},"content":{"rendered":"<p>Redakcja: Wo\u0142owicka Laura, Dyk Danuta<br \/>\nWydawca: PZWL<br \/>\nOprawa: Mi\u0119kka<br \/>\nFormat: 16.5&#215;23.5cm<br \/>\nLiczba stron: 583<br \/>\nWydanie: 1<br \/>\nRok wydania: 2022<br \/>\nJ\u0119zyk wydania: polski<\/p>\n<p>Jest to pierwszy zintegrowany podr\u0119cznik z tej dziedziny na rynku wydawniczym. Stanowi \u017ar\u00f3d\u0142o aktualnej wiedzy i niezb\u0119dnych umiej\u0119tno\u015bci, przydatnych w nauce i praktyce w dziedzinie piel\u0119gniarstwa anestezjologicznego oraz intensywnej terapii i opieki. Tre\u015b\u0107 podr\u0119cznika jest zgodna z obowi\u0105zuj\u0105cymi. ujednoliconymi programami nauczania na poziomie licencjackim i magisterskim.<\/p>\n","protected":false},"excerpt":{"rendered":"<p>Redakcja: Wo\u0142owicka Laura, Dyk Danuta Wydawca: PZWL Oprawa: Mi\u0119kka Format: [&hellip;]<\/p>\n","protected":false},"featured_media":10367,"template":"","meta":[],"product_brand":[],"product_cat":[7493,7965],"product_tag":[4645,7801],"class_list":{"0":"post-10366","1":"product","2":"type-product","3":"status-publish","4":"has-post-thumbnail","6":"product_cat-medycyna","7":"product_cat-pielegniarstwo","8":"product_tag-pielegniarstwo","9":"product_tag-pielegniarstwo-anestezjologiczne","11":"first","12":"instock","13":"sale","14":"shipping-taxable","15":"purchasable","16":"product-type-simple"},"_links":{"self":[{"href":"https:\/\/ksiegarnia-akademicka.pl\/index.php\/wp-json\/wp\/v2\/product\/10366","targetHints":{"allow":["GET"]}}],"collection":[{"href":"https:\/\/ksiegarnia-akademicka.pl\/index.php\/wp-json\/wp\/v2\/product"}],"about":[{"href":"https:\/\/ksiegarnia-akademicka.pl\/index.php\/wp-json\/wp\/v2\/types\/product"}],"wp:featuredmedia":[{"embeddable":true,"href":"https:\/\/ksiegarnia-akademicka.pl\/index.php\/wp-json\/wp\/v2\/media\/10367"}],"wp:attachment":[{"href":"https:\/\/ksiegarnia-akademicka.pl\/index.php\/wp-json\/wp\/v2\/media?parent=10366"}],"wp:term":[{"taxonomy":"product_brand","embeddable":true,"href":"https:\/\/ksiegarnia-akademicka.pl\/index.php\/wp-json\/wp\/v2\/product_brand?post=10366"},{"taxonomy":"product_cat","embeddable":true,"href":"https:\/\/ksiegarnia-akademicka.pl\/index.php\/wp-json\/wp\/v2\/product_cat?post=10366"},{"taxonomy":"product_tag","embeddable":true,"href":"https:\/\/ksiegarnia-akademicka.pl\/index.php\/wp-json\/wp\/v2\/product_tag?post=10366"}],"curies":[{"name":"wp","href":"https:\/\/api.w.org\/{rel}","templated":true}]}}