{"id":10364,"date":"2019-02-19T11:27:29","date_gmt":"2019-02-19T10:27:29","guid":{"rendered":"http:\/\/ksiegarnia-akademicka.pl\/?post_type=product&#038;p=10364"},"modified":"2023-10-13T10:07:11","modified_gmt":"2023-10-13T08:07:11","slug":"pielegniarstwo-anestezjologiczne-i-intensywnej-opieki","status":"publish","type":"product","link":"https:\/\/ksiegarnia-akademicka.pl\/index.php\/product\/pielegniarstwo-anestezjologiczne-i-intensywnej-opieki\/","title":{"rendered":"Piel\u0119gniarstwo anestezjologiczne i intensywnej opieki"},"content":{"rendered":"<p>Redakcja: Dyk Danuta, Gutysz-Wojnicka Aleksandra<br \/>\nWydawca: PZWL<br \/>\nOprawa: Mi\u0119kka<br \/>\nFormat: 16.5&#215;23.5cm<br \/>\nLiczba stron: 718<br \/>\nWydanie: 1<br \/>\nRok wydania: 2023<br \/>\nJ\u0119zyk wydania: polski<\/p>\n<p>Piel\u0119gniarstwo anestezjologiczne i intensywnej opieki stanowi z\u0142o\u017con\u0105 i pe\u0142n\u0105 wyzwa\u0144 dziedzin\u0119 piel\u0119gniarstwa, kt\u00f3ra wymaga od piel\u0119gniarek sta\u0142ego aktualizowania wiedzy i doskonalenia umiej\u0119tno\u015bci praktycznych.<\/p>\n<p>Ksi\u0105\u017cka stanowi \u017ar\u00f3d\u0142o aktualnej wiedzy z zakresu podstawowych i zaawansowanych procedur medycznych i opisuje wsp\u00f3\u0142udzia\u0142 piel\u0119gniarki w \u015bwiadczeniach diagnostyczno-terapeutycznych realizowanych na rzecz pacjenta znieczulanego i w stanie zagro\u017cenia \u017cycia.<\/p>\n<p>Zagadnienia dotycz\u0105ce opieki piel\u0119gniarskiej przedstawiono w formie zaplanowanego, zorganizowanego, celowego dzia\u0142ania realizowanego z wykorzystaniem struktury klasyfikacji diagnoz piel\u0119gniarskich.<\/p>\n","protected":false},"excerpt":{"rendered":"<p>Redakcja: Dyk Danuta, Gutysz-Wojnicka Aleksandra Wydawca: PZWL Oprawa: Mi\u0119kka Format: [&hellip;]<\/p>\n","protected":false},"featured_media":10365,"template":"","meta":[],"product_brand":[],"product_cat":[7493,7965],"product_tag":[4645,7801],"class_list":{"0":"post-10364","1":"product","2":"type-product","3":"status-publish","4":"has-post-thumbnail","6":"product_cat-medycyna","7":"product_cat-pielegniarstwo","8":"product_tag-pielegniarstwo","9":"product_tag-pielegniarstwo-anestezjologiczne","11":"first","12":"instock","13":"sale","14":"shipping-taxable","15":"purchasable","16":"product-type-simple"},"_links":{"self":[{"href":"https:\/\/ksiegarnia-akademicka.pl\/index.php\/wp-json\/wp\/v2\/product\/10364","targetHints":{"allow":["GET"]}}],"collection":[{"href":"https:\/\/ksiegarnia-akademicka.pl\/index.php\/wp-json\/wp\/v2\/product"}],"about":[{"href":"https:\/\/ksiegarnia-akademicka.pl\/index.php\/wp-json\/wp\/v2\/types\/product"}],"wp:featuredmedia":[{"embeddable":true,"href":"https:\/\/ksiegarnia-akademicka.pl\/index.php\/wp-json\/wp\/v2\/media\/10365"}],"wp:attachment":[{"href":"https:\/\/ksiegarnia-akademicka.pl\/index.php\/wp-json\/wp\/v2\/media?parent=10364"}],"wp:term":[{"taxonomy":"product_brand","embeddable":true,"href":"https:\/\/ksiegarnia-akademicka.pl\/index.php\/wp-json\/wp\/v2\/product_brand?post=10364"},{"taxonomy":"product_cat","embeddable":true,"href":"https:\/\/ksiegarnia-akademicka.pl\/index.php\/wp-json\/wp\/v2\/product_cat?post=10364"},{"taxonomy":"product_tag","embeddable":true,"href":"https:\/\/ksiegarnia-akademicka.pl\/index.php\/wp-json\/wp\/v2\/product_tag?post=10364"}],"curies":[{"name":"wp","href":"https:\/\/api.w.org\/{rel}","templated":true}]}}