{"id":10316,"date":"2019-02-07T09:44:31","date_gmt":"2019-02-07T08:44:31","guid":{"rendered":"http:\/\/ksiegarnia-akademicka.pl\/?post_type=product&#038;p=10316"},"modified":"2024-12-04T14:03:06","modified_gmt":"2024-12-04T13:03:06","slug":"kodeks-cywilny-tom-ii-komentarz-do-art-353-626","status":"publish","type":"product","link":"https:\/\/ksiegarnia-akademicka.pl\/index.php\/product\/kodeks-cywilny-tom-ii-komentarz-do-art-353-626\/","title":{"rendered":"Kodeks cywilny. Tom II. Komentarz do art. 353\u2013626"},"content":{"rendered":"<p>Seria: Du\u017ce Komentarze Becka<br \/>\nRedakcja: prof. dr hab. Maciej Gutowski<\/p>\n<p>Autor: dr Tomasz Antoszek, dr Kajetan G\u00f3rny, dr hab. Jaros\u0142aw Grykiel, prof. UAM dr hab. Joanna Haberko, dr Ewa Habryn-Chojnacka, prof. UAM dr hab. Andrzej Janiak, prof. dr hab. Andrzej Koch, dr hab. Marcin Lemkowski, prof. UAM dr hab. Maciej Mataczy\u0144ski, dr hab. Krzysztof Mularski, prof. dr hab. Adam Olejniczak, dr hab. Agnieszka Pyrzy\u0144ska, dr Aleksander Raczy\u0144ski, Filip Rakiewicz, Piotr Rucha\u0142a, Maksymilian Saczywko, prof. UAM dr hab. Rafa\u0142 Sikorski, prof. UAM dr hab. Tomasz S\u00f3jka, Jan Stranz, dr hab. Aneta Sucho\u0144, dr Karol Szadkowski, prof. UAM dr hab. Rafa\u0142 Szczepaniak, dr Mariusz Zelek<br \/>\nRok wydania: 2019<br \/>\nISBN: 978-83-8158-140-0<br \/>\nLiczba stron: 1932<br \/>\nOprawa: Twarda <\/p>\n<p>Dzie\u0142a z serii Du\u017ce Komentarze Becka nale\u017c\u0105 do najobszerniejszych na rynku wydawniczym komentarzy omawiaj\u0105cych najwa\u017cniejsze ustawy systemu prawnego. Dzi\u0119ki wiedzy autor\u00f3w \u2013 wybitnych znawc\u00f3w poszczeg\u00f3lnych dziedzin prawa \u2013 tworz\u0105 one kanon literatury prawniczej. Uporz\u0105dkowana struktura tekstu, powo\u0142ywanie orzecze\u0144, glos oraz literatury, rozszerzaj\u0105cych okre\u015blon\u0105 tematyk\u0119, u\u0142atwiaj\u0105 zdobycie wyczerpuj\u0105cej wiedzy z poszczeg\u00f3lnych dziedzin prawa.<\/p>\n<p>Kodeks cywilny. Tom II. Komentarz zawiera wyja\u015bnienia do art. 353\u2013626 obejmuj\u0105ce cz\u0119\u015b\u0107 og\u00f3ln\u0105 zobowi\u0105za\u0144, w kt\u00f3rej zosta\u0142y poddane szczeg\u00f3\u0142owej analizie wszystkie zagadnienia wchodz\u0105ce w jej zakres m.in. takie jak: przepisy og\u00f3lne prawa zobowi\u0105za\u0144, wielo\u015b\u0107 d\u0142u\u017cnik\u00f3w albo wierzycieli: zobowi\u0105zania solidarne oraz podzielne i niepodzielne, og\u00f3lne przepisy dotycz\u0105ce zobowi\u0105za\u0144 umownych, bezpodstawnego wzbogacenia, czyn\u00f3w niedozwolonych, odpowiedzialno\u015bci za szkod\u0119 wyrz\u0105dzon\u0105 przez produkt niebezpieczny, potr\u0105cenia, odnowienia i zwolnienia z d\u0142ugu oraz wchodz\u0105ce w zakres cz\u0119\u015bci szczeg\u00f3\u0142owej zagadnienia: sprzeda\u017cy: r\u0119kojmi za wady, gwarancji przy sprzeda\u017cy i szczeg\u00f3lnych rodzaj\u00f3w sprzeda\u017cy, a tak\u017ce zamiany, dostawy oraz kontraktacji.<\/p>\n<p>Komentarz zosta\u0142 napisany dla os\u00f3b poszukuj\u0105cych rozwi\u0105zania praktycznego problemu prawnego. Na podstawie obserwacji praktyki identyfikuje on problemy i wskazuje rozwi\u0105zania w oparciu o wiedz\u0119 praktyczn\u0105, podbudowan\u0105 jednak teoretycznie. Ten komentarz ,,zaczyna si\u0119 tam, gdzie pojawia si\u0119 problem&#8221;. Publikacja zawiera szczeg\u00f3\u0142owe om\u00f3wienie prezentowanych zagadnie\u0144 z odniesieniem do najbardziej aktualnych pogl\u0105d\u00f3w doktryny, a tak\u017ce liczne orzecznictwo i jego analiz\u0119 dokonan\u0105 pod k\u0105tem potrzeb praktyki. Uporz\u0105dkowana struktura tekstu, powo\u0142ywanie orzecze\u0144, glos oraz literatury u\u0142atwiaj\u0105 za\u015b praktykom znalezienie rozwi\u0105za\u0144 problem\u00f3w prawnych i zdobycie argument\u00f3w na poparcie w\u0142asnego stanowiska.<\/p>\n<p>Autorami komentarza s\u0105 prawnicy \u0142\u0105cz\u0105cy wiedz\u0119 teoretyczn\u0105 i praktyczn\u0105: profesorowie prawa i wyk\u0142adowcy Uniwersytetu im. Adama Mickiewicza w Poznaniu, a jednocze\u015bnie adwokaci i radcowie prawni. Wszyscy autorzy wywodz\u0105 si\u0119 z najwi\u0119kszej katedry prawa cywilnego w Polsce, co gwarantuje sp\u00f3jno\u015b\u0107 i jednolito\u015b\u0107 analizy teoretycznej, kt\u00f3rej poddawane s\u0105 problemy prawne pod k\u0105tem znalezienia praktycznych rozwi\u0105za\u0144.<\/p>\n<p>Publikacja uwzgl\u0119dnia najnowszy stan prawny, poddaj\u0105c wnikliwej analizie wszystkie nowelizacje wprowadzone do Kodeksu cywilnego w ostatnim czasie, m.in. przez<\/p>\n<p>ustaw\u0119 z 13.4.2018 r. o zmianie ustawy \u2013 Kodeks cywilny oraz niekt\u00f3rych innych ustaw (Dz.U. z 2018 r. poz. 1104), kt\u00f3ra poprzez zmian\u0119 tre\u015bci art. 568 \u00a7 2 KC zmierza do jednoznacznego przes\u0105dzenia, \u017ce tak\u017ce w przypadku sprzeda\u017cy konsumenckiej u\u017cywanych rzeczy ruchomych roczny termin przedawnienia roszcze\u0144 z r\u0119kojmi nie mo\u017ce zako\u0144czy\u0107 si\u0119 przed up\u0142ywem dw\u00f3ch lat od dnia wydania rzeczy;<br \/>\nustaw\u0119 z 4.10.2018 r. o sp\u00f3\u0142dzielniach rolnik\u00f3w (Dz.U. z 2018 r. poz. 2073), wprowadzaj\u0105c\u0105 regulacj\u0119, \u017ce przy umowach kontraktacji mi\u0119dzy producentem rolnym a kontraktuj\u0105cym przez producenta rolnego rozumie si\u0119 r\u00f3wnie\u017c sp\u00f3\u0142dzielni\u0119 rolnik\u00f3w lub zwi\u0105zek takich sp\u00f3\u0142dzielni;<br \/>\nustaw\u0119 z 21.4.2017 r. o roszczeniach o naprawienie szkody wyrz\u0105dzonej przez naruszenie prawa konkurencji (Dz.U. z 2017 r. poz. 1132) odnosz\u0105ce si\u0119 do okre\u015blenia pocz\u0105tku biegu trzyletniego terminu przedawnienia. Obecnie na r\u00f3wni z wiedz\u0105 poszkodowanego o szkodzie i osobie zobowi\u0105zanej do jej naprawienia jest traktowana mo\u017cliwo\u015b\u0107 uzyskania przez poszkodowanego takiej wiedzy przy zachowaniu nale\u017cytej staranno\u015bci;<br \/>\nDruk sejmowy 1912, kt\u00f3ry przewiduje wyd\u0142u\u017cenie okresu r\u0119kojmi, co prowadzi do zapewnienia wi\u0119kszej ochrony konsument\u00f3w;<br \/>\nDruk sejmowy Nr 2876, kt\u00f3ra poprzez uchylenie w art. 482 \u00a7 2 uzale\u017cnia \u017c\u0105danie odsetek od zaleg\u0142ych odsetek od wcze\u015bniejszego wytoczenia pow\u00f3dztwa d\u0142u\u017cnikowi.<\/p>\n","protected":false},"excerpt":{"rendered":"<p>Seria: Du\u017ce Komentarze Becka Redakcja: prof. dr hab. Maciej Gutowski [&hellip;]<\/p>\n","protected":false},"featured_media":10317,"template":"","meta":[],"product_brand":[],"product_cat":[7491,18],"product_tag":[615,781],"class_list":{"0":"post-10316","1":"product","2":"type-product","3":"status-publish","4":"has-post-thumbnail","6":"product_cat-cywilne","7":"product_cat-prawo","8":"product_tag-prawo-cywilne","9":"product_tag-seria-duze-komentarze-becka","11":"first","12":"instock","13":"sale","14":"shipping-taxable","15":"purchasable","16":"product-type-simple"},"_links":{"self":[{"href":"https:\/\/ksiegarnia-akademicka.pl\/index.php\/wp-json\/wp\/v2\/product\/10316","targetHints":{"allow":["GET"]}}],"collection":[{"href":"https:\/\/ksiegarnia-akademicka.pl\/index.php\/wp-json\/wp\/v2\/product"}],"about":[{"href":"https:\/\/ksiegarnia-akademicka.pl\/index.php\/wp-json\/wp\/v2\/types\/product"}],"wp:featuredmedia":[{"embeddable":true,"href":"https:\/\/ksiegarnia-akademicka.pl\/index.php\/wp-json\/wp\/v2\/media\/10317"}],"wp:attachment":[{"href":"https:\/\/ksiegarnia-akademicka.pl\/index.php\/wp-json\/wp\/v2\/media?parent=10316"}],"wp:term":[{"taxonomy":"product_brand","embeddable":true,"href":"https:\/\/ksiegarnia-akademicka.pl\/index.php\/wp-json\/wp\/v2\/product_brand?post=10316"},{"taxonomy":"product_cat","embeddable":true,"href":"https:\/\/ksiegarnia-akademicka.pl\/index.php\/wp-json\/wp\/v2\/product_cat?post=10316"},{"taxonomy":"product_tag","embeddable":true,"href":"https:\/\/ksiegarnia-akademicka.pl\/index.php\/wp-json\/wp\/v2\/product_tag?post=10316"}],"curies":[{"name":"wp","href":"https:\/\/api.w.org\/{rel}","templated":true}]}}