{"id":10288,"date":"2019-02-01T09:11:50","date_gmt":"2019-02-01T08:11:50","guid":{"rendered":"http:\/\/ksiegarnia-akademicka.pl\/?post_type=product&#038;p=10288"},"modified":"2019-02-01T09:21:11","modified_gmt":"2019-02-01T08:21:11","slug":"personalizacja-w-systemie-obciazen-dochodow-osob-fizycznych-w-polsce","status":"publish","type":"product","link":"https:\/\/ksiegarnia-akademicka.pl\/index.php\/product\/personalizacja-w-systemie-obciazen-dochodow-osob-fizycznych-w-polsce\/","title":{"rendered":"Personalizacja w systemie obci\u0105\u017ce\u0144 dochod\u00f3w os\u00f3b fizycznych w Polsce"},"content":{"rendered":"<p>Autor:<br \/>\nRobert Zieli\u0144ski<br \/>\nWydawca: Wolters Kluwer<br \/>\nOprawa: Twarda<br \/>\nLiczba stron: 252<br \/>\nWydanie: 1<br \/>\nRok wydania: 2019<br \/>\nJ\u0119zyk wydania: polski<\/p>\n<p>Monografia zawiera wnikliw\u0105 analiz\u0119 i ocen\u0119 zakresu oraz rodzaj\u00f3w instrument\u00f3w personalizacji zastosowanych w systemie opodatkowania dochod\u00f3w os\u00f3b fizycznych w Polsce na tle rozwi\u0105za\u0144 wybranych pa\u0144stw europejskich.<br \/>\nAdresaci:<br \/>\nPublikacja przeznaczona jest dla pracownik\u00f3w administracji, pracownik\u00f3w naukowych oraz student\u00f3w. <\/p>\n<p>Pr\u00f3ba ca\u0142o\u015bciowego uj\u0119cia problematyki personalizacji w systemie opodatkowania dochod\u00f3w os\u00f3b fizycznych jest niew\u0105tpliwie zamiarem ciekawym i ambitnym o du\u017cym \u0142adunku teoretycznym i praktycznym (&#8230;) Zalet\u0105 pracy s\u0105 jej walory merytoryczne. Praca jest oparta przede wszystkim na polskim materiale normatywnym i literaturze nie tylko prawniczej z zakresu prawa finansowego, ale tak\u017ce na publikacjach z pogranicza innych dziedzin prawa, w tym tak\u017ce popularno-naukowych, komentarzowych i poradnikowych, a tak\u017ce na dorobku naukowym o charakterze historycznym, zw\u0142aszcza z okresu mi\u0119dzywojennego.<br \/>\nProf. zw. dr hab. Wanda W\u00f3jtowicz<\/p>\n<p>(\u2026) wyb\u00f3r tematu recenzowanej monografii uzna\u0107 nale\u017cy za cenny zar\u00f3wno z teoretycznego, jak i praktycznego punktu widzenia, a poruszan\u0105 w niej problematyk\u0119 za niezwykle istotn\u0105 i aktualn\u0105. Recenzowana monografia stanowi oryginalne opracowanie naukowe i pod wzgl\u0119dem merytorycznym zas\u0142uguje na wysok\u0105 ocen\u0119, za\u015b z zawartymi w niej uwagami i wnioskami Autora nale\u017cy si\u0119 zgodzi\u0107. Potwierdzaj\u0105 one Jego wysokie kompetencje merytoryczne oraz znajomo\u015b\u0107 omawianej problematyki, a tak\u017ce oryginalno\u015b\u0107 i samodzielno\u015b\u0107 my\u015blenia. Podkre\u015blenia r\u00f3wnie\u017c wymaga, \u017ce recenzowana monografia stanowi pierwsze w literaturze polskiego prawa finansowego opracowanie po\u015bwi\u0119cone problematyce zakresu i instrument\u00f3w personalizacji w systemie obci\u0105\u017cenia dochod\u00f3w osobistych.<br \/>\nProf. zw. dr hab. Leonard Etel<\/p>\n","protected":false},"excerpt":{"rendered":"<p>Autor: Robert Zieli\u0144ski Wydawca: Wolters Kluwer Oprawa: Twarda Liczba stron: [&hellip;]<\/p>\n","protected":false},"featured_media":10289,"template":"","meta":[],"product_brand":[],"product_cat":[22],"product_tag":[1055],"class_list":{"0":"post-10288","1":"product","2":"type-product","3":"status-publish","4":"has-post-thumbnail","6":"product_cat-podatki-i-prawo-podatkowe","7":"product_tag-prawo-podatkowe","9":"first","10":"instock","11":"sale","12":"shipping-taxable","13":"purchasable","14":"product-type-simple"},"_links":{"self":[{"href":"https:\/\/ksiegarnia-akademicka.pl\/index.php\/wp-json\/wp\/v2\/product\/10288","targetHints":{"allow":["GET"]}}],"collection":[{"href":"https:\/\/ksiegarnia-akademicka.pl\/index.php\/wp-json\/wp\/v2\/product"}],"about":[{"href":"https:\/\/ksiegarnia-akademicka.pl\/index.php\/wp-json\/wp\/v2\/types\/product"}],"wp:featuredmedia":[{"embeddable":true,"href":"https:\/\/ksiegarnia-akademicka.pl\/index.php\/wp-json\/wp\/v2\/media\/10289"}],"wp:attachment":[{"href":"https:\/\/ksiegarnia-akademicka.pl\/index.php\/wp-json\/wp\/v2\/media?parent=10288"}],"wp:term":[{"taxonomy":"product_brand","embeddable":true,"href":"https:\/\/ksiegarnia-akademicka.pl\/index.php\/wp-json\/wp\/v2\/product_brand?post=10288"},{"taxonomy":"product_cat","embeddable":true,"href":"https:\/\/ksiegarnia-akademicka.pl\/index.php\/wp-json\/wp\/v2\/product_cat?post=10288"},{"taxonomy":"product_tag","embeddable":true,"href":"https:\/\/ksiegarnia-akademicka.pl\/index.php\/wp-json\/wp\/v2\/product_tag?post=10288"}],"curies":[{"name":"wp","href":"https:\/\/api.w.org\/{rel}","templated":true}]}}