{"id":10259,"date":"2019-01-28T15:12:12","date_gmt":"2019-01-28T14:12:12","guid":{"rendered":"http:\/\/ksiegarnia-akademicka.pl\/?post_type=product&#038;p=10259"},"modified":"2019-01-28T15:12:13","modified_gmt":"2019-01-28T14:12:13","slug":"ustalanie-podstawy-wymiaru-zasilkow-praktyczne-wskazowki-w-pytaniach-i-odpowiedziach","status":"publish","type":"product","link":"https:\/\/ksiegarnia-akademicka.pl\/index.php\/product\/ustalanie-podstawy-wymiaru-zasilkow-praktyczne-wskazowki-w-pytaniach-i-odpowiedziach\/","title":{"rendered":"Ustalanie podstawy wymiaru zasi\u0142k\u00f3w Praktyczne wskaz\u00f3wki w pytaniach i odpowiedziach"},"content":{"rendered":"<p>Autor:<br \/>\nzbiorowa praca<br \/>\nWydawca: Infor<br \/>\nOprawa: Kartonowa Foliowana<br \/>\nFormat: 16.5&#215;23.5cm<br \/>\nLiczba stron: 88<br \/>\nRok wydania: 2019<\/p>\n<p>P\u0142atnicy zasi\u0142k\u00f3w (np. pracodawcy lub zleceniodawcy) maj\u0105 obowi\u0105zek ustalania podstawy wymiaru \u015bwiadcze\u0144 chorobowych i ich wysoko\u015bci. \u015awiadczeniem chorobowym s\u0105 wynagrodzenie chorobowe oraz zasi\u0142ki z ubezpieczenia chorobowego, tj. chorobowy, macierzy\u0144ski, opieku\u0144czy, a tak\u017ce zasi\u0142ek wyr\u00f3wnawczy i \u015bwiadczenie rehabilitacyjne.<br \/>\nW praktyce p\u0142atnicy zasi\u0142k\u00f3w maj\u0105 jednak wiele problem\u00f3w z ustalaniem podstawy zasi\u0142kowej. Na wysoko\u015b\u0107 tej podstawy maj\u0105 wp\u0142yw regularnie wyp\u0142acane sk\u0142adniki wynagrodzenia (np. wynagrodzenie zasadnicze), jak r\u00f3wnie\u017c sk\u0142adniki dodatkowe (premie, nagrody). Maj\u0105 one znaczenie dla naliczania zasi\u0142k\u00f3w, je\u017celi stanowi\u0105 podstaw\u0119 wymiaru sk\u0142adki na ubezpieczenie chorobowe i nie przys\u0142uguj\u0105 za okres trwania absencji chorobowych.<br \/>\nW publikacji przedstawiono zasady prawid\u0142owego ustalania podstawy wymiaru zasi\u0142ku (m.in. zasady wliczania do niej sk\u0142adnik\u00f3w sta\u0142ych i zmiennych wynagrodzenia) \u2013 zar\u00f3wno dla pracownik\u00f3w, jak i zleceniobiorc\u00f3w. Jest to bardzo wa\u017cne, gdy\u017c b\u0142\u0119dne ustalenie podstawy zasi\u0142kowej ma dalsze konsekwencje. W przypadku jej zani\u017cenia p\u0142atnik zasi\u0142k\u00f3w jest nara\u017cony na dop\u0142at\u0119 ubezpieczonemu \u015bwiadczenia chorobowego wraz z odsetkami.<br \/>\nPublikacja ma form\u0119 pyta\u0144 i odpowiedzi, w kt\u00f3rych udzielono wyczerpuj\u0105cych wyja\u015bnie\u0144 na temat konkretnych problem\u00f3w. Dotycz\u0105 one:<br \/>\nustalania podstawy wymiaru zasi\u0142k\u00f3w z ubezpieczenia spo\u0142ecznego dla pracownik\u00f3w oraz os\u00f3b nieb\u0119d\u0105cych pracownikami (np. mened\u017cer\u00f3w, zleceniobiorc\u00f3w),<br \/>\ndodatkowych sk\u0142adnik\u00f3w wynagrodzenia w podstawie zasi\u0142kowej (np. nagr\u00f3d rocznych, premii),<br \/>\nprzeliczania podstawy wymiaru zasi\u0142k\u00f3w.<br \/>\nNajtrudniejsze zagadnienia zosta\u0142y przedstawione na 59 praktycznych przyk\u0142adach.<br \/>\nTo przyst\u0119pne opracowanie pomo\u017ce w pracy specjalistom z zakresu kadr i p\u0142ac, kadrowym i ksi\u0119gowym. Skierowane jest r\u00f3wnie\u017c do pracodawc\u00f3w oraz biur rachunkowych, kt\u00f3re prowadz\u0105 obs\u0142ug\u0119 w tym zakresie.<\/p>\n","protected":false},"excerpt":{"rendered":"<p>Autor: zbiorowa praca Wydawca: Infor Oprawa: Kartonowa Foliowana Format: 16.5&#215;23.5cm [&hellip;]<\/p>\n","protected":false},"featured_media":10260,"template":"","meta":[],"product_brand":[],"product_cat":[18,7550],"product_tag":[793,7791],"class_list":{"0":"post-10259","1":"product","2":"type-product","3":"status-publish","4":"has-post-thumbnail","6":"product_cat-prawo","7":"product_cat-prawo-pracy","8":"product_tag-prawo-pracy","9":"product_tag-zasilki","11":"first","12":"instock","13":"sale","14":"shipping-taxable","15":"purchasable","16":"product-type-simple"},"_links":{"self":[{"href":"https:\/\/ksiegarnia-akademicka.pl\/index.php\/wp-json\/wp\/v2\/product\/10259","targetHints":{"allow":["GET"]}}],"collection":[{"href":"https:\/\/ksiegarnia-akademicka.pl\/index.php\/wp-json\/wp\/v2\/product"}],"about":[{"href":"https:\/\/ksiegarnia-akademicka.pl\/index.php\/wp-json\/wp\/v2\/types\/product"}],"wp:featuredmedia":[{"embeddable":true,"href":"https:\/\/ksiegarnia-akademicka.pl\/index.php\/wp-json\/wp\/v2\/media\/10260"}],"wp:attachment":[{"href":"https:\/\/ksiegarnia-akademicka.pl\/index.php\/wp-json\/wp\/v2\/media?parent=10259"}],"wp:term":[{"taxonomy":"product_brand","embeddable":true,"href":"https:\/\/ksiegarnia-akademicka.pl\/index.php\/wp-json\/wp\/v2\/product_brand?post=10259"},{"taxonomy":"product_cat","embeddable":true,"href":"https:\/\/ksiegarnia-akademicka.pl\/index.php\/wp-json\/wp\/v2\/product_cat?post=10259"},{"taxonomy":"product_tag","embeddable":true,"href":"https:\/\/ksiegarnia-akademicka.pl\/index.php\/wp-json\/wp\/v2\/product_tag?post=10259"}],"curies":[{"name":"wp","href":"https:\/\/api.w.org\/{rel}","templated":true}]}}