{"id":1022,"date":"2018-05-22T12:42:41","date_gmt":"2018-05-22T10:42:41","guid":{"rendered":"http:\/\/ksiegarnia-akademicka.pl\/index.php\/product\/moje-pedagogiczne-credo\/"},"modified":"2025-02-10T13:01:27","modified_gmt":"2025-02-10T12:01:27","slug":"moje-pedagogiczne-credo","status":"publish","type":"product","link":"https:\/\/ksiegarnia-akademicka.pl\/index.php\/product\/moje-pedagogiczne-credo\/","title":{"rendered":"Moje pedagogiczne credo"},"content":{"rendered":"<p>Dewey John Wydawnictwo Akademickie \u017bak 2005<\/p>\n<p><span style=\"font-size: small\">Jedna z g\u0142\u00f3wnych prac Johna Deweya &#8211; filozofa, pedagoga i czo\u0142owego przedstawiciela ameryka\u0144skiego progresywizmu. Wyk\u0142ada\u0142 mi\u0119dzy innymi na uniwersytetach w Nowym Jorku, Chicago.<br \/>\n<\/span><\/p>\n<p>pozycja dost\u0119pna<\/p>\n","protected":false},"excerpt":{"rendered":"<p>Dewey John Wydawnictwo Akademickie \u017bak 2005 Jedna z g\u0142\u00f3wnych prac [&hellip;]<\/p>\n","protected":false},"featured_media":9207,"template":"","meta":[],"product_brand":[],"product_cat":[28],"product_tag":[51],"class_list":{"0":"post-1022","1":"product","2":"type-product","3":"status-publish","4":"has-post-thumbnail","6":"product_cat-pedagogika","7":"product_tag-pedagogika","9":"first","10":"instock","11":"sale","12":"shipping-taxable","13":"purchasable","14":"product-type-simple"},"_links":{"self":[{"href":"https:\/\/ksiegarnia-akademicka.pl\/index.php\/wp-json\/wp\/v2\/product\/1022","targetHints":{"allow":["GET"]}}],"collection":[{"href":"https:\/\/ksiegarnia-akademicka.pl\/index.php\/wp-json\/wp\/v2\/product"}],"about":[{"href":"https:\/\/ksiegarnia-akademicka.pl\/index.php\/wp-json\/wp\/v2\/types\/product"}],"wp:featuredmedia":[{"embeddable":true,"href":"https:\/\/ksiegarnia-akademicka.pl\/index.php\/wp-json\/wp\/v2\/media\/9207"}],"wp:attachment":[{"href":"https:\/\/ksiegarnia-akademicka.pl\/index.php\/wp-json\/wp\/v2\/media?parent=1022"}],"wp:term":[{"taxonomy":"product_brand","embeddable":true,"href":"https:\/\/ksiegarnia-akademicka.pl\/index.php\/wp-json\/wp\/v2\/product_brand?post=1022"},{"taxonomy":"product_cat","embeddable":true,"href":"https:\/\/ksiegarnia-akademicka.pl\/index.php\/wp-json\/wp\/v2\/product_cat?post=1022"},{"taxonomy":"product_tag","embeddable":true,"href":"https:\/\/ksiegarnia-akademicka.pl\/index.php\/wp-json\/wp\/v2\/product_tag?post=1022"}],"curies":[{"name":"wp","href":"https:\/\/api.w.org\/{rel}","templated":true}]}}