{"id":1020,"date":"2018-05-22T12:42:41","date_gmt":"2018-05-22T10:42:41","guid":{"rendered":"http:\/\/ksiegarnia-akademicka.pl\/index.php\/product\/handel-wewnatrzgaleziowy-miedzy-polska-a-unia-europejska-teoria-i-praktyka\/"},"modified":"2018-07-25T10:01:30","modified_gmt":"2018-07-25T08:01:30","slug":"handel-wewnatrzgaleziowy-miedzy-polska-a-unia-europejska-teoria-i-praktyka","status":"publish","type":"product","link":"https:\/\/ksiegarnia-akademicka.pl\/index.php\/product\/handel-wewnatrzgaleziowy-miedzy-polska-a-unia-europejska-teoria-i-praktyka\/","title":{"rendered":"Handel wewn\u0105trzga\u0142\u0119ziowy mi\u0119dzy Polsk\u0105 a Uni\u0105 Europejsk\u0105 Teoria i praktyka"},"content":{"rendered":"<p>Misala J\u00f3zef, Pluci\u0144ski Eugeniusz M. Dom Wydawniczy Elipsa 2000 <\/br><\/br><\/p>\n<p><span style=\"font-size: small\">Ksi\u0105\u017cka zawiera ca\u0142o\u015bciowe uj\u0119cie teoretycznych podstaw zyskuj\u0105cego wsp&oacute;\u0142cze\u015bnie na znaczeniu handlu wewn\u0105trzga\u0142\u0119ziowego, a zarazem stanowi pr&oacute;b\u0119 konfrontacji teorii z dotychczasow\u0105 praktyk\u0105 rozwoju tego typu handlu mi\u0119dzy Polsk\u0105 i krajami cz\u0142onkowskimi Unii Europejskiej. Autorzy przyjmuj\u0105 za punkt wyj\u015bcia tezy, \u017ce dla polityka gospodarczego nie ma nic lepszego ni\u017c dobra teoria, \u017ce imperatywem dla gospodarki narodowej Polski jest dalsze jej otwieranie oraz, \u017ce przechodzenie do wy\u017cszej fazy internacjonalizacji spo\u0142ecznego procesu produkcji, jakim jest bez w\u0105tpienia aktywne uczestnictwo w procesie integracji z krajami cz\u0142onkowskimi Unii Europejskiej, mo\u017ce i powinno sprzyja\u0107 poprawie efektywno\u015bci gospodarowania oraz podwy\u017cszeniu poziomu dobrobytu obywateli Polski i innych kraj&oacute;w \u015bwiata. Wskazuj\u0105 zarazem na potencjalne trudno\u015bci przy realizacji tych ambitnych cel&oacute;w. Wyra\u017anie podkre\u015bla to recenzent pracy prof. dr hab. Urszula P\u0142owie\u0107, kt&oacute;ra stwierdza m. in. \u017ce rozw&oacute;j polskiego handlu zagranicznego nie nad\u0105\u017ca ani za rozwojem teorii, ani praktyki wymiany zagranicznej rozwini\u0119tych gospodarek rynkowych. Co wi\u0119cej, autorzy wykazuj\u0105 dlaczego tak si\u0119 dzieje. Dzi\u0119ki temu ksi\u0105\u017cka ma powa\u017cny walor edukacyjny zar&oacute;wno dla student&oacute;w, jak i dla dzia\u0142aczy gospodarczych na szczeblu makro i mikro. <br \/><\/span><\/p>\n<p><\/br><\/br>pozycja dost\u0119pna<\/p>\n","protected":false},"excerpt":{"rendered":"<p>Misala J\u00f3zef, Pluci\u0144ski Eugeniusz M. Dom Wydawniczy Elipsa 2000 Ksi\u0105\u017cka [&hellip;]<\/p>\n","protected":false},"featured_media":8068,"template":"","meta":[],"product_brand":[],"product_cat":[33,26],"product_tag":[3037,3038,3039],"class_list":{"0":"post-1020","1":"product","2":"type-product","3":"status-publish","4":"has-post-thumbnail","6":"product_cat-handel","7":"product_cat-miedzynarodowe-stosunki-gospodarcze","8":"product_tag-handel-wewnatrzgaleziowy","9":"product_tag-teoria-handlu-miedzynarodowego","10":"product_tag-zarys-teorii-handlu-wewnatrzgaleziowego","12":"first","13":"instock","14":"shipping-taxable","15":"purchasable","16":"product-type-simple"},"_links":{"self":[{"href":"https:\/\/ksiegarnia-akademicka.pl\/index.php\/wp-json\/wp\/v2\/product\/1020","targetHints":{"allow":["GET"]}}],"collection":[{"href":"https:\/\/ksiegarnia-akademicka.pl\/index.php\/wp-json\/wp\/v2\/product"}],"about":[{"href":"https:\/\/ksiegarnia-akademicka.pl\/index.php\/wp-json\/wp\/v2\/types\/product"}],"wp:featuredmedia":[{"embeddable":true,"href":"https:\/\/ksiegarnia-akademicka.pl\/index.php\/wp-json\/wp\/v2\/media\/8068"}],"wp:attachment":[{"href":"https:\/\/ksiegarnia-akademicka.pl\/index.php\/wp-json\/wp\/v2\/media?parent=1020"}],"wp:term":[{"taxonomy":"product_brand","embeddable":true,"href":"https:\/\/ksiegarnia-akademicka.pl\/index.php\/wp-json\/wp\/v2\/product_brand?post=1020"},{"taxonomy":"product_cat","embeddable":true,"href":"https:\/\/ksiegarnia-akademicka.pl\/index.php\/wp-json\/wp\/v2\/product_cat?post=1020"},{"taxonomy":"product_tag","embeddable":true,"href":"https:\/\/ksiegarnia-akademicka.pl\/index.php\/wp-json\/wp\/v2\/product_tag?post=1020"}],"curies":[{"name":"wp","href":"https:\/\/api.w.org\/{rel}","templated":true}]}}