{"id":10151,"date":"2019-01-10T13:08:50","date_gmt":"2019-01-10T12:08:50","guid":{"rendered":"http:\/\/ksiegarnia-akademicka.pl\/?post_type=product&#038;p=10151"},"modified":"2019-01-10T13:08:50","modified_gmt":"2019-01-10T12:08:50","slug":"spawanie-wiadomosci-podstawowe-podrecznik-dla-spawaczy-i-personelu-nadzoru-spawalniczego","status":"publish","type":"product","link":"https:\/\/ksiegarnia-akademicka.pl\/index.php\/product\/spawanie-wiadomosci-podstawowe-podrecznik-dla-spawaczy-i-personelu-nadzoru-spawalniczego\/","title":{"rendered":"Spawanie Wiadomo\u015bci podstawowe Podr\u0119cznik dla spawaczy i personelu nadzoru spawalniczego"},"content":{"rendered":"<p>Autor:<br \/>\nWitold Mizerski<br \/>\nWydawca: Rea<br \/>\nOprawa: Mi\u0119kka<br \/>\nFormat: 16.5&#215;23.5cm<br \/>\nLiczba stron: 236<br \/>\nRok wydania: 2014<\/p>\n<p>Nowoczesny podr\u0119cznik adresowany do spawaczy i personelu nadzoruj\u0105cego prace spawalnicze oraz innych os\u00f3b, zajmuj\u0105cych si\u0119 spawalnictwem. Jest to ksi\u0105\u017cka dla praktyk\u00f3w. Podr\u0119cznik obejmuje podstawowe zagadnienia dotycz\u0105ce powszechnie stosowanych metod spawania. Zawiera om\u00f3wienie temat\u00f3w uj\u0119tych w programach kurs\u00f3w spawania i dlatego jest przydatny dla uczestnik\u00f3w r\u00f3\u017cnych kierunk\u00f3w szkolenia, a zw\u0142aszcza w zakresie spawania gazowego, \u0142ukowego elektrodami otulonymi i \u0142ukowego w os\u0142onie gaz\u00f3w metodami MIG, MAG i TG. Ksi\u0105\u017cka ta otwiera cykl podr\u0119cznik\u00f3w po\u015bwi\u0119conych poszczeg\u00f3lnym metodom spawania.<\/p>\n","protected":false},"excerpt":{"rendered":"<p>Autor: Witold Mizerski Wydawca: Rea Oprawa: Mi\u0119kka Format: 16.5&#215;23.5cm Liczba [&hellip;]<\/p>\n","protected":false},"featured_media":10152,"template":"","meta":[],"product_brand":[],"product_cat":[7722,41],"product_tag":[4140],"class_list":{"0":"post-10151","1":"product","2":"type-product","3":"status-publish","4":"has-post-thumbnail","6":"product_cat-energetyka","7":"product_cat-nauki-techniczne","8":"product_tag-spawalnictwo","10":"first","11":"instock","12":"sale","13":"shipping-taxable","14":"purchasable","15":"product-type-simple"},"_links":{"self":[{"href":"https:\/\/ksiegarnia-akademicka.pl\/index.php\/wp-json\/wp\/v2\/product\/10151","targetHints":{"allow":["GET"]}}],"collection":[{"href":"https:\/\/ksiegarnia-akademicka.pl\/index.php\/wp-json\/wp\/v2\/product"}],"about":[{"href":"https:\/\/ksiegarnia-akademicka.pl\/index.php\/wp-json\/wp\/v2\/types\/product"}],"wp:featuredmedia":[{"embeddable":true,"href":"https:\/\/ksiegarnia-akademicka.pl\/index.php\/wp-json\/wp\/v2\/media\/10152"}],"wp:attachment":[{"href":"https:\/\/ksiegarnia-akademicka.pl\/index.php\/wp-json\/wp\/v2\/media?parent=10151"}],"wp:term":[{"taxonomy":"product_brand","embeddable":true,"href":"https:\/\/ksiegarnia-akademicka.pl\/index.php\/wp-json\/wp\/v2\/product_brand?post=10151"},{"taxonomy":"product_cat","embeddable":true,"href":"https:\/\/ksiegarnia-akademicka.pl\/index.php\/wp-json\/wp\/v2\/product_cat?post=10151"},{"taxonomy":"product_tag","embeddable":true,"href":"https:\/\/ksiegarnia-akademicka.pl\/index.php\/wp-json\/wp\/v2\/product_tag?post=10151"}],"curies":[{"name":"wp","href":"https:\/\/api.w.org\/{rel}","templated":true}]}}