{"id":101,"date":"2018-05-22T12:40:46","date_gmt":"2018-05-22T10:40:46","guid":{"rendered":"http:\/\/ksiegarnia-akademicka.pl\/index.php\/product\/wybrane-elementy-finansow-zakladu-ubezpieczen\/"},"modified":"2026-02-06T10:21:54","modified_gmt":"2026-02-06T09:21:54","slug":"wybrane-elementy-finansow-zakladu-ubezpieczen","status":"publish","type":"product","link":"https:\/\/ksiegarnia-akademicka.pl\/index.php\/product\/wybrane-elementy-finansow-zakladu-ubezpieczen\/","title":{"rendered":"Wybrane elementy finans\u00f3w zak\u0142adu ubezpiecze\u0144"},"content":{"rendered":"<p>Lament Marzanna, R\u00f3\u017cycki Pawe\u0142<br \/>\nWydawnictwo Politechniki Radomskiej 2003<\/p>\n","protected":false},"excerpt":{"rendered":"<p>Lament Marzanna, R\u00f3\u017cycki Pawe\u0142 Wydawnictwo Politechniki Radomskiej 2003<\/p>\n","protected":false},"featured_media":9647,"template":"","meta":[],"product_brand":[],"product_cat":[21],"product_tag":[251,249],"class_list":{"0":"post-101","1":"product","2":"type-product","3":"status-publish","4":"has-post-thumbnail","6":"product_cat-ubezpieczenia","7":"product_tag-finanse","8":"product_tag-ubezpieczenia","10":"first","11":"outofstock","12":"sale","13":"shipping-taxable","14":"purchasable","15":"product-type-simple"},"_links":{"self":[{"href":"https:\/\/ksiegarnia-akademicka.pl\/index.php\/wp-json\/wp\/v2\/product\/101","targetHints":{"allow":["GET"]}}],"collection":[{"href":"https:\/\/ksiegarnia-akademicka.pl\/index.php\/wp-json\/wp\/v2\/product"}],"about":[{"href":"https:\/\/ksiegarnia-akademicka.pl\/index.php\/wp-json\/wp\/v2\/types\/product"}],"wp:featuredmedia":[{"embeddable":true,"href":"https:\/\/ksiegarnia-akademicka.pl\/index.php\/wp-json\/wp\/v2\/media\/9647"}],"wp:attachment":[{"href":"https:\/\/ksiegarnia-akademicka.pl\/index.php\/wp-json\/wp\/v2\/media?parent=101"}],"wp:term":[{"taxonomy":"product_brand","embeddable":true,"href":"https:\/\/ksiegarnia-akademicka.pl\/index.php\/wp-json\/wp\/v2\/product_brand?post=101"},{"taxonomy":"product_cat","embeddable":true,"href":"https:\/\/ksiegarnia-akademicka.pl\/index.php\/wp-json\/wp\/v2\/product_cat?post=101"},{"taxonomy":"product_tag","embeddable":true,"href":"https:\/\/ksiegarnia-akademicka.pl\/index.php\/wp-json\/wp\/v2\/product_tag?post=101"}],"curies":[{"name":"wp","href":"https:\/\/api.w.org\/{rel}","templated":true}]}}