{"id":10069,"date":"2019-01-04T15:46:59","date_gmt":"2019-01-04T14:46:59","guid":{"rendered":"http:\/\/ksiegarnia-akademicka.pl\/?post_type=product&#038;p=10069"},"modified":"2019-01-04T16:26:04","modified_gmt":"2019-01-04T15:26:04","slug":"prawo-farmaceutyczne-dla-aptek-czesc-1","status":"publish","type":"product","link":"https:\/\/ksiegarnia-akademicka.pl\/index.php\/product\/prawo-farmaceutyczne-dla-aptek-czesc-1\/","title":{"rendered":"Prawo farmaceutyczne dla aptek Cz\u0119\u015b\u0107 1"},"content":{"rendered":"<p>Nale\u017cy do serii:<br \/>\nPORADNIKI ABC<br \/>\nAutor:<br \/>\nMonika Kwiatkowska<br \/>\nWydawca: Wolters Kluwer<br \/>\nOprawa: Mi\u0119kka<br \/>\nFormat: 14.5&#215;20.5cm<br \/>\nLiczba stron: 284<br \/>\nWydanie: 2<br \/>\nRok wydania: 2017<\/p>\n<p>Ksi\u0105\u017cka stanowi kompendium wiedzy na temat zak\u0142adania i prowadzenia aptek oraz punkt\u00f3w aptecznych, a tak\u017ce funkcjonowania aptek internetowych w nowych realiach prawnych. Przedstawia szczeg\u00f3\u0142ow\u0105 analiz\u0119 kluczowych akt\u00f3w prawnych z zakresu prawa farmaceutycznego, w tym zapis\u00f3w ustawy refundacyjnej. Prezentuje r\u00f3wnie\u017c aktualne orzecznictwo, decyzje inspekcji farmaceutycznej, urz\u0119dowe interpretacje przepis\u00f3w prawnych oraz praktyczne rozwi\u0105zania problem\u00f3w nurtuj\u0105cych \u015brodowisko aptekarskie. Opracowanie zawiera ponadto wzory dokument\u00f3w z obja\u015bnieniami niezb\u0119dnych do funkcjonowania apteki, a tak\u017ce informacje na temat zawodu farmaceuty, w tym koniecznych kwalifikacji i wymog\u00f3w do jego wykonywania. <\/p>\n<p>W drugim wydaniu uaktualniono i poszerzono poradnik o nowe zmiany w prawie farmaceutycznym dotycz\u0105ce m.in.:<br \/>\n&#8211; zakazu odwr\u00f3conej dystrybucji produkt\u00f3w leczniczych,<br \/>\n&#8211; nowych obowi\u0105zk\u00f3w na\u0142o\u017conych na apteki, w tym obowi\u0105zek przekazywania informacji do Zintegrowanego Systemu Monitorowania Obrotu Produktami Leczniczymi,<br \/>\n&#8211; zasad odbywania kszta\u0142cenia zar\u00f3wno specjalizacyjnego, jak i ci\u0105g\u0142ego farmaceut\u00f3w,<br \/>\n&#8211; sprzeda\u017cy produkt\u00f3w leczniczych zawieraj\u0105cych w sk\u0142adzie substancje o dzia\u0142aniu psychoaktywnym,<br \/>\n&#8211; sk\u0142adania wniosku o wydanie zezwolenia na prowadzenie apteki og\u00f3lnodost\u0119pnej.<\/p>\n<p>Stan prawny na 19 grudnia 2016 roku<\/p>\n","protected":false},"excerpt":{"rendered":"<p>Nale\u017cy do serii: PORADNIKI ABC Autor: Monika Kwiatkowska Wydawca: Wolters [&hellip;]<\/p>\n","protected":false},"featured_media":10070,"template":"","meta":[],"product_brand":[],"product_cat":[7491,7495,7493,7625,18],"product_tag":[4269,4720],"class_list":{"0":"post-10069","1":"product","2":"type-product","3":"status-publish","4":"has-post-thumbnail","6":"product_cat-cywilne","7":"product_cat-gospodarcze-i-handlowe","8":"product_cat-medycyna","9":"product_cat-nauki-o-zdrowiu","10":"product_cat-prawo","11":"product_tag-farmacja","12":"product_tag-prawo-farmaceutyczne","14":"first","15":"instock","16":"sale","17":"shipping-taxable","18":"purchasable","19":"product-type-simple"},"_links":{"self":[{"href":"https:\/\/ksiegarnia-akademicka.pl\/index.php\/wp-json\/wp\/v2\/product\/10069","targetHints":{"allow":["GET"]}}],"collection":[{"href":"https:\/\/ksiegarnia-akademicka.pl\/index.php\/wp-json\/wp\/v2\/product"}],"about":[{"href":"https:\/\/ksiegarnia-akademicka.pl\/index.php\/wp-json\/wp\/v2\/types\/product"}],"wp:featuredmedia":[{"embeddable":true,"href":"https:\/\/ksiegarnia-akademicka.pl\/index.php\/wp-json\/wp\/v2\/media\/10070"}],"wp:attachment":[{"href":"https:\/\/ksiegarnia-akademicka.pl\/index.php\/wp-json\/wp\/v2\/media?parent=10069"}],"wp:term":[{"taxonomy":"product_brand","embeddable":true,"href":"https:\/\/ksiegarnia-akademicka.pl\/index.php\/wp-json\/wp\/v2\/product_brand?post=10069"},{"taxonomy":"product_cat","embeddable":true,"href":"https:\/\/ksiegarnia-akademicka.pl\/index.php\/wp-json\/wp\/v2\/product_cat?post=10069"},{"taxonomy":"product_tag","embeddable":true,"href":"https:\/\/ksiegarnia-akademicka.pl\/index.php\/wp-json\/wp\/v2\/product_tag?post=10069"}],"curies":[{"name":"wp","href":"https:\/\/api.w.org\/{rel}","templated":true}]}}